{"id":1571,"date":"2025-09-09T12:23:21","date_gmt":"2025-09-09T12:23:21","guid":{"rendered":"https:\/\/wljk3.com\/?post_type=product&#038;p=1571"},"modified":"2025-09-15T03:41:16","modified_gmt":"2025-09-15T03:41:16","slug":"collectors-grade-natural-brazilian-black-rutilated-quartz-bracelet-black-crystal-couples-rutilated-quartz-bracelet-mens-gift-for-women","status":"publish","type":"product","link":"https:\/\/wljk3.com\/de\/produkt\/collectors-grade-natural-brazilian-black-rutilated-quartz-bracelet-black-crystal-couples-rutilated-quartz-bracelet-mens-gift-for-women\/","title":{"rendered":"Collector's Grade Natural Brazilian Black Rutilated Quartz Armband Black Crystal Couple's Rutilated Quartz Armband Men's Gift for Women"},"content":{"rendered":"<p>Der brasilianische schwarze Kristall hat die Herzen der Kristallliebhaber mit seinem einzigartigen optischen Charme und seinen energetischen Eigenschaften erobert. Seine Farbe ist nicht nur ein einfaches Schwarz.<\/p>\n<p>Stattdessen hat er eine tiefschwarze Basis, die haar- oder nadel\u00e4hnliche Einschl\u00fcsse enth\u00e4lt. Die meisten dieser Einschl\u00fcsse sind schwarzer Turmalin.<\/p>\n<p>Wenn Licht auf sie f\u00e4llt, zeigen sie einen feinen metallischen Glanz, so wie Sterne, die \u00fcber den Nachthimmel verstreut sind. Dies verleiht dem gesamten Kristall einen feierlichen und geheimnisvollen, aber auch lebendigen Look.<\/p>\n<p>Funktionen und Vorteile<\/p>\n<p>Der brasilianische schwarze Kristall gilt als \"Energie-Reinigungsstein\". Er kann helfen, negative Energie aus der Umgebung zu entfernen und \u00c4ngste abzubauen. Er eignet sich besonders f\u00fcr Menschen, die lange Zeit unter hohem Druck arbeiten oder sich in komplexen sozialen Situationen befinden.<\/p>\n<p>Nach dem Tragen kann man inneren Frieden und eine Verbesserung der Konzentration sp\u00fcren. Vom praktischen Standpunkt aus betrachtet ist es aufgrund seiner harten physikalischen Beschaffenheit (mit einer Mohsh\u00e4rte von etwa 7) sehr verschlei\u00dffest.<\/p>\n<p>Es kann beim t\u00e4glichen Tragen nicht so leicht zerkratzt werden und hat daher eine l\u00e4ngere Lebensdauer. Es kombiniert sowohl dekorative als auch praktische Eigenschaften.<\/p>\n<p>Bewertung der Qualit\u00e4t<\/p>\n<p>Achten Sie bei der Beurteilung der Qualit\u00e4t auf drei wichtige Aspekte.<\/p>\n<p>1. Erstens die Transparenz des Kristalls. Hochwertiger schwarzer Kristall hat nur wenige Unreinheiten im Inneren. Sie k\u00f6nnen nur klare schwarze haar\u00e4hnliche Einschl\u00fcsse sehen, ohne offensichtliche watte\u00e4hnliche Substanzen oder Eisrisse.<\/p>\n<p>2. ist die Verteilung der schwarzen Haare - wie Einschl\u00fcsse. Diejenigen, die gleichm\u00e4\u00dfig verteilt sind und nat\u00fcrlich strahlen, sind wertvoller. Vermeiden Sie solche, die unordentlich oder verklumpt sind.<\/p>\n<p>3. der dritte Punkt ist die Herkunft. Schwarze Kristalle aus brasilianischen Anbaugebieten haben aufgrund der besonderen geologischen Bedingungen dort mehr Einschl\u00fcsse. Ihr Kristallglanz ist viel besser als der von Kristallen aus anderen Gebieten.<\/p>\n<p>Beim Kauf k\u00f6nnen Sie die Herkunft und die Qualit\u00e4t durch ein offizielles Identifikationszertifikat best\u00e4tigen.<\/p>\n<p>After - Sales Service<\/p>\n<p>Wir bieten einen umfassenden Kundendienst. Sollten nach dem Kauf Probleme auftreten, wie z.B. Risse in nicht k\u00fcnstlich hergestellten Gl\u00e4sern oder das Herunterfallen von Gl\u00e4sern, k\u00f6nnen Sie innerhalb eines bestimmten Zeitraums eine kostenlose Reparatur oder einen Ersatz erhalten.<\/p>\n<p>Einige Marken bieten auch lebenslange Pflege an, wie z.B. regelm\u00e4\u00dfiges Reinigen und Polieren, um den transparenten Glanz des Kristalls zu erhalten.<\/p>\n<p>Gleichzeitig wird ein Identifikationszertifikat ausgestellt, um sicherzustellen, dass es sich um einen nat\u00fcrlichen Kristall handelt und um zu verhindern, dass minderwertige Produkte als gute Produkte ausgegeben werden.<\/p>\n<p>Eins-zu-eins-Anpassung<br \/>\nIndividuelle Anpassung an die pers\u00f6nlichen Bed\u00fcrfnisse.<br \/>\nSie k\u00f6nnen alles anpassen, von der Materialauswahl bis zum Designstil.<\/p>\n<p>Sie k\u00f6nnen den Kristall mit K - Gold oder Silber kombinieren, um einzigartige Ringe oder Anh\u00e4nger zu kreieren. Sie k\u00f6nnen auch Schnitzmuster auf der Grundlage Ihrer pers\u00f6nlichen Geschichten anpassen und die Gr\u00f6\u00dfe und Farbintensit\u00e4t des Kristalls bestimmen.<\/p>\n<p>Auf diese Weise wird jeder Kristallschmuck zu einer einzigartigen, exklusiven Kollektion, die sowohl f\u00fcr den pers\u00f6nlichen Gebrauch als auch als Geschenk von gro\u00dfer Bedeutung ist.<\/p>","protected":false},"excerpt":{"rendered":"<p>Brazilian black crystal has won the hearts of crystal lovers with its unique visual charm and energy properties. Its color isn&#8217;t just a plain black. Instead, it has a deep black base that contains hair &#8211; like or needle &#8211; like inclusions. Most of these inclusions are black tourmaline. When light shines on them, they [&hellip;]<\/p>","protected":false},"featured_media":1573,"comment_status":"open","ping_status":"closed","template":"","meta":[],"product_brand":[],"product_cat":[42],"product_tag":[],"class_list":{"0":"post-1571","1":"product","2":"type-product","3":"status-publish","4":"has-post-thumbnail","6":"product_cat-pure-color-crystal","8":"first","9":"instock","10":"shipping-taxable","11":"purchasable","12":"product-type-simple"},"_links":{"self":[{"href":"https:\/\/wljk3.com\/de\/wp-json\/wp\/v2\/product\/1571","targetHints":{"allow":["GET"]}}],"collection":[{"href":"https:\/\/wljk3.com\/de\/wp-json\/wp\/v2\/product"}],"about":[{"href":"https:\/\/wljk3.com\/de\/wp-json\/wp\/v2\/types\/product"}],"replies":[{"embeddable":true,"href":"https:\/\/wljk3.com\/de\/wp-json\/wp\/v2\/comments?post=1571"}],"wp:featuredmedia":[{"embeddable":true,"href":"https:\/\/wljk3.com\/de\/wp-json\/wp\/v2\/media\/1573"}],"wp:attachment":[{"href":"https:\/\/wljk3.com\/de\/wp-json\/wp\/v2\/media?parent=1571"}],"wp:term":[{"taxonomy":"product_brand","embeddable":true,"href":"https:\/\/wljk3.com\/de\/wp-json\/wp\/v2\/product_brand?post=1571"},{"taxonomy":"product_cat","embeddable":true,"href":"https:\/\/wljk3.com\/de\/wp-json\/wp\/v2\/product_cat?post=1571"},{"taxonomy":"product_tag","embeddable":true,"href":"https:\/\/wljk3.com\/de\/wp-json\/wp\/v2\/product_tag?post=1571"}],"curies":[{"name":"wp","href":"https:\/\/api.w.org\/{rel}","templated":true}]}}