{"id":1578,"date":"2025-09-09T12:25:25","date_gmt":"2025-09-09T12:25:25","guid":{"rendered":"https:\/\/wljk3.com\/?post_type=product&#038;p=1578"},"modified":"2025-09-15T03:42:28","modified_gmt":"2025-09-15T03:42:28","slug":"natural-white-crystal-bracelet-for-women-collectors-grade-brazilian-raw-stone-genuine-crystal-bracelet-for-women-couples-gift","status":"publish","type":"product","link":"https:\/\/wljk3.com\/de\/produkt\/natural-white-crystal-bracelet-for-women-collectors-grade-brazilian-raw-stone-genuine-crystal-bracelet-for-women-couples-gift\/","title":{"rendered":"Nat\u00fcrliches wei\u00dfes Kristallarmband f\u00fcr Frauen Sammlerqualit\u00e4t brasilianischer Rohstein Echtes Kristallarmband f\u00fcr Frauen Geschenk f\u00fcr Paare"},"content":{"rendered":"<p>Wei\u00dfes Kristall hat die Reinheit als Hauptmerkmal seiner Farbe. Seine Hauptfarbe ist farblos und transparent, so klar wie erstarrtes Mondlicht. Einige Kristalle weisen aufgrund winziger Verunreinigungen einen sehr schwachen milchig-wei\u00dfen oder hellgrauen Ton auf.<\/p>\n<p>Wenn sich das Licht in ihnen bricht, geben sie einen sanften Silberglanz ab. Je transparenter und frei von Unreinheiten ein wei\u00dfer Kristall ist, desto eleganter und klarer wirkt er.<\/p>\n<p>Funktionen und Vorteile<\/p>\n<p>In der Kristallkultur gilt der wei\u00dfe Kristall als \"Energie-Reinigungsstein\". Er kann helfen, \u00c4ngste zu lindern. Er ist besonders f\u00fcr Menschen geeignet, die unter gro\u00dfem Druck stehen.<\/p>\n<p>Sie k\u00f6nnen ihn neben sich legen, w\u00e4hrend Sie arbeiten oder sich ausruhen, um Ihren Geist zu beruhigen. Gleichzeitig wird er oft als \"konzentrationsf\u00f6rdernder Stein\" angesehen. Studenten oder B\u00fcroangestellte k\u00f6nnen ihn auf ihren Schreibtisch legen, um Ablenkungen von au\u00dfen zu reduzieren und die Arbeitseffizienz zu verbessern.<\/p>\n<p>Aus praktischer Sicht sind Accessoires in wei\u00dfem Kristall von hoher Qualit\u00e4t (wie Armb\u00e4nder und Anh\u00e4nger) sowohl dekorativ als auch angenehm zu tragen.<\/p>\n<p>Wenn Sie sie lange Zeit tragen, k\u00f6nnen Sie Ihren t\u00e4glichen Outfits einen schlichten und hochwertigen Touch verleihen.<\/p>\n<p>Bewertung der Qualit\u00e4t<br \/>\nEs gibt drei wichtige Punkte, um die Qualit\u00e4t von wei\u00dfem Kristall zu beurteilen.<\/p>\n<p>1. ist die \"Klarheit\". Die Kristalle ohne baumwollartige Substanzen, Eisrisse oder Verunreinigungen im Inneren sind die besten. Je weniger watte\u00e4hnliche Substanzen vorhanden sind, desto wertvoller ist der Kristall.<\/p>\n<p>2. die \"Transparenz\". Hochwertiges wei\u00dfes Kristall hat eine extrem hohe Lichtdurchl\u00e4ssigkeit. Wenn Sie es gegen das Licht halten, k\u00f6nnen Sie kaum Hindernisse sehen, so klar wie Glas.<\/p>\n<p>3. der dritte Punkt ist \"Unversehrtheit\". Kristalle ohne Besch\u00e4digungen und mit regelm\u00e4\u00dfigen Formen (wie sechseckige Prismenkristalle mit klaren Kanten und Ecken) sind von besserer Qualit\u00e4t.<\/p>\n<p>Unter ihnen sind nat\u00fcrlich geformte, doppelspitzige Kristalle aufgrund ihrer einzigartigen Formen bei der Qualit\u00e4tseinstufung vorteilhafter.<\/p>\n<p>After - Sales Service<br \/>\nWir bieten einen umfassenden Kundendienst. Wenn es nach dem Kauf zu Problemen kommt, wie z.B. Risse in nicht k\u00fcnstlich hergestellten Kristallen oder das Abfallen von<\/p>\n<p>k\u00f6nnen Sie eine kostenlose Reparatur oder einen kostenlosen Ersatz innerhalb eines bestimmten Zeitraums in Anspruch nehmen. Einige Marken bieten auch lebenslange Pflege an, wie z.B. regelm\u00e4\u00dfiges Reinigen und Polieren, um den transparenten Glanz des Kristalls zu erhalten.<\/p>\n<p>Gleichzeitig wird ein Identifikationszertifikat ausgestellt, um sicherzustellen, dass es sich um einen nat\u00fcrlichen Kristall handelt und um zu verhindern, dass minderwertige Produkte als gute Produkte ausgegeben werden.<\/p>\n<p>Eins-zu-eins-Anpassung<br \/>\nDie individuelle Anpassung erf\u00fcllt Ihre pers\u00f6nlichen Bed\u00fcrfnisse. Sie k\u00f6nnen alles anpassen, von der Materialauswahl bis zum Designstil.<\/p>\n<p>Sie k\u00f6nnen den Kristall mit K - Gold oder Silber kombinieren, um einzigartige Ringe oder Anh\u00e4nger zu kreieren.<\/p>\n<p>Sie k\u00f6nnen auch Schnitzmuster auf der Grundlage Ihrer pers\u00f6nlichen Geschichten anpassen und die Gr\u00f6\u00dfe und Farbintensit\u00e4t des Kristalls bestimmen.<\/p>\n<p>Auf diese Weise wird jedes Kristall-Accessoire zu einer einzigartigen, exklusiven Kollektion, die sowohl f\u00fcr den pers\u00f6nlichen Gebrauch als auch als Geschenk von gro\u00dfer Bedeutung ist.<\/p>","protected":false},"excerpt":{"rendered":"<p>White crystal takes purity as its core color feature. Its mainstream color is colorless and transparent, as clear as solidified moonlight. Some crystals, due to tiny impurities, show a very faint milky &#8211; white or light gray tone. When light refracts through them, they give off a soft silver sheen. The more transparent and impurity [&hellip;]<\/p>","protected":false},"featured_media":1580,"comment_status":"open","ping_status":"closed","template":"","meta":[],"product_brand":[],"product_cat":[42],"product_tag":[],"class_list":{"0":"post-1578","1":"product","2":"type-product","3":"status-publish","4":"has-post-thumbnail","6":"product_cat-pure-color-crystal","8":"first","9":"instock","10":"shipping-taxable","11":"purchasable","12":"product-type-simple"},"_links":{"self":[{"href":"https:\/\/wljk3.com\/de\/wp-json\/wp\/v2\/product\/1578","targetHints":{"allow":["GET"]}}],"collection":[{"href":"https:\/\/wljk3.com\/de\/wp-json\/wp\/v2\/product"}],"about":[{"href":"https:\/\/wljk3.com\/de\/wp-json\/wp\/v2\/types\/product"}],"replies":[{"embeddable":true,"href":"https:\/\/wljk3.com\/de\/wp-json\/wp\/v2\/comments?post=1578"}],"wp:featuredmedia":[{"embeddable":true,"href":"https:\/\/wljk3.com\/de\/wp-json\/wp\/v2\/media\/1580"}],"wp:attachment":[{"href":"https:\/\/wljk3.com\/de\/wp-json\/wp\/v2\/media?parent=1578"}],"wp:term":[{"taxonomy":"product_brand","embeddable":true,"href":"https:\/\/wljk3.com\/de\/wp-json\/wp\/v2\/product_brand?post=1578"},{"taxonomy":"product_cat","embeddable":true,"href":"https:\/\/wljk3.com\/de\/wp-json\/wp\/v2\/product_cat?post=1578"},{"taxonomy":"product_tag","embeddable":true,"href":"https:\/\/wljk3.com\/de\/wp-json\/wp\/v2\/product_tag?post=1578"}],"curies":[{"name":"wp","href":"https:\/\/api.w.org\/{rel}","templated":true}]}}