{"id":1585,"date":"2025-09-09T12:26:26","date_gmt":"2025-09-09T12:26:26","guid":{"rendered":"https:\/\/wljk3.com\/?post_type=product&#038;p=1585"},"modified":"2025-09-15T03:50:28","modified_gmt":"2025-09-15T03:50:28","slug":"premium-original-custom-made-crystal-bracelet-set-for-women","status":"publish","type":"product","link":"https:\/\/wljk3.com\/de\/produkt\/premium-original-custom-made-crystal-bracelet-set-for-women\/","title":{"rendered":"Premium Original Kristallarmband-Set f\u00fcr Frauen"},"content":{"rendered":"<p>Colorful Seven - Crystal hat \"siebenfarbiges, flie\u00dfendes Licht, klar und transparent\" als zentrales visuelles Merkmal. Seine Farben umfassen sieben Hauptfarbsysteme: Himmelblau, zartes Nebelrosa, Mondscheinwei\u00df, Obsidianschwarz, Smaragdgr\u00fcn, Champagnergold und helles Lavendelgrau.<\/p>\n<p>Jedes Modell verwendet ein spezielles Beschichtungsverfahren, das unter verschiedenen Lichtverh\u00e4ltnissen einen zarten Farbschimmer erzeugt. Es passt gut in die professionelle Atmosph\u00e4re medizinischer Einrichtungen und erf\u00fcllt auch die \u00e4sthetischen Anforderungen von Heim- oder B\u00fcroumgebungen.<\/p>\n<p>Funktionelle Merkmale<\/p>\n<p>Basierend auf den Hauptvorteilen der Farbultraschalltechnologie verf\u00fcgt es \u00fcber drei Hauptfunktionen: hochaufl\u00f6sende Bildgebung, pr\u00e4zise Erkennung und geringe Strahlung. Es kann f\u00fcr die t\u00e4gliche Gesundheits\u00fcberwachung und lokale Gewebeuntersuchungen eingesetzt werden.<\/p>\n<p>Mit seinem tragbaren Design erf\u00fcllt es die doppelte Anforderung, Notf\u00e4lle in der Familie zu erkennen und professionelle medizinische Hilfe zu leisten, und erm\u00f6glicht eine pr\u00e4zise \u00dcberwachung, ohne auf gro\u00dfe Ger\u00e4te angewiesen zu sein.<\/p>\n<p>Vorteile der Nutzung<\/p>\n<p>Die Vorteile liegen vor allem in der \"Bequemlichkeit\" und dem \"Seelenfrieden\". Sie brauchen keine komplizierten Operationen, sondern nur einen Knopf zu dr\u00fccken, um schnell Daten abzurufen, so dass auch Anf\u00e4nger das Ger\u00e4t leicht bedienen k\u00f6nnen.<\/p>\n<p>Gleichzeitig hat es mehrere Sicherheitszertifizierungen bestanden. Die Materialien sind umweltfreundlich und geruchsneutral, und es bestehen keine Gesundheitsrisiken bei l\u00e4ngerem Kontakt. Es ist besonders f\u00fcr empfindliche Personengruppen wie \u00e4ltere Menschen und Kinder geeignet.<\/p>\n<p>Qualit\u00e4tskontrolle<\/p>\n<p>Das farbenfrohe Sieben - Kristall folgt strengen Produktionsstandards. Die \u00e4u\u00dfere H\u00fclle besteht aus hochhartem, kratzfestem Kristallmaterial, das sto\u00dffest und verschlei\u00dffest ist und nicht zum Vergilben neigt.<\/p>\n<p>Die internen Kernkomponenten wurden alle 1.000-Stunden-Stabilit\u00e4tstests unterzogen, um sicherzustellen, dass die Genauigkeit auch bei langfristigem Gebrauch nicht abnimmt.<\/p>\n<p>Von der Auswahl des Rohmaterials bis zur Auslieferung des fertigen Produkts muss jede Einheit drei Qualit\u00e4tskontrollen durchlaufen, um zu verhindern, dass fehlerhafte Produkte auf den Markt kommen.<\/p>\n<p>After - Sales Service<br \/>\nDas Kundendienstsystem ist gut etabliert. Nach dem Kauf genie\u00dfen Sie 2 Jahre lang kostenlosen Garantieservice. Sollte es in dieser Zeit zu Qualit\u00e4tsproblemen kommen, die nicht von Menschen verursacht wurden, k\u00f6nnen Sie direkt einen Ersatz beantragen.<\/p>\n<p>Au\u00dferdem gibt es einen 7\u00d724 - Stunden Online-Kundenservice, bei dem professionelle Techniker Fragen zur Bedienung in Echtzeit beantworten, so dass Sie sich keine Sorgen um den Kundendienst machen m\u00fcssen.<\/p>\n<p>Eins-zu-eins-Anpassung<br \/>\nUm Ihre pers\u00f6nlichen Bed\u00fcrfnisse zu erf\u00fcllen, bieten wir einen individuellen Anpassungsservice an.<\/p>\n<p>Wir k\u00f6nnen die Funktionsparameter an die Nutzungsszenarien des Benutzers anpassen (z. B. medizinische Kliniken oder Heimgebrauch) und auch exklusive Farben anpassen.<\/p>\n<p>Von der Bedarfsermittlung bis zur Umsetzung des Plans wird ein engagierter Berater den gesamten Prozess begleiten, um sicherzustellen, dass das ma\u00dfgeschneiderte Produkt die Erwartungen des Benutzers vollst\u00e4ndig erf\u00fcllt.<\/p>","protected":false},"excerpt":{"rendered":"<p>Colorful seven &#8211; crystal takes &#8220;seven &#8211; colored flowing light, clear and transparent&#8221; as its core visual feature. Its colors cover seven major color systems: sky blue, soft mist pink, moonlight white, obsidian black, emerald green,champagne gold, and light lavender gray. Each model uses a special coating process, refracting a delicate gradient sheen under different [&hellip;]<\/p>","protected":false},"featured_media":1590,"comment_status":"open","ping_status":"closed","template":"","meta":[],"product_brand":[],"product_cat":[42],"product_tag":[],"class_list":{"0":"post-1585","1":"product","2":"type-product","3":"status-publish","4":"has-post-thumbnail","6":"product_cat-pure-color-crystal","8":"first","9":"instock","10":"shipping-taxable","11":"purchasable","12":"product-type-simple"},"_links":{"self":[{"href":"https:\/\/wljk3.com\/de\/wp-json\/wp\/v2\/product\/1585","targetHints":{"allow":["GET"]}}],"collection":[{"href":"https:\/\/wljk3.com\/de\/wp-json\/wp\/v2\/product"}],"about":[{"href":"https:\/\/wljk3.com\/de\/wp-json\/wp\/v2\/types\/product"}],"replies":[{"embeddable":true,"href":"https:\/\/wljk3.com\/de\/wp-json\/wp\/v2\/comments?post=1585"}],"wp:featuredmedia":[{"embeddable":true,"href":"https:\/\/wljk3.com\/de\/wp-json\/wp\/v2\/media\/1590"}],"wp:attachment":[{"href":"https:\/\/wljk3.com\/de\/wp-json\/wp\/v2\/media?parent=1585"}],"wp:term":[{"taxonomy":"product_brand","embeddable":true,"href":"https:\/\/wljk3.com\/de\/wp-json\/wp\/v2\/product_brand?post=1585"},{"taxonomy":"product_cat","embeddable":true,"href":"https:\/\/wljk3.com\/de\/wp-json\/wp\/v2\/product_cat?post=1585"},{"taxonomy":"product_tag","embeddable":true,"href":"https:\/\/wljk3.com\/de\/wp-json\/wp\/v2\/product_tag?post=1585"}],"curies":[{"name":"wp","href":"https:\/\/api.w.org\/{rel}","templated":true}]}}