{"id":1592,"date":"2025-09-09T12:27:17","date_gmt":"2025-09-09T12:27:17","guid":{"rendered":"https:\/\/wljk3.com\/?post_type=product&#038;p=1592"},"modified":"2025-09-15T03:50:34","modified_gmt":"2025-09-15T03:50:34","slug":"natural-star-light-pink-quartz-bracelet-pink-crystal-round-bead-bracelet-genuine-natural-pink-quartz","status":"publish","type":"product","link":"https:\/\/wljk3.com\/de\/produkt\/natural-star-light-pink-quartz-bracelet-pink-crystal-round-bead-bracelet-genuine-natural-pink-quartz\/","title":{"rendered":"Nat\u00fcrlicher Stern Hellrosa Quarz Armband Rosa Kristall Rundes Perlenarmband Echter nat\u00fcrlicher rosa Quarz"},"content":{"rendered":"<p>Der rosafarbene Kristall, der auch als Rosenquarz oder Pfingstrosenquarz bekannt ist, hat sich dank seiner einzigartigen Farbe und Energie zu einem sehr beliebten Edelstein entwickelt.<\/p>\n<p>Sein rosa Farbton ist so zart und s\u00fc\u00df wie die Kirschbl\u00fcten im Fr\u00fchling. Von hellem Pastellrosa bis hin zu sattem Rosarot reichen die verschiedenen Schattierungen, die dem unterschiedlichen Streben der Menschen nach Sch\u00f6nheit entsprechen, genau wie die romantischen und vertr\u00e4umten Gedanken eines jungen M\u00e4dchens.<\/p>\n<p>Emotionale und zwischenmenschliche Vorteile<\/p>\n<p>Der rosa Kristall ist als \"Liebesstein\" bekannt und hat eine bemerkenswerte Wirkung auf die Emotionen. Singles, die ihn tragen, k\u00f6nnen das rosafarbene Licht in ihrer Aura verst\u00e4rken, ihren pers\u00f6nlichen Charme steigern, mehr Aufmerksamkeit vom anderen Geschlecht auf sich ziehen und die Chance erh\u00f6hen, einen Partner zu finden.<\/p>\n<p>F\u00fcr Verliebte kann es die emotionale Kommunikation zwischen Paaren f\u00f6rdern, das gegenseitige Verst\u00e4ndnis und die Toleranz verbessern und die Liebe s\u00fc\u00dfer und stabiler machen.<\/p>\n<p>Bei Verheirateten hilft sie, die eheliche Harmonie zu erhalten und Konflikte zwischen den Ehepartnern zu verringern. Auch in zwischenmenschlichen Beziehungen kann es eine Rolle spielen. Es tr\u00e4gt dazu bei, die Abwehrkr\u00e4fte der anderen zu senken, macht die Menschen zug\u00e4nglicher und freundlicher und verbessert so ihre Beliebtheit, erleichtert Gesch\u00e4ftsbeziehungen und schafft eine harmonischere Atmosph\u00e4re im B\u00fcro.<\/p>\n<p>Au\u00dferdem entspricht der rosa Kristall dem Herzchakra. Er kann Spannungen und Gereiztheit lindern, das Magnetfeld des K\u00f6rpers regulieren, die Blutzirkulation f\u00f6rdern, die Herz- und Lungenfunktionen verbessern, k\u00f6rperliche M\u00fcdigkeit lindern und die Gesundheit des Menschen sch\u00fctzen.<\/p>\n<p>Qualit\u00e4tsmerkmale<\/p>\n<p>F\u00fcr hochwertige rosa Kristalle ist eine hohe Transparenz wichtig. Je weniger innere M\u00e4ngel wie Risse und Verunreinigungen, desto besser.<\/p>\n<p>Eine helle und gleichm\u00e4\u00dfige Farbe wird bevorzugt, mit einer nat\u00fcrlichen und harmonischen Verteilung. Unter den g\u00e4ngigen Arten von rosa Kristallen haben rosa Kristalle eine runde und glatte Textur, eine zarte Farbe, keine wei\u00dfen Steinadern und eine Oberfl\u00e4che, die so feucht und glatt wie \u00d6l ist. Rosa Kristalle vom Typ Eis sind hochtransparent, klar wie Eis und f\u00fchlen sich k\u00fchl an.<\/p>\n<p>Es gibt nur wenige nat\u00fcrliche Wolken oder Eisrisse im Inneren, und sie haben eine rosa und zarte Textur. Star - hellrosa Kristalle haben keine Steinadern oder Risse. Unter einer einzigen Lichtquelle k\u00f6nnen Sie drei gerade Linien sehen, die sich in der Mitte kreuzen und sechs verschiedene Lichtstrahlen bilden. Die Textur ist nicht tr\u00fcbe, und er hat ein klares Stern - Licht und einen rosa und zarten Schimmer.<\/p>\n<p>Wert und Bedeutung<br \/>\nMit seinem einzigartigen Charme und seiner praktischen Wirkung ist der rosafarbene Kristall zu einem wertvollen Edelstein geworden, mit dem die Menschen ihre guten W\u00fcnsche verbinden und ihre Lebensbedingungen verbessern k\u00f6nnen. Er ist sehr wertvoll, egal ob Sie ihn t\u00e4glich tragen oder sammeln.<\/p>\n<p>After - Sales Service<\/p>\n<p>Wir bieten einen umfassenden Kundendienst. Sollte es nach dem Kauf zu Problemen kommen, wie z.B. Risse in nicht von Menschenhand geschaffenen Kristallen oder das Herunterfallen von Kristallen, k\u00f6nnen Sie innerhalb eines bestimmten Zeitraums kostenlose Reparatur- oder Ersatzleistungen in Anspruch nehmen.<\/p>\n<p>Einige Marken bieten auch eine lebenslange Pflege an, wie z.B. regelm\u00e4\u00dfiges Reinigen und Polieren, um den transparenten Glanz des Kristalls zu erhalten. Gleichzeitig wird ein Identifikationszertifikat ausgestellt, um sicherzustellen, dass es sich um einen nat\u00fcrlichen Kristall handelt und um zu verhindern, dass minderwertige Produkte als gute Produkte ausgegeben werden.<\/p>\n<p>Eins-zu-eins-Anpassung<br \/>\nDie individuelle Anpassung erf\u00fcllt Ihre pers\u00f6nlichen Bed\u00fcrfnisse. Sie k\u00f6nnen alles anpassen, von der Materialauswahl bis zum Designstil.<\/p>\n<p>Sie k\u00f6nnen den Kristall mit K - Gold oder Silber kombinieren, um einzigartige Ringe oder Anh\u00e4nger zu kreieren. Sie k\u00f6nnen auch Schnitzmuster auf der Grundlage Ihrer pers\u00f6nlichen Geschichten anpassen und die Gr\u00f6\u00dfe und Farbintensit\u00e4t des Kristalls bestimmen.<\/p>\n<p>Auf diese Weise wird jedes Kristall-Accessoire zu einer einzigartigen, exklusiven Kollektion, die sowohl f\u00fcr den pers\u00f6nlichen Gebrauch als auch als Geschenk von gro\u00dfer Bedeutung ist.<\/p>","protected":false},"excerpt":{"rendered":"<p>Pink crystal, also known as rose quartz or peony quartz, has become a highly &#8211; favored gemstone thanks to its unique color and energy. Its pink hue is as soft and sweet as the cherry blossoms in spring. Ranging from light pastel pink to rich rose pink, different shades meet people&#8217;s diverse pursuit of beauty, [&hellip;]<\/p>","protected":false},"featured_media":1597,"comment_status":"open","ping_status":"closed","template":"","meta":[],"product_brand":[],"product_cat":[42],"product_tag":[],"class_list":{"0":"post-1592","1":"product","2":"type-product","3":"status-publish","4":"has-post-thumbnail","6":"product_cat-pure-color-crystal","8":"first","9":"instock","10":"shipping-taxable","11":"purchasable","12":"product-type-simple"},"_links":{"self":[{"href":"https:\/\/wljk3.com\/de\/wp-json\/wp\/v2\/product\/1592","targetHints":{"allow":["GET"]}}],"collection":[{"href":"https:\/\/wljk3.com\/de\/wp-json\/wp\/v2\/product"}],"about":[{"href":"https:\/\/wljk3.com\/de\/wp-json\/wp\/v2\/types\/product"}],"replies":[{"embeddable":true,"href":"https:\/\/wljk3.com\/de\/wp-json\/wp\/v2\/comments?post=1592"}],"wp:featuredmedia":[{"embeddable":true,"href":"https:\/\/wljk3.com\/de\/wp-json\/wp\/v2\/media\/1597"}],"wp:attachment":[{"href":"https:\/\/wljk3.com\/de\/wp-json\/wp\/v2\/media?parent=1592"}],"wp:term":[{"taxonomy":"product_brand","embeddable":true,"href":"https:\/\/wljk3.com\/de\/wp-json\/wp\/v2\/product_brand?post=1592"},{"taxonomy":"product_cat","embeddable":true,"href":"https:\/\/wljk3.com\/de\/wp-json\/wp\/v2\/product_cat?post=1592"},{"taxonomy":"product_tag","embeddable":true,"href":"https:\/\/wljk3.com\/de\/wp-json\/wp\/v2\/product_tag?post=1592"}],"curies":[{"name":"wp","href":"https:\/\/api.w.org\/{rel}","templated":true}]}}