{"id":1601,"date":"2025-09-09T12:28:42","date_gmt":"2025-09-09T12:28:42","guid":{"rendered":"https:\/\/wljk3.com\/?post_type=product&#038;p=1601"},"modified":"2025-09-15T03:50:39","modified_gmt":"2025-09-15T03:50:39","slug":"ocean-blue-crystal-heart-bracelet-with-crystal-pearls-womens-wealth-attracting-jewelry","status":"publish","type":"product","link":"https:\/\/wljk3.com\/de\/produkt\/ocean-blue-crystal-heart-bracelet-with-crystal-pearls-womens-wealth-attracting-jewelry\/","title":{"rendered":"Ozeanblaues Kristall Herz Armband mit Kristallperlen Frauen Reichtum-anziehender Schmuck"},"content":{"rendered":"<p>Die Farbe ist die Seele von Aquamarin. Sie reicht vom hellen Blau eines flachen Strandes \u00fcber das klare Blau von schmelzendem Gletscherwasser bis hin zum tiefen Blau des Ozeans.<\/p>\n<p>Hochwertige Kristalle haben eine satte, gleichm\u00e4\u00dfige Farbe ohne andere Schattierungen, als ob ein reiner Ozean im Inneren des Kristalls eingeschlossen w\u00e4re. Unter dem Licht erscheint er noch lebendiger und transparenter.<\/p>\n<p>Funktionen und Vorteile<\/p>\n<p>Der Aquamarin ist weithin als \"emotionaler Heilstein\" anerkannt. Er hilft, \u00c4ngste zu lindern und Unruhe zu beruhigen. Er eignet sich besonders f\u00fcr Menschen, die unter hohem Druck stehen und leicht nerv\u00f6s werden.<\/p>\n<p>Wenn Sie ihn tragen, haben Sie das Gef\u00fchl, die frische Meeresluft einzuatmen, was Ihren Geist allm\u00e4hlich beruhigt. Gleichzeitig wird angenommen, dass er die Kommunikationsf\u00e4higkeiten verbessert und hilft, Ideen klar auszudr\u00fccken, was ihn ideal f\u00fcr diejenigen macht, die oft verhandeln, Reden halten oder sich sozial engagieren m\u00fcssen.<\/p>\n<p>F\u00fcr den t\u00e4glichen Gebrauch hat es eine erfrischende Textur, die Ihrem Outfit einen Hauch von nat\u00fcrlicher Eleganz verleiht. Ob allein getragen oder mit anderen Accessoires kombiniert, es kann Ihren gesamten Stil aufwerten.<\/p>\n<p>Bewertung der Qualit\u00e4t<\/p>\n<p>Sie k\u00f6nnen die Qualit\u00e4t eines Aquamarins anhand von drei Aspekten beurteilen.<\/p>\n<p>1. zun\u00e4chst die Farbe. Je intensiver und gleichm\u00e4\u00dfiger das Blau ist, desto wertvoller ist es. Hellblau ist frisch, aber weniger wertvoll.<\/p>\n<p>2. die Klarheit. Je weniger innere Baumwolle - wie Einschl\u00fcsse und Unreinheiten - desto transparenter ist der Kristall und desto h\u00f6her ist seine Qualit\u00e4t.<\/p>\n<p>3. der dritte ist der Schliff. Ein guter Schliff kann seine Farbe und seinen Glanz maximieren und den Kristall gl\u00e4nzender erscheinen lassen. Zum Beispiel unterstreichen birnenf\u00f6rmige und ovale Schliffe oft seine lebendige Sch\u00f6nheit.<\/p>\n<p>Tipps zur Pflege<br \/>\nWenn Sie sie t\u00e4glich tragen, vermeiden Sie Zusammenst\u00f6\u00dfe und hohe Temperaturen.<\/p>\n<p>Ein einfaches Abwischen mit einem weichen Tuch gen\u00fcgt zur Pflege, so dass dieses \"Geschenk des Meeres\" Sie lange begleiten wird.<\/p>\n<p>After - Sales Service<\/p>\n<p>Wir bieten einen umfassenden Kundendienst. Sollte es nach dem Kauf zu Problemen kommen, die nicht von Menschenhand verursacht wurden, wie z.B. Risse im Glas oder Herunterfallen des Glases, k\u00f6nnen Sie innerhalb eines bestimmten Zeitraums eine kostenlose Reparatur oder einen Ersatz in Anspruch nehmen.<\/p>\n<p>Einige Marken bieten auch lebenslange Pflege an, wie z.B. regelm\u00e4\u00dfiges Reinigen und Polieren, um den transparenten Glanz des Kristalls zu erhalten.<\/p>\n<p>In der Zwischenzeit wird ein Identifikationszertifikat beigef\u00fcgt, um sicherzustellen, dass es sich bei dem Produkt um einen nat\u00fcrlichen Kristall handelt und um zu verhindern, dass minderwertige Produkte als gute Produkte ausgegeben werden.<\/p>\n<p>Eins-zu-eins-Anpassung<br \/>\nDie individuelle Anpassung erf\u00fcllt Ihre pers\u00f6nlichen Bed\u00fcrfnisse. Sie k\u00f6nnen alles anpassen, von der Materialauswahl bis zum Designstil.<\/p>\n<p>Sie k\u00f6nnen den Kristall mit K - Gold oder Silber kombinieren, um einzigartige Ringe oder Anh\u00e4nger zu kreieren. Sie k\u00f6nnen auch Schnitzmuster auf der Grundlage Ihrer pers\u00f6nlichen Geschichten anpassen und die Gr\u00f6\u00dfe und Farbintensit\u00e4t des Kristalls bestimmen.<\/p>\n<p>Auf diese Weise wird jedes Kristall-Accessoire zu einer einzigartigen, exklusiven Kollektion, die sowohl f\u00fcr den pers\u00f6nlichen Gebrauch als auch als Geschenk von gro\u00dfer Bedeutung ist.<\/p>","protected":false},"excerpt":{"rendered":"<p>The color is the soul of aquamarine. It ranges from the light blue of a shallow beach and the clear blue of melting glacier water to the deep blue of the ocean. High &#8211; quality ones have a rich, even color with no other hues, as if a pure ocean is trapped inside the crystal. [&hellip;]<\/p>","protected":false},"featured_media":1606,"comment_status":"open","ping_status":"closed","template":"","meta":[],"product_brand":[],"product_cat":[42],"product_tag":[],"class_list":{"0":"post-1601","1":"product","2":"type-product","3":"status-publish","4":"has-post-thumbnail","6":"product_cat-pure-color-crystal","8":"first","9":"instock","10":"featured","11":"shipping-taxable","12":"purchasable","13":"product-type-simple"},"_links":{"self":[{"href":"https:\/\/wljk3.com\/de\/wp-json\/wp\/v2\/product\/1601","targetHints":{"allow":["GET"]}}],"collection":[{"href":"https:\/\/wljk3.com\/de\/wp-json\/wp\/v2\/product"}],"about":[{"href":"https:\/\/wljk3.com\/de\/wp-json\/wp\/v2\/types\/product"}],"replies":[{"embeddable":true,"href":"https:\/\/wljk3.com\/de\/wp-json\/wp\/v2\/comments?post=1601"}],"wp:featuredmedia":[{"embeddable":true,"href":"https:\/\/wljk3.com\/de\/wp-json\/wp\/v2\/media\/1606"}],"wp:attachment":[{"href":"https:\/\/wljk3.com\/de\/wp-json\/wp\/v2\/media?parent=1601"}],"wp:term":[{"taxonomy":"product_brand","embeddable":true,"href":"https:\/\/wljk3.com\/de\/wp-json\/wp\/v2\/product_brand?post=1601"},{"taxonomy":"product_cat","embeddable":true,"href":"https:\/\/wljk3.com\/de\/wp-json\/wp\/v2\/product_cat?post=1601"},{"taxonomy":"product_tag","embeddable":true,"href":"https:\/\/wljk3.com\/de\/wp-json\/wp\/v2\/product_tag?post=1601"}],"curies":[{"name":"wp","href":"https:\/\/api.w.org\/{rel}","templated":true}]}}