{"id":1608,"date":"2025-09-09T12:29:41","date_gmt":"2025-09-09T12:29:41","guid":{"rendered":"https:\/\/wljk3.com\/?post_type=product&#038;p=1608"},"modified":"2025-09-15T03:50:46","modified_gmt":"2025-09-15T03:50:46","slug":"collector-grade-black-rainbow-bracelet-for-men-and-women-high-end-custom-made-crystal-bracelet-with-seven-color-crystals","status":"publish","type":"product","link":"https:\/\/wljk3.com\/de\/produkt\/collector-grade-black-rainbow-bracelet-for-men-and-women-high-end-custom-made-crystal-bracelet-with-seven-color-crystals\/","title":{"rendered":"Schwarzes Regenbogen-Armband in Sammlerqualit\u00e4t f\u00fcr M\u00e4nner und Frauen Hochwertiges, ma\u00dfgeschneidertes Kristallarmband mit siebenfarbigen Kristallen"},"content":{"rendered":"<p>Der schwarze Regenbogenkristall sticht in der Kristallwelt mit seinen einzigartigen Farben als \"Sternenlicht in der dunklen Nacht\" hervor. Sein Hauptk\u00f6rper hat einen tiefschwarzen bis violetten Farbton, der an reife schwarze Johannisbeeren erinnert.<\/p>\n<p>Im Inneren enth\u00e4lt er winzige haar- oder punktf\u00f6rmige Einschl\u00fcsse in Rot, Gold, Silber und anderen Farben. Wenn Sie ihn unter dem Licht drehen, scheint es, als w\u00fcrde eine Galaxie funkeln, mit reichhaltigen Schichten und einer starken visuellen Wirkung. Jedes St\u00fcck hat ein einzigartiges Texturmuster.<\/p>\n<p>Funktionen und Vorteile<br \/>\nEr ist als \"Energie-Aggregator\" bekannt. Als eine besondere Art von Regenbogenkristall vereint er die Energien verschiedener Mineralien.<\/p>\n<p>Es hilft, Emotionen auszugleichen, \u00c4ngste und Stress abzubauen, besonders geeignet f\u00fcr Menschen, die unter hohem Druck stehen oder empfindliche Emotionen haben. Wenn Sie ihn \u00fcber einen l\u00e4ngeren Zeitraum tragen, kann er die pers\u00f6nliche Aura st\u00e4rken, die Konzentration und die Einsicht verbessern und helfen, die Gedanken im Leben und bei der Arbeit zu kl\u00e4ren.<\/p>\n<p>Aus der Sicht der Kristallkultur soll er auch die zwischenmenschliche Kommunikation f\u00f6rdern, positive soziale Energie bringen und den Tr\u00e4ger mit sanfter Vitalit\u00e4t erf\u00fcllen, um den allgemeinen Geisteszustand zu verbessern.<\/p>\n<p>Identifizierung der Qualit\u00e4t<br \/>\nEs gibt drei wichtige Punkte f\u00fcr die Identifizierung von Qualit\u00e4t.<\/p>\n<p>1. zuerst die Farbe. Reines Schwarz-Violett ohne andere Farben oder einen stumpfen Eindruck ist besser. Einschl\u00fcsse, die gleichm\u00e4\u00dfig verteilt sind und gl\u00e4nzen, sind wertvoller.<\/p>\n<p>2. die Klarheit. Obwohl Einschl\u00fcsse ein Merkmal sind, sind Kristalle ohne offensichtliche Risse, baumwollartige Substanzen und andere Fehler von h\u00f6herer Qualit\u00e4t.<\/p>\n<p>3. die Integrit\u00e4t. Bei geschnitzten St\u00fccken sollten die Linien glatt und ohne Absplitterungen sein. Bei Perlenketten sollten die Perlen eine einheitliche Gr\u00f6\u00dfe haben, rund und prall sein, um eine einheitliche Gesamtstruktur zu gew\u00e4hrleisten.<\/p>\n<p>After - Sales Unterst\u00fctzung<br \/>\nWir bieten Ihnen eine eindeutige Kundendienstpolitik. Innerhalb von 7 Tagen nach dem Kauf k\u00f6nnen Sie bei Qualit\u00e4tsproblemen, die nicht von Menschen verursacht wurden, die Ware kostenlos zur\u00fcckgeben oder umtauschen.<\/p>\n<p>Wir empfehlen Ihnen lebenslange Wartung, einschlie\u00dflich der t\u00e4glichen Reinigung mit einem weichen Tuch, der Vermeidung von Kontakt mit chemischen Reagenzien und der regelm\u00e4\u00dfigen Entmagnetisierung.<\/p>\n<p>Einige Marken legen auch Qualit\u00e4tszertifikate bei, um sicherzustellen, dass die Verbraucher echte Produkte kaufen und sich keine Sorgen machen m\u00fcssen.<\/p>\n<p>Eins-zu-eins-Anpassung<br \/>\nDer individuelle Anpassungsservice macht Black Rainbow Crystal noch exklusiver.<\/p>\n<p>Sie k\u00f6nnen die Art der Personalisierung nach Ihren Bed\u00fcrfnissen w\u00e4hlen, z.B. Schmuck wie Armb\u00e4nder, Anh\u00e4nger und Ringe oder Dekorationsartikel f\u00fcr Ihr Zuhause.<\/p>\n<p>Wir bieten personalisierte Designs an und k\u00f6nnen die Methode des Kristallschliffs an den Energiebedarf des Tr\u00e4gers anpassen.<\/p>\n<p>W\u00e4hrend des Anpassungsprozesses halten wir Sie in Echtzeit \u00fcber die Designentw\u00fcrfe und den Produktionsfortschritt auf dem Laufenden. So k\u00f6nnen wir sicherstellen, dass das Endprodukt Ihren Erwartungen entspricht und jedes individuelle St\u00fcck zu einem einzigartigen pers\u00f6nlichen Markenzeichen wird.<\/p>","protected":false},"excerpt":{"rendered":"<p>Black rainbow crystal stands out in the crystal world as &#8220;starlight in the dark night&#8221; with its unique colors. Its main body has a deep black &#8211; purple hue, like ripe black currant fruits. Inside, it contains tiny hair &#8211; like or dot &#8211; like inclusions in red, gold, silver, and other colors. When you [&hellip;]<\/p>","protected":false},"featured_media":1610,"comment_status":"open","ping_status":"closed","template":"","meta":[],"product_brand":[],"product_cat":[42],"product_tag":[],"class_list":{"0":"post-1608","1":"product","2":"type-product","3":"status-publish","4":"has-post-thumbnail","6":"product_cat-pure-color-crystal","8":"first","9":"instock","10":"featured","11":"shipping-taxable","12":"purchasable","13":"product-type-simple"},"_links":{"self":[{"href":"https:\/\/wljk3.com\/de\/wp-json\/wp\/v2\/product\/1608","targetHints":{"allow":["GET"]}}],"collection":[{"href":"https:\/\/wljk3.com\/de\/wp-json\/wp\/v2\/product"}],"about":[{"href":"https:\/\/wljk3.com\/de\/wp-json\/wp\/v2\/types\/product"}],"replies":[{"embeddable":true,"href":"https:\/\/wljk3.com\/de\/wp-json\/wp\/v2\/comments?post=1608"}],"wp:featuredmedia":[{"embeddable":true,"href":"https:\/\/wljk3.com\/de\/wp-json\/wp\/v2\/media\/1610"}],"wp:attachment":[{"href":"https:\/\/wljk3.com\/de\/wp-json\/wp\/v2\/media?parent=1608"}],"wp:term":[{"taxonomy":"product_brand","embeddable":true,"href":"https:\/\/wljk3.com\/de\/wp-json\/wp\/v2\/product_brand?post=1608"},{"taxonomy":"product_cat","embeddable":true,"href":"https:\/\/wljk3.com\/de\/wp-json\/wp\/v2\/product_cat?post=1608"},{"taxonomy":"product_tag","embeddable":true,"href":"https:\/\/wljk3.com\/de\/wp-json\/wp\/v2\/product_tag?post=1608"}],"curies":[{"name":"wp","href":"https:\/\/api.w.org\/{rel}","templated":true}]}}