{"id":1615,"date":"2025-09-09T12:30:33","date_gmt":"2025-09-09T12:30:33","guid":{"rendered":"https:\/\/wljk3.com\/?post_type=product&#038;p=1615"},"modified":"2025-09-15T03:50:50","modified_gmt":"2025-09-15T03:50:50","slug":"red-gold-and-rainbow-strawberry-colored-crystal-high-end-custom-made-crystal-bracelet","status":"publish","type":"product","link":"https:\/\/wljk3.com\/de\/produkt\/red-gold-and-rainbow-strawberry-colored-crystal-high-end-custom-made-crystal-bracelet\/","title":{"rendered":"Rotes, goldenes und regenbogenfarbenes erdbeerfarbenes High-End-Kristallarmband nach Ma\u00df"},"content":{"rendered":"<p>Der goldene Erdbeerquarz sticht in der Welt der Kristalle aufgrund seiner einzigartigen Farben als \"Sternenbote\" hervor. Seine Kernfarben sind eine Mischung aus sattem Goldgelb und Orange-Rot.<\/p>\n<p>Die Einschl\u00fcsse von H\u00e4matit oder Goethit im Inneren des Kristalls \u00e4hneln verstreuten Erdbeersamen oder winzigen Sternenlichtern unter Lichtbrechung. Von sanftem Hellgold bis hin zu luxuri\u00f6sem tiefem Orangegold hat jedes St\u00fcck seinen eigenen warmen Halo und bietet ein \u00e4u\u00dferst beruhigendes visuelles Erlebnis.<\/p>\n<p>Funktionen und Vorteile<\/p>\n<p>Der goldene Erdbeerquarz gilt als \"Energie-Powerbank\". Er kann helfen, \u00c4ngste zu lindern und Menschen, die unter gro\u00dfem Druck stehen, Gelassenheit zu vermitteln.<\/p>\n<p>Gleichzeitig wird angenommen, dass seine energetischen Eigenschaften das pers\u00f6nliche Selbstvertrauen st\u00e4rken, so dass man in sozialen oder beruflichen Situationen ein gelasseneres Auftreten an den Tag legen kann.<\/p>\n<p>Wenn Sie es \u00fcber einen l\u00e4ngeren Zeitraum tragen, kann es durch ein sanftes Energiefeld die Schlafqualit\u00e4t verbessern, so dass sich K\u00f6rper und Geist nachts besser entspannen und erholen k\u00f6nnen.<\/p>\n<p>Bewertung der Qualit\u00e4t<br \/>\nEs gibt drei wichtige Punkte, um seine Qualit\u00e4t zu beurteilen:<\/p>\n<p>1) Kristallklarheit: Hochwertiger goldener Erdbeerquarz hat eine hohe Transparenz ohne offensichtliche baumwollartige Substanzen oder Risse.<\/p>\n<p>2.Einschluss Verteilung: Je gleichm\u00e4\u00dfiger und dichter die \"Erdbeersamen\" verteilt sind und je deutlicher der Sternenlichteffekt im Licht ist, desto besser ist die Qualit\u00e4t.<\/p>\n<p>3. die Farbs\u00e4ttigung: Ein St\u00fcck mit satter Farbe, ohne Verunreinigungen und einem nat\u00fcrlichen \u00dcbergang zwischen Gold und Rot hat einen gr\u00f6\u00dferen Wert f\u00fcr das Sammeln und Tragen.<\/p>\n<p>After-Sales-Garantie<br \/>\nDie Unterst\u00fctzung nach dem Kauf ist eine wichtige Sicherheit f\u00fcr Ihren Kauf. Wir bieten einen 7-t\u00e4gigen R\u00fcckgabe- und Umtauschservice ohne Angabe von Gr\u00fcnden (solange sich das Produkt im Originalzustand befindet).<\/p>\n<p>Ein professionelles Identifikationszertifikat wird ebenfalls mitgeliefert, um sicherzustellen, dass es sich um einen nat\u00fcrlichen Kristall handelt. Im Falle von Sch\u00e4den, die nicht vom Menschen verursacht wurden, bieten wir eine kostenlose Reparatur oder eine Inzahlungnahme alter Artikel an, damit Sie unbesorgt einkaufen k\u00f6nnen.<\/p>\n<p>Eins-zu-eins-Anpassungsservice<br \/>\nDer individuelle Anpassungsservice macht den goldenen Erdbeerquarz noch bedeutungsvoller.<\/p>\n<p>Sie k\u00f6nnen die Form der Kristalle nach Ihren pers\u00f6nlichen Vorlieben w\u00e4hlen, von frei geformten Anh\u00e4ngern bis hin zu facettierten Ringen, um verschiedenen Trageanforderungen gerecht zu werden. Sie k\u00f6nnen ihn auch mit anderen Edelsteinen kombinieren, um exklusiven Schmuck zu entwerfen.<\/p>\n<p>Ob f\u00fcr den pers\u00f6nlichen Gebrauch oder als Geschenk, Sie k\u00f6nnen ein einzigartiges Geschenk kreieren, das jeden goldenen Erdbeerquarz zu einem wertvollen Tr\u00e4ger pers\u00f6nlicher Geschichten macht.<\/p>","protected":false},"excerpt":{"rendered":"<p>Golden strawberry quartz stands out as a &#8220;starry messenger&#8221; in the crystal world due to its unique colors. Its core hues are a blend of rich golden yellow and orange &#8211; red. The inclusions of hematite or goethite inside the crystal resemble scattered strawberry seeds or tiny starlights under light refraction. Ranging from the gentle [&hellip;]<\/p>","protected":false},"featured_media":1618,"comment_status":"open","ping_status":"closed","template":"","meta":[],"product_brand":[],"product_cat":[42],"product_tag":[],"class_list":{"0":"post-1615","1":"product","2":"type-product","3":"status-publish","4":"has-post-thumbnail","6":"product_cat-pure-color-crystal","8":"first","9":"instock","10":"featured","11":"shipping-taxable","12":"purchasable","13":"product-type-simple"},"_links":{"self":[{"href":"https:\/\/wljk3.com\/de\/wp-json\/wp\/v2\/product\/1615","targetHints":{"allow":["GET"]}}],"collection":[{"href":"https:\/\/wljk3.com\/de\/wp-json\/wp\/v2\/product"}],"about":[{"href":"https:\/\/wljk3.com\/de\/wp-json\/wp\/v2\/types\/product"}],"replies":[{"embeddable":true,"href":"https:\/\/wljk3.com\/de\/wp-json\/wp\/v2\/comments?post=1615"}],"wp:featuredmedia":[{"embeddable":true,"href":"https:\/\/wljk3.com\/de\/wp-json\/wp\/v2\/media\/1618"}],"wp:attachment":[{"href":"https:\/\/wljk3.com\/de\/wp-json\/wp\/v2\/media?parent=1615"}],"wp:term":[{"taxonomy":"product_brand","embeddable":true,"href":"https:\/\/wljk3.com\/de\/wp-json\/wp\/v2\/product_brand?post=1615"},{"taxonomy":"product_cat","embeddable":true,"href":"https:\/\/wljk3.com\/de\/wp-json\/wp\/v2\/product_cat?post=1615"},{"taxonomy":"product_tag","embeddable":true,"href":"https:\/\/wljk3.com\/de\/wp-json\/wp\/v2\/product_tag?post=1615"}],"curies":[{"name":"wp","href":"https:\/\/api.w.org\/{rel}","templated":true}]}}