{"id":1622,"date":"2025-09-09T12:31:30","date_gmt":"2025-09-09T12:31:30","guid":{"rendered":"https:\/\/wljk3.com\/?post_type=product&#038;p=1622"},"modified":"2025-09-15T03:51:00","modified_gmt":"2025-09-15T03:51:00","slug":"natural-blue-moonlight-bracelet-for-women-crystal-bead-bracelet-jewelry-gift-for-girlfriend-or-best-friends-birthday-premium-crystal","status":"publish","type":"product","link":"https:\/\/wljk3.com\/de\/produkt\/natural-blue-moonlight-bracelet-for-women-crystal-bead-bracelet-jewelry-gift-for-girlfriend-or-best-friends-birthday-premium-crystal\/","title":{"rendered":"Nat\u00fcrliches blaues Mondlicht Armband f\u00fcr Frauen Kristall Perlen Armband Schmuck Geschenk f\u00fcr Freundin oder beste Freundin Geburtstag Premium Kristall"},"content":{"rendered":"<p>Die Farbe des blauen Mondsteins ist seine gr\u00f6\u00dfte Besonderheit. Er ist nicht rein blau. Stattdessen,<\/p>\n<p>auf einer wei\u00dfen oder hellgrauen Kristallbasis, schimmert es schwach blau. Es ist wie das schimmernde blaue Licht auf einem See in einer mondhellen Nacht.<\/p>\n<p>Wenn Sie ihn drehen, flie\u00dft das Schillern mit dem Winkel, als ob das Mondlicht im Inneren des Kristalls eingeschlossen w\u00e4re, heiter und lebendig.<\/p>\n<p>Energie-Funktionen<\/p>\n<p>Der blaue Mondstein gilt als \"emotionaler Heilstein\". Seine Hauptaufgabe besteht darin, Emotionen zu beruhigen und \u00c4ngste abzubauen. Er hilft, negative Emotionen zu vertreiben und eignet sich besonders f\u00fcr Menschen, die unter gro\u00dfem Druck stehen, die leicht reizbar sind oder die sich in einer emotionalen Krise befinden.<\/p>\n<p>Es ist, als w\u00fcrde man das Herz mit einem sanften \"emotionalen Kissen\" bedecken, das die Menschen inmitten des Chaos ruhig h\u00e4lt. Gleichzeitig wird angenommen, dass es die Intuition st\u00e4rkt und dabei hilft, Gedanken zu sortieren, wenn man verwirrt ist, und Entscheidungen zu treffen, die mehr im Einklang mit dem Herzen sind.<\/p>\n<p>T\u00e4gliche Vorteile<\/p>\n<p>Seine Vorteile zeigen sich auch bei der Regulierung des Alltags. Wenn Sie ihn \u00fcber einen l\u00e4ngeren Zeitraum tragen, kann er die Schlafqualit\u00e4t verbessern, Schlaflosigkeit und Tr\u00e4umerei verringern und f\u00fcr mehr Ruhe sorgen.<\/p>\n<p>Es kann auch zur Verbesserung der Konzentration beitragen und eignet sich f\u00fcr Studenten oder Menschen, die lange arbeiten m\u00fcssen, da es hilft, externe Ablenkungen zu reduzieren.<\/p>\n<p>Bewertung der Qualit\u00e4t<br \/>\nEs gibt zwei wichtige Punkte, um die Qualit\u00e4t des blauen Mondsteins zu beurteilen:<\/p>\n<p>1. das Schillern: Bei hochwertigen blauen Mondsteinen ist der blaue Schimmer klar und deckt einen gro\u00dfen Bereich ab. Wenn Sie ihn drehen, hat er ein starkes Gef\u00fchl des Flie\u00dfens. Steine ohne Schillern oder mit verschwommenem Schillern sind von geringerer Qualit\u00e4t.<\/p>\n<p>2. die Reinheit des Kristalls: Je transparenter der Kristall und je weniger Verunreinigungen, desto h\u00f6her die Qualit\u00e4t. Offensichtliche Risse oder baumwollartige Einschl\u00fcsse beeintr\u00e4chtigen das Aussehen und die Energieleitung.<\/p>\n<p>Kundendienst<\/p>\n<p>Wir bieten umfassende Garantien nach dem Kauf: Sollten nach dem Kauf Probleme auftreten, wie z.B. Risse in den Kristallen oder Abl\u00f6sungen durch nicht-menschliche Faktoren, k\u00f6nnen Sie innerhalb eines bestimmten Zeitraums kostenlose Reparatur- oder Ersatzleistungen in Anspruch nehmen.<\/p>\n<p>Einige Marken bieten auch eine lebenslange Pflege an, wie z.B. regelm\u00e4\u00dfiges Reinigen und Polieren, um den transparenten Glanz des Kristalls zu erhalten. Gleichzeitig wird ein Identifikationszertifikat beigef\u00fcgt, um sicherzustellen, dass es sich bei dem Produkt um einen nat\u00fcrlichen Kristall handelt und um zu verhindern, dass minderwertige Produkte als hochwertige Produkte verkauft werden.<\/p>\n<p>Eins-zu-eins-Anpassung<br \/>\nEins-zu-eins-Anpassung an Ihre pers\u00f6nlichen Bed\u00fcrfnisse. Sie k\u00f6nnen von der Materialauswahl bis zum Design alles selbst bestimmen:<\/p>\n<p>Sie k\u00f6nnen den Kristall mit K-Gold oder Silberschmuck kombinieren und ihn in einen einzigartigen Ring oder Anh\u00e4nger einarbeiten lassen. Sie k\u00f6nnen die Gravur auch nach Ihrer pers\u00f6nlichen Geschichte gestalten.<\/p>\n<p>Sie k\u00f6nnen die Gr\u00f6\u00dfe der Kristalle und die Farbintensit\u00e4t bestimmen, was jedes Kristallschmuckst\u00fcck zu einer einzigartigen, exklusiven Kollektion macht, die sowohl f\u00fcr den pers\u00f6nlichen Gebrauch als auch zum Verschenken von gro\u00dfer Bedeutung ist.<\/p>","protected":false},"excerpt":{"rendered":"<p>The color of blue moonstone is its most unique feature. It&#8217;s not a pure blue. Instead, on a white or light-gray crystal base, there&#8217;s a faint blue iridescence. It&#8217;s like the shimmering blue light on a lake under a moonlit night. When you turn it, the iridescence flows with the angle, as if the moonlight [&hellip;]<\/p>","protected":false},"featured_media":1625,"comment_status":"open","ping_status":"closed","template":"","meta":[],"product_brand":[],"product_cat":[42],"product_tag":[],"class_list":{"0":"post-1622","1":"product","2":"type-product","3":"status-publish","4":"has-post-thumbnail","6":"product_cat-pure-color-crystal","8":"first","9":"instock","10":"featured","11":"shipping-taxable","12":"purchasable","13":"product-type-simple"},"_links":{"self":[{"href":"https:\/\/wljk3.com\/de\/wp-json\/wp\/v2\/product\/1622","targetHints":{"allow":["GET"]}}],"collection":[{"href":"https:\/\/wljk3.com\/de\/wp-json\/wp\/v2\/product"}],"about":[{"href":"https:\/\/wljk3.com\/de\/wp-json\/wp\/v2\/types\/product"}],"replies":[{"embeddable":true,"href":"https:\/\/wljk3.com\/de\/wp-json\/wp\/v2\/comments?post=1622"}],"wp:featuredmedia":[{"embeddable":true,"href":"https:\/\/wljk3.com\/de\/wp-json\/wp\/v2\/media\/1625"}],"wp:attachment":[{"href":"https:\/\/wljk3.com\/de\/wp-json\/wp\/v2\/media?parent=1622"}],"wp:term":[{"taxonomy":"product_brand","embeddable":true,"href":"https:\/\/wljk3.com\/de\/wp-json\/wp\/v2\/product_brand?post=1622"},{"taxonomy":"product_cat","embeddable":true,"href":"https:\/\/wljk3.com\/de\/wp-json\/wp\/v2\/product_cat?post=1622"},{"taxonomy":"product_tag","embeddable":true,"href":"https:\/\/wljk3.com\/de\/wp-json\/wp\/v2\/product_tag?post=1622"}],"curies":[{"name":"wp","href":"https:\/\/api.w.org\/{rel}","templated":true}]}}