{"id":1629,"date":"2025-09-09T12:33:05","date_gmt":"2025-09-09T12:33:05","guid":{"rendered":"https:\/\/wljk3.com\/?post_type=product&#038;p=1629"},"modified":"2025-09-15T03:50:54","modified_gmt":"2025-09-15T03:50:54","slug":"wealth-attracting-fortune-gathering-premium-mens-prosperity-bracelet-natural-rare-green-phantom-quartz-bracelet-birthstone-guardian","status":"publish","type":"product","link":"https:\/\/wljk3.com\/de\/produkt\/wealth-attracting-fortune-gathering-premium-mens-prosperity-bracelet-natural-rare-green-phantom-quartz-bracelet-birthstone-guardian\/","title":{"rendered":"Reichtum-anziehende Gl\u00fccksbringer Premium M\u00e4nner Wohlstandsarmband Nat\u00fcrliches seltenes gr\u00fcnes Phantom Quarz Armband Geburtsstein W\u00e4chter"},"content":{"rendered":"<p>Der Hauptcharme des gr\u00fcnen Phantomkristalls liegt in seinen einzigartigen Farben. Er hat eine Basis in verschiedenen Gr\u00fcnt\u00f6nen mit Einschl\u00fcssen von wei\u00dfem, grauem oder braunem vulkanischem Schlamm im Inneren.<\/p>\n<p>Diese Einschl\u00fcsse bilden Formen wie \"Geschichtete Berge\", \"Schatztopf\" und \"Sternenhimmel\". Je intensiver und gleichm\u00e4\u00dfiger das Gr\u00fcn verteilt ist, desto h\u00f6her ist sein visueller Wert.<\/p>\n<p>Funktionen und Vorteile<br \/>\nEr gilt als \"Wohlstandskristall\". Im Volksglauben kann er dabei helfen, sich auf berufliche Ziele zu konzentrieren und die Handlungsf\u00e4higkeit und Entschlusskraft zu verbessern, was ihn besonders f\u00fcr Unternehmer oder B\u00fcroangestellte geeignet macht.<\/p>\n<p>Gleichzeitig verbindet sich seine gr\u00fcne Energie mit der Natur, was \u00c4ngste lindern kann und dem Benutzer hilft, in Situationen mit hohem Druck ruhig zu bleiben. Wenn Sie ihn \u00fcber einen l\u00e4ngeren Zeitraum tragen, kann er Ihnen psychologischen Komfort bieten.<\/p>\n<p>Bewertung der Qualit\u00e4t<br \/>\nEs gibt drei wichtige Punkte, um die Qualit\u00e4t des gr\u00fcnen Phantomkristalls zu beurteilen:<\/p>\n<p>1. die Form der Einschl\u00fcsse: Der \"Treasure Pot\" (bei dem die gr\u00fcnen Einschl\u00fcsse etwa 50% ausmachen und ringf\u00f6rmig verteilt sind) ist der beste, gefolgt vom \"Starry Sky\".<\/p>\n<p>2. die Kristallklarheit: Kristalle, die transparent, frei von Verunreinigungen und Rissen sind, sind wertvoller.<\/p>\n<p>3. gr\u00fcne Intensit\u00e4t: Ein tiefes Smaragdgr\u00fcn, das gleichm\u00e4\u00dfig ist und keine anderen Farben aufweist, ist von h\u00f6chster Qualit\u00e4t. Helles Gr\u00fcn oder Gr\u00fcn mit einem Gelbstich ist weniger w\u00fcnschenswert. Wenn Sie es t\u00e4glich tragen, vermeiden Sie St\u00f6\u00dfe und wischen Sie es regelm\u00e4\u00dfig mit klarem Wasser ab, um seinen Glanz und seine Energie zu erhalten.<\/p>\n<p>After - Sales Service<br \/>\nWir bieten einen umfassenden Kundendienst. Sollte es nach dem Kauf zu Problemen kommen, die nicht von Menschenhand verursacht wurden, wie z.B. Risse im Glas oder Herunterfallen des Glases, k\u00f6nnen Sie innerhalb eines bestimmten Zeitraums eine kostenlose Reparatur oder einen Ersatz in Anspruch nehmen.<\/p>\n<p>Einige Marken bieten auch lebenslange Pflege an, wie z.B. regelm\u00e4\u00dfiges Reinigen und Polieren, damit der Kristall transparent und gl\u00e4nzend bleibt. Au\u00dferdem wird ein Identifikationszertifikat beigef\u00fcgt, um sicherzustellen, dass es sich um einen nat\u00fcrlichen Kristall handelt und um zu verhindern, dass minderwertige Produkte als gute Produkte ausgegeben werden.<\/p>\n<p>Eins-zu-eins-Anpassung<br \/>\nDie individuelle Anpassung erf\u00fcllt Ihre pers\u00f6nlichen Bed\u00fcrfnisse. Sie k\u00f6nnen alles anpassen, von der Materialauswahl bis zum Designstil.<\/p>\n<p>Sie k\u00f6nnen den Kristall mit K - Gold oder Silber kombinieren, um einzigartige Ringe oder Anh\u00e4nger zu kreieren. Sie k\u00f6nnen auch Schnitzmuster auf der Grundlage Ihrer pers\u00f6nlichen Geschichten anpassen und die Gr\u00f6\u00dfe und Farbintensit\u00e4t des Kristalls bestimmen.<\/p>\n<p>Auf diese Weise wird jedes Kristall-Accessoire zu einer einzigartigen, exklusiven Kollektion, die sowohl f\u00fcr den pers\u00f6nlichen Gebrauch als auch als Geschenk von gro\u00dfer Bedeutung ist.<\/p>","protected":false},"excerpt":{"rendered":"<p>The main charm of green phantom crystal lies in its unique colors. It has a base of varying shades of green, with inclusions of white, gray, or brown volcanic mud inside. These inclusions form shapes like &#8220;Layered Mountains&#8221;, &#8220;Treasure Pot&#8221;, and &#8220;Starry Sky&#8221;. The more intense and evenly distributed the green, the higher its visual [&hellip;]<\/p>","protected":false},"featured_media":1631,"comment_status":"open","ping_status":"closed","template":"","meta":[],"product_brand":[],"product_cat":[42],"product_tag":[],"class_list":{"0":"post-1629","1":"product","2":"type-product","3":"status-publish","4":"has-post-thumbnail","6":"product_cat-pure-color-crystal","8":"first","9":"instock","10":"shipping-taxable","11":"purchasable","12":"product-type-simple"},"_links":{"self":[{"href":"https:\/\/wljk3.com\/de\/wp-json\/wp\/v2\/product\/1629","targetHints":{"allow":["GET"]}}],"collection":[{"href":"https:\/\/wljk3.com\/de\/wp-json\/wp\/v2\/product"}],"about":[{"href":"https:\/\/wljk3.com\/de\/wp-json\/wp\/v2\/types\/product"}],"replies":[{"embeddable":true,"href":"https:\/\/wljk3.com\/de\/wp-json\/wp\/v2\/comments?post=1629"}],"wp:featuredmedia":[{"embeddable":true,"href":"https:\/\/wljk3.com\/de\/wp-json\/wp\/v2\/media\/1631"}],"wp:attachment":[{"href":"https:\/\/wljk3.com\/de\/wp-json\/wp\/v2\/media?parent=1629"}],"wp:term":[{"taxonomy":"product_brand","embeddable":true,"href":"https:\/\/wljk3.com\/de\/wp-json\/wp\/v2\/product_brand?post=1629"},{"taxonomy":"product_cat","embeddable":true,"href":"https:\/\/wljk3.com\/de\/wp-json\/wp\/v2\/product_cat?post=1629"},{"taxonomy":"product_tag","embeddable":true,"href":"https:\/\/wljk3.com\/de\/wp-json\/wp\/v2\/product_tag?post=1629"}],"curies":[{"name":"wp","href":"https:\/\/api.w.org\/{rel}","templated":true}]}}