{"id":1643,"date":"2025-09-09T12:35:10","date_gmt":"2025-09-09T12:35:10","guid":{"rendered":"https:\/\/wljk3.com\/?post_type=product&#038;p=1643"},"modified":"2025-09-15T03:51:09","modified_gmt":"2025-09-15T03:51:09","slug":"natural-yellow-tigers-eye-bracelet-for-men-and-women-high-end-tigers-eye-wooden-crystal-bead-bracelet-gift","status":"publish","type":"product","link":"https:\/\/wljk3.com\/de\/produkt\/natural-yellow-tigers-eye-bracelet-for-men-and-women-high-end-tigers-eye-wooden-crystal-bead-bracelet-gift\/","title":{"rendered":"Nat\u00fcrliches Gelbes Tigerauge Armband f\u00fcr M\u00e4nner und Frauen High-End Tigerauge Holzkristall Armband Geschenk"},"content":{"rendered":"<p>Die Farbe des nat\u00fcrlichen gelben Tigerauge-Kristalls ist sehr charakteristisch. Seine Hauptfarbe sind verschiedene Schattierungen von Goldgelb, und einige Kristalle haben einen warmen orangefarbenen Schimmer, der an Bienenwachs erinnert.<\/p>\n<p>Wenn es von Licht angestrahlt wird, zeigt es einen einzigartigen \"Katzenaugeneffekt\" - ein lebendiges Lichtband, das sich mit der \u00c4nderung des Betrachtungswinkels bewegt, so scharf und sanft wie ein Tigerauge, als ob es die Energie des Sonnenlichts speichern w\u00fcrde.<\/p>\n<p>Funktionen und Vorteile<\/p>\n<p>Er gilt als \"Energiestabilisator\". Einerseits kann seine warme Energie \u00c4ngste lindern und dem Benutzer helfen, unter hohem Druck ruhig zu bleiben, besonders geeignet f\u00fcr Menschen mit sensiblen Emotionen oder solche, die sich oft in angespannten Umgebungen aufhalten. Andererseits symbolisiert er im traditionellen Glauben die \"F\u00e4higkeit zu handeln\".<\/p>\n<p>Er kann dem Anwender helfen, Ziele zu kl\u00e4ren, das Z\u00f6gern zu verringern und positive Energie in Leben und Arbeit zu bringen. Als nat\u00fcrlicher Kristall kann er durch seine physikalischen Eigenschaften auch das umgebende Energiefeld sanft regulieren und so f\u00fcr k\u00f6rperliches und geistiges Wohlbefinden sorgen.<\/p>\n<p>Identifizierung der Qualit\u00e4t<br \/>\nEs gibt drei wichtige Punkte f\u00fcr die Identifizierung von Qualit\u00e4t:<\/p>\n<p>1. der Katzenaugen-Effekt: Je klarer, kontinuierlicher und zentrierter das Lichtband ist, desto besser ist die Qualit\u00e4t.<\/p>\n<p>2) Kristalltransparenz: Kristalle mit weniger Verunreinigungen und ohne offensichtliche baumwollartige Substanzen oder Risse sind wertvoller.<\/p>\n<p>3. die Gleichm\u00e4\u00dfigkeit der Farbe: Die Gesamtfarbe sollte voll sein, ohne abrupte Farbflecken, und ein nat\u00fcrlicher Glanz sollte durch die goldgelbe Grundfarbe scheinen, damit es sich um einen erstklassigen gelben Tigerauge-Kristall handelt.<\/p>\n<p>After - Sales Service<\/p>\n<p>Wir bieten einen umfassenden Kundendienst. Sollte es nach dem Kauf zu Problemen kommen, die nicht von Menschenhand verursacht wurden, wie z.B. Risse im Glas oder Herunterfallen des Glases, k\u00f6nnen Sie innerhalb eines bestimmten Zeitraums eine kostenlose Reparatur oder einen Ersatz in Anspruch nehmen.<\/p>\n<p>Einige Marken bieten auch lebenslange Pflege an, wie z.B. regelm\u00e4\u00dfiges Reinigen und Polieren, um den transparenten Glanz des Kristalls zu erhalten. Au\u00dferdem wird ein Identifikationszertifikat beigef\u00fcgt, um sicherzustellen, dass es sich um einen nat\u00fcrlichen Kristall handelt und um zu verhindern, dass minderwertige Produkte als gute Produkte ausgegeben werden.<\/p>\n<p>Eins-zu-eins-Anpassung<br \/>\nDie individuelle Anpassung erf\u00fcllt Ihre pers\u00f6nlichen Bed\u00fcrfnisse. Sie k\u00f6nnen alles anpassen, von der Materialauswahl bis zum Designstil.<\/p>\n<p>Sie k\u00f6nnen den Kristall mit K - Gold oder Silber kombinieren, um einzigartige Ringe oder Anh\u00e4nger zu kreieren. Sie k\u00f6nnen auch Schnitzmuster auf der Grundlage Ihrer pers\u00f6nlichen Geschichten anpassen und die Gr\u00f6\u00dfe und Farbintensit\u00e4t des Kristalls bestimmen.<\/p>\n<p>Auf diese Weise wird jedes Kristallschmuckst\u00fcck zu einer einzigartigen, exklusiven Kollektion, die sowohl f\u00fcr den pers\u00f6nlichen Gebrauch als auch als Geschenk von gro\u00dfer Bedeutung ist.<\/p>","protected":false},"excerpt":{"rendered":"<p>The color of natural yellow tiger&#8217;s eye crystal is highly distinctive. Its main color is varying shades of golden yellow, and some crystals have a warm orange glow similar to beeswax. When illuminated by light, it shows a unique &#8220;cat&#8217;s eye effect&#8221;\u2014a lively light band that moves with the change of viewing angle, as sharp [&hellip;]<\/p>","protected":false},"featured_media":1646,"comment_status":"open","ping_status":"closed","template":"","meta":[],"product_brand":[],"product_cat":[42],"product_tag":[],"class_list":{"0":"post-1643","1":"product","2":"type-product","3":"status-publish","4":"has-post-thumbnail","6":"product_cat-pure-color-crystal","8":"first","9":"instock","10":"shipping-taxable","11":"purchasable","12":"product-type-simple"},"_links":{"self":[{"href":"https:\/\/wljk3.com\/de\/wp-json\/wp\/v2\/product\/1643","targetHints":{"allow":["GET"]}}],"collection":[{"href":"https:\/\/wljk3.com\/de\/wp-json\/wp\/v2\/product"}],"about":[{"href":"https:\/\/wljk3.com\/de\/wp-json\/wp\/v2\/types\/product"}],"replies":[{"embeddable":true,"href":"https:\/\/wljk3.com\/de\/wp-json\/wp\/v2\/comments?post=1643"}],"wp:featuredmedia":[{"embeddable":true,"href":"https:\/\/wljk3.com\/de\/wp-json\/wp\/v2\/media\/1646"}],"wp:attachment":[{"href":"https:\/\/wljk3.com\/de\/wp-json\/wp\/v2\/media?parent=1643"}],"wp:term":[{"taxonomy":"product_brand","embeddable":true,"href":"https:\/\/wljk3.com\/de\/wp-json\/wp\/v2\/product_brand?post=1643"},{"taxonomy":"product_cat","embeddable":true,"href":"https:\/\/wljk3.com\/de\/wp-json\/wp\/v2\/product_cat?post=1643"},{"taxonomy":"product_tag","embeddable":true,"href":"https:\/\/wljk3.com\/de\/wp-json\/wp\/v2\/product_tag?post=1643"}],"curies":[{"name":"wp","href":"https:\/\/api.w.org\/{rel}","templated":true}]}}