{"id":1650,"date":"2025-09-09T12:36:04","date_gmt":"2025-09-09T12:36:04","guid":{"rendered":"https:\/\/wljk3.com\/?post_type=product&#038;p=1650"},"modified":"2025-09-15T03:51:12","modified_gmt":"2025-09-15T03:51:12","slug":"collectors-edition-new-arrival-natural-gemstone-sweet-purple-dragon-crystal-bracelet-purple-crystal-womens-jewelry-gift","status":"publish","type":"product","link":"https:\/\/wljk3.com\/de\/produkt\/collectors-edition-new-arrival-natural-gemstone-sweet-purple-dragon-crystal-bracelet-purple-crystal-womens-jewelry-gift\/","title":{"rendered":"Collector's Edition Neue Ankunft Nat\u00fcrlicher Edelstein S\u00fc\u00dfer Lila Drachen Kristall Armband Lila Kristall Frauen Schmuck Geschenk"},"content":{"rendered":"<p>Die Farbe des Amethysts ist sein auff\u00e4lligster Reiz. Sie reicht von hellem Violett bis zu tiefem, sattem Auberginenviolett und sogar zum seltenen \"Rosenviolett\" mit einem Hauch von Rosa.<\/p>\n<p>Die Farbt\u00f6ne gehen nat\u00fcrlich \u00fcber und sind reich an Schichten. Hochwertige Amethyste zeigen im Licht auch lebendige Farbb\u00e4nder, als ob der Sternenhimmel in den Kristall eingewoben w\u00e4re.<\/p>\n<p>Funktionen und Vorteile<\/p>\n<p>In der Kristallkultur wird dem Amethyst nachgesagt, dass er Emotionen bes\u00e4nftigt. Er hilft, \u00c4ngste zu lindern und Reizbarkeit zu beruhigen. Daher eignet er sich besonders gut f\u00fcr Menschen, die unter hohem Druck stehen, um ihn t\u00e4glich zu tragen oder herumzulegen.<\/p>\n<p>Gleichzeitig wird er oft als \"Stein der Weisheit\" betrachtet, der eine verbesserte Konzentration und geistige Klarheit symbolisiert. Viele Studenten und Kreative stellen ihn auf ihre Schreibtische. Aus dekorativer Sicht passt das elegante Violett des Amethysts gut zu verschiedenen Kleidungsstilen.<\/p>\n<p>Ob eine schlichte Halskette oder ein zartes Armband, es kann jedem Look einen Hauch von Raffinesse verleihen.<\/p>\n<p>Bewertung der Qualit\u00e4t<br \/>\nEs gibt drei Hauptkriterien f\u00fcr die Beurteilung der Qualit\u00e4t von Amethysten:<\/p>\n<p>1. die Reinheit: Hochwertige Amethyste haben nur wenige innere Unreinheiten wie baumwollartige Einschl\u00fcsse oder Eisrisse, und der Kristall ist transparent.<\/p>\n<p>2. die Farbe: Amethyste mit einem m\u00e4\u00dfigen, gleichm\u00e4\u00dfigen violetten Farbton ohne jegliche Verf\u00e4rbung werden als besonders wertvoll angesehen. Je klarer die Farbb\u00e4nder sind, desto wertvoller sind sie.<\/p>\n<p>3Schliff: Richtig geschliffene Amethyste k\u00f6nnen das Licht besser brechen und ihren Glanz hervorheben. Bei runden Perlenarmb\u00e4ndern sollten Sie zum Beispiel darauf achten, dass jede Perle eine einheitliche Gr\u00f6\u00dfe und eine sanfte Rundung hat.<\/p>\n<p>Kundendienst<\/p>\n<p>Wir bieten umfassende Garantien nach dem Kauf: Sollten nach dem Kauf Probleme auftreten, wie z.B. Risse in den Kristallen oder Abl\u00f6sungen durch nicht-menschliche Faktoren, k\u00f6nnen Sie innerhalb eines bestimmten Zeitraums kostenlose Reparatur- oder Ersatzleistungen in Anspruch nehmen.<\/p>\n<p>Einige Marken bieten auch lebenslange Pflege an, wie z.B. regelm\u00e4\u00dfiges Reinigen und Polieren, um den transparenten Glanz des Amethysts zu erhalten.<\/p>\n<p>Gleichzeitig wird ein Identifizierungszertifikat beigef\u00fcgt, um sicherzustellen, dass es sich bei dem Produkt um einen nat\u00fcrlichen Amethysten handelt und um zu verhindern, dass minderwertige Produkte als hochwertige Produkte verkauft werden.<\/p>\n<p>Eins-zu-eins-Anpassung<br \/>\nEins-zu-eins-Anpassung an Ihre pers\u00f6nlichen Bed\u00fcrfnisse. Sie k\u00f6nnen von der Materialauswahl bis zum Design alles selbst bestimmen:<\/p>\n<p>Sie k\u00f6nnen den Amethyst mit K-Gold oder Silberschmuck kombinieren und ihn in einen einzigartigen Ring oder Anh\u00e4nger einarbeiten lassen. Sie k\u00f6nnen die Gravur auch nach Ihrer pers\u00f6nlichen Geschichte gestalten.<\/p>\n<p>Sie k\u00f6nnen die Gr\u00f6\u00dfe der Kristalle und die Farbintensit\u00e4t selbst bestimmen, was jeden Amethystschmuck zu einer einzigartigen, exklusiven Kollektion macht, die sowohl f\u00fcr den pers\u00f6nlichen Gebrauch als auch zum Verschenken von gro\u00dfer Bedeutung ist.<\/p>","protected":false},"excerpt":{"rendered":"<p>The color of amethyst is its most eye-catching charm. It ranges from light purple to deep, rich eggplant purple, and even to the rare &#8220;rose purple&#8221; with a tinge of pink. The hues transition naturally and are rich in layers. High-quality amethysts also display lively color bands under light, as if the starry sky has [&hellip;]<\/p>","protected":false},"featured_media":1655,"comment_status":"open","ping_status":"closed","template":"","meta":[],"product_brand":[],"product_cat":[42],"product_tag":[],"class_list":{"0":"post-1650","1":"product","2":"type-product","3":"status-publish","4":"has-post-thumbnail","6":"product_cat-pure-color-crystal","8":"first","9":"instock","10":"shipping-taxable","11":"purchasable","12":"product-type-simple"},"_links":{"self":[{"href":"https:\/\/wljk3.com\/de\/wp-json\/wp\/v2\/product\/1650","targetHints":{"allow":["GET"]}}],"collection":[{"href":"https:\/\/wljk3.com\/de\/wp-json\/wp\/v2\/product"}],"about":[{"href":"https:\/\/wljk3.com\/de\/wp-json\/wp\/v2\/types\/product"}],"replies":[{"embeddable":true,"href":"https:\/\/wljk3.com\/de\/wp-json\/wp\/v2\/comments?post=1650"}],"wp:featuredmedia":[{"embeddable":true,"href":"https:\/\/wljk3.com\/de\/wp-json\/wp\/v2\/media\/1655"}],"wp:attachment":[{"href":"https:\/\/wljk3.com\/de\/wp-json\/wp\/v2\/media?parent=1650"}],"wp:term":[{"taxonomy":"product_brand","embeddable":true,"href":"https:\/\/wljk3.com\/de\/wp-json\/wp\/v2\/product_brand?post=1650"},{"taxonomy":"product_cat","embeddable":true,"href":"https:\/\/wljk3.com\/de\/wp-json\/wp\/v2\/product_cat?post=1650"},{"taxonomy":"product_tag","embeddable":true,"href":"https:\/\/wljk3.com\/de\/wp-json\/wp\/v2\/product_tag?post=1650"}],"curies":[{"name":"wp","href":"https:\/\/api.w.org\/{rel}","templated":true}]}}