{"id":1664,"date":"2025-09-09T12:40:34","date_gmt":"2025-09-09T12:40:34","guid":{"rendered":"https:\/\/wljk3.com\/?post_type=product&#038;p=1664"},"modified":"2025-09-15T03:51:31","modified_gmt":"2025-09-15T03:51:31","slug":"natural-white-crystal-bracelet-for-women-collectors-grade-brazilian-raw-stone-genuine-crystal-bracelet-for-women-couples-gift-2","status":"publish","type":"product","link":"https:\/\/wljk3.com\/de\/produkt\/natural-white-crystal-bracelet-for-women-collectors-grade-brazilian-raw-stone-genuine-crystal-bracelet-for-women-couples-gift-2\/","title":{"rendered":"Nat\u00fcrliches wei\u00dfes Kristallarmband f\u00fcr Frauen Sammlerqualit\u00e4t brasilianischer Rohstein Echtes Kristallarmband f\u00fcr Frauen Geschenk f\u00fcr Paare"},"content":{"rendered":"<p>Wei\u00dfer Kristall steht f\u00fcr die Eigenschaft der \"Reinheit\". Seine Farbe ist nicht einfach nur wei\u00df, sondern er hat eine klare, eis\u00e4hnliche Textur. Hochwertige Kristalle sind kristallklar ohne jegliche Verunreinigungen, genau wie erstarrtes Mondlicht. Einige von ihnen k\u00f6nnen aufgrund winziger Einschl\u00fcsse einen sanften, milchigen Schimmer haben. Wenn sie beleuchtet werden, k\u00f6nnen sie einen zarten Glanz reflektieren, der ein frisches und friedliches Gef\u00fchl vermittelt.<\/p>\n<p>Funktionen und Vorteile<\/p>\n<p>Er ist weithin als \"Energie-Reinigungsstein\" bekannt.<br \/>\nEmotionale Regulierung: Seine sanfte Energie hilft, \u00c4ngste und Reizbarkeit zu lindern, besonders geeignet f\u00fcr Menschen, die unter hohem Druck stehen und zu \u00c4ngsten neigen. Wenn Sie ihn tragen oder in der N\u00e4he aufbewahren, kann er ein Gef\u00fchl von psychologischem Komfort vermitteln und helfen, chaotische Gedanken zu beruhigen.<\/p>\n<p>Reinigung des Raums: Viele Menschen stellen ihn in ihren Wohnungen oder B\u00fcros auf, weil sie glauben, dass er negative Schwingungen vertreiben kann und die Umgebung sauberer und organisierter macht.<\/p>\n<p>Verbesserung der Konzentration: Aufgrund seiner reinen Natur wird er oft mit \"Fokus\" in Verbindung gebracht. Studenten oder Menschen, die sich auf ihre Arbeit konzentrieren m\u00fcssen, k\u00f6nnen ihn tragen, um \u00e4u\u00dfere Ablenkungen zu reduzieren und die Konzentration zu verbessern.<\/p>\n<p>Bewertung der Qualit\u00e4t<\/p>\n<p>Es gibt drei wichtige Aspekte, um seine Qualit\u00e4t zu beurteilen:<\/p>\n<p>1. die Transparenz: Hochwertige wei\u00dfe Kristalle sind vollkommen klar und weisen keine offensichtlichen baumwollartigen Einschl\u00fcsse, Risse oder schwarzen Flecken auf. Je weniger Verunreinigungen, desto h\u00f6her die Qualit\u00e4t.<\/p>\n<p>2. handwerkliches Schneiden: Ob es sich um Perlen oder Schnitzereien handelt, die Oberfl\u00e4che sollte glatt und flach sein, ohne Grate an den Kanten. Der Glanz kommt durch richtiges Schneiden besser zur Geltung.<\/p>\n<p>3. das Gewicht: Bei gleichem Volumen haben die Kristalle mit einer h\u00f6heren Dichte und einem schwereren Gef\u00fchl in der Regel eine dichtere Textur und bessere Qualit\u00e4t.<\/p>\n<p>T\u00e4gliche Wartung<\/p>\n<p>Wischen Sie es einfach mit einem weichen Tuch ab, um seine klare Textur zu erhalten, und es kann seine Tr\u00e4gerin lange begleiten.<\/p>\n<p>1. der Kundendienst<br \/>\nWir bieten einen umfassenden Kundendienst:<\/p>\n<p>2. wenn es nach dem Kauf zu Problemen kommt, wie z.B. Risse in den Kristallen, die nicht von Menschenhand verursacht wurden, k\u00f6nnen Sie innerhalb des angegebenen Zeitraums eine kostenlose Reparatur oder einen Ersatz erhalten.<\/p>\n<p>3. wir bieten lebenslange Pflege, wie regelm\u00e4\u00dfiges Reinigen und Polieren, um den klaren Glanz des wei\u00dfen Kristalls zu erhalten.<\/p>\n<p>(4) Wir f\u00fcgen au\u00dferdem ein Identifikationszertifikat bei, um sicherzustellen, dass es sich bei dem Produkt um nat\u00fcrliches wei\u00dfes Kristall handelt und um zu verhindern, dass minderwertige Produkte als gute Produkte ausgegeben werden.<\/p>\n<p>Pers\u00f6nliche Anpassung<\/p>\n<p>Es erf\u00fcllt pers\u00f6nliche Bed\u00fcrfnisse und erm\u00f6glicht eine individuelle Anpassung in Bezug auf Materialkombination und Design:<\/p>\n<p>Sie k\u00f6nnen wei\u00dfen Kristall, Amethyst und Rosenquarz mit K-Gold oder Silber kombinieren, um einzigartige Ringe oder Anh\u00e4nger zu kreieren.<\/p>\n<p>Sie k\u00f6nnen auch die Schnitzmuster auf der Grundlage Ihrer pers\u00f6nlichen Geschichte anpassen, die Kristallgr\u00f6\u00dfe und die Farbintensit\u00e4t bestimmen und so jedes Kristall-Accessoire zu einer einzigartigen und exklusiven Kollektion machen. Es ist sowohl f\u00fcr den pers\u00f6nlichen Gebrauch als auch zum Verschenken von gro\u00dfer Bedeutung.<\/p>","protected":false},"excerpt":{"rendered":"<p>White crystal is centered around the trait of &#8220;purity&#8221;. Its color isn&#8217;t just plain white; instead, it has a clear, ice-like texture. High-quality crystals are crystal clear without any impurities, just like solidified moonlight. Some of them may have a soft, milky sheen due to tiny inclusions. When lit up, they can refract a delicate [&hellip;]<\/p>","protected":false},"featured_media":1670,"comment_status":"open","ping_status":"closed","template":"","meta":[],"product_brand":[],"product_cat":[41,42],"product_tag":[],"class_list":{"0":"post-1664","1":"product","2":"type-product","3":"status-publish","4":"has-post-thumbnail","6":"product_cat-accessory-crystals","7":"product_cat-pure-color-crystal","9":"first","10":"instock","11":"shipping-taxable","12":"purchasable","13":"product-type-simple"},"_links":{"self":[{"href":"https:\/\/wljk3.com\/de\/wp-json\/wp\/v2\/product\/1664","targetHints":{"allow":["GET"]}}],"collection":[{"href":"https:\/\/wljk3.com\/de\/wp-json\/wp\/v2\/product"}],"about":[{"href":"https:\/\/wljk3.com\/de\/wp-json\/wp\/v2\/types\/product"}],"replies":[{"embeddable":true,"href":"https:\/\/wljk3.com\/de\/wp-json\/wp\/v2\/comments?post=1664"}],"wp:featuredmedia":[{"embeddable":true,"href":"https:\/\/wljk3.com\/de\/wp-json\/wp\/v2\/media\/1670"}],"wp:attachment":[{"href":"https:\/\/wljk3.com\/de\/wp-json\/wp\/v2\/media?parent=1664"}],"wp:term":[{"taxonomy":"product_brand","embeddable":true,"href":"https:\/\/wljk3.com\/de\/wp-json\/wp\/v2\/product_brand?post=1664"},{"taxonomy":"product_cat","embeddable":true,"href":"https:\/\/wljk3.com\/de\/wp-json\/wp\/v2\/product_cat?post=1664"},{"taxonomy":"product_tag","embeddable":true,"href":"https:\/\/wljk3.com\/de\/wp-json\/wp\/v2\/product_tag?post=1664"}],"curies":[{"name":"wp","href":"https:\/\/api.w.org\/{rel}","templated":true}]}}