{"id":1671,"date":"2025-09-09T12:41:25","date_gmt":"2025-09-09T12:41:25","guid":{"rendered":"https:\/\/wljk3.com\/?post_type=product&#038;p=1671"},"modified":"2025-09-15T03:51:39","modified_gmt":"2025-09-15T03:51:39","slug":"collectors-grade-natural-citrine-bracelet-pure-citrine-jewelry-bracelet","status":"publish","type":"product","link":"https:\/\/wljk3.com\/de\/produkt\/collectors-grade-natural-citrine-bracelet-pure-citrine-jewelry-bracelet\/","title":{"rendered":"Collector's Grade Natural Citrin Armband Reiner Citrin Schmuckarmband"},"content":{"rendered":"<p>Gelber Kristall ist bekannt f\u00fcr seine einzigartige \"wohlstandsbezogene Farbe\". Seine Hauptfarben reichen von hellem Zitronengelb bis zu sattem Honiggold.<\/p>\n<p>Hochwertige Exemplare haben eine nat\u00fcrliche Textur wie \"umwickelte Goldf\u00e4den\", mit gleichm\u00e4\u00dfiger und transparenter Farbe. Es gibt keine offensichtlichen baumwollartigen Einschl\u00fcsse oder schwarzen Flecken.<\/p>\n<p>Unter dem Licht zeigt es einen warmen, metallischen Glanz, als ob es das Sonnenlicht in seinem Inneren kondensiert h\u00e4tte, was auf den ersten Blick ein Gef\u00fchl von Luxus vermittelt.<\/p>\n<p>Funktionen und Vorteile<\/p>\n<p>In der Kristallkultur wird der gelbe Kristall oft als \"Tr\u00e4ger von Reichtumsenergie\" angesehen.<\/p>\n<p>Emotionale und berufliche Vorteile: Seine warme gelbe Farbe kann \u00c4ngste lindern und Menschen helfen, bei der Arbeit rational und konzentriert zu bleiben. Sie ist besonders geeignet f\u00fcr Situationen, in denen man h\u00e4ufig Entscheidungen treffen oder mit Druck umgehen muss.<\/p>\n<p>Symbolik f\u00fcr Reichtum und Motivation: Traditionell steht er f\u00fcr ein \"stabiles regelm\u00e4\u00dfiges Einkommen\". Er wird oft verwendet, um die Motivation zum Handeln zu steigern und gibt indirekt psychologische Hinweise zum Erreichen von Zielen.<\/p>\n<p>Gleichzeitig ist er dank seines Glanzes ein gro\u00dfartiges Accessoire f\u00fcr den Alltag. Er verleiht Ihrem Outfit einen Hauch von Eleganz und bietet sowohl dekorative als auch psychologische Komfortwerte.<\/p>\n<p>Bewertung der Qualit\u00e4t<br \/>\nSie k\u00f6nnen die Qualit\u00e4t von gelbem Kristall anhand von drei wichtigen Aspekten beurteilen:<\/p>\n<p>1. die Farbintensit\u00e4t: Diejenigen in Honig - Gold oder tiefem Orange - Gelb ohne andere Farben sind die besten.<\/p>\n<p>Kristallklarheit: Kristalle mit wenigen inneren Rissen und hoher Transparenz, bei denen Sie die \"fadenf\u00f6rmige\" Textur deutlich erkennen k\u00f6nnen, sind von h\u00f6herer Qualit\u00e4t.<\/p>\n<p>Details zur Handwerkskunst: Egal, ob es sich um eine Perlenkette oder eine Schnitzerei handelt, die Oberfl\u00e4che sollte glatt poliert sein und keine Kratzer aufweisen, und die Textur sollte nat\u00fcrlich aussehen, ohne dass sie gezwungenerma\u00dfen zusammengef\u00fcgt wurde. Dies sind die guten Produkte, die es wert sind<br \/>\nAuswahl.<\/p>\n<p>Service nach dem Verkauf<br \/>\nWir bieten einen umfassenden Schutz nach dem Kauf:<\/p>\n<p>Sollten nach dem Kauf Probleme auftreten, wie z.B. nicht von Menschen verursachte Risse in den Kristallen oder deren Abl\u00f6sung, k\u00f6nnen Sie innerhalb des angegebenen Zeitraums eine kostenlose Reparatur oder einen kostenlosen Ersatz erhalten.<\/p>\n<p>bieten auch lebenslange Pflege, wie regelm\u00e4\u00dfiges Reinigen und Polieren, um den transparenten Glanz von gelbem Kristall zu erhalten.<\/p>\n<p>Wir f\u00fcgen auch ein Identifizierungszertifikat bei, um sicherzustellen, dass es sich bei dem Produkt um nat\u00fcrliches gelbes Kristall handelt und um zu verhindern, dass minderwertige Produkte als gute Produkte ausgegeben werden.<\/p>\n<p>Eins-zu-eins-Anpassung<br \/>\nDie Einzelanfertigung erf\u00fcllt pers\u00f6nliche Bed\u00fcrfnisse und erm\u00f6glicht eine individuelle Anpassung in Bezug auf Materialkombination und Design:<\/p>\n<p>Sie k\u00f6nnen gelbes Kristall mit K - Gold oder Silber kombinieren, um einzigartige Ringe oder Anh\u00e4nger zu kreieren.<\/p>\n<p>Sie k\u00f6nnen auch die Schnitzmuster auf der Grundlage Ihrer pers\u00f6nlichen Geschichte anpassen und die Kristallgr\u00f6\u00dfe und Farbintensit\u00e4t bestimmen. Auf diese Weise wird jedes gelbe Kristall-Accessoire zu einer einzigartigen, exklusiven Kollektion, die sowohl f\u00fcr den pers\u00f6nlichen Gebrauch als auch zum Verschenken sehr sinnvoll ist.<\/p>","protected":false},"excerpt":{"rendered":"<p>Yellow crystal is well &#8211; known for its unique &#8220;wealth &#8211; related color&#8221;. Its main colors range from light lemon yellow to rich honey &#8211; gold. High &#8211; quality ones have a natural texture like &#8220;gold threads wrapped around&#8221;, with even and transparent color. There are no obvious cotton &#8211; like inclusions or black spots. [&hellip;]<\/p>","protected":false},"featured_media":1673,"comment_status":"open","ping_status":"closed","template":"","meta":[],"product_brand":[],"product_cat":[41,42],"product_tag":[],"class_list":{"0":"post-1671","1":"product","2":"type-product","3":"status-publish","4":"has-post-thumbnail","6":"product_cat-accessory-crystals","7":"product_cat-pure-color-crystal","9":"first","10":"instock","11":"shipping-taxable","12":"purchasable","13":"product-type-simple"},"_links":{"self":[{"href":"https:\/\/wljk3.com\/de\/wp-json\/wp\/v2\/product\/1671","targetHints":{"allow":["GET"]}}],"collection":[{"href":"https:\/\/wljk3.com\/de\/wp-json\/wp\/v2\/product"}],"about":[{"href":"https:\/\/wljk3.com\/de\/wp-json\/wp\/v2\/types\/product"}],"replies":[{"embeddable":true,"href":"https:\/\/wljk3.com\/de\/wp-json\/wp\/v2\/comments?post=1671"}],"wp:featuredmedia":[{"embeddable":true,"href":"https:\/\/wljk3.com\/de\/wp-json\/wp\/v2\/media\/1673"}],"wp:attachment":[{"href":"https:\/\/wljk3.com\/de\/wp-json\/wp\/v2\/media?parent=1671"}],"wp:term":[{"taxonomy":"product_brand","embeddable":true,"href":"https:\/\/wljk3.com\/de\/wp-json\/wp\/v2\/product_brand?post=1671"},{"taxonomy":"product_cat","embeddable":true,"href":"https:\/\/wljk3.com\/de\/wp-json\/wp\/v2\/product_cat?post=1671"},{"taxonomy":"product_tag","embeddable":true,"href":"https:\/\/wljk3.com\/de\/wp-json\/wp\/v2\/product_tag?post=1671"}],"curies":[{"name":"wp","href":"https:\/\/api.w.org\/{rel}","templated":true}]}}