{"id":1678,"date":"2025-09-09T12:42:35","date_gmt":"2025-09-09T12:42:35","guid":{"rendered":"https:\/\/wljk3.com\/?post_type=product&#038;p=1678"},"modified":"2025-09-15T03:52:39","modified_gmt":"2025-09-15T03:52:39","slug":"angel-blessing-series-natural-crystal-bracelet-green-orchid-yellow-quartz-bracelet","status":"publish","type":"product","link":"https:\/\/wljk3.com\/de\/produkt\/angel-blessing-series-natural-crystal-bracelet-green-orchid-yellow-quartz-bracelet\/","title":{"rendered":"Engel Segen Serie Naturkristall Armband Gr\u00fcne Orchidee Gelber Quarz Armband"},"content":{"rendered":"<p>Unter den Kristalltypen sind das gr\u00fcne Phantom und der gelbe Kristall aufgrund ihrer Bedeutung \"Reichtum anziehen und Sch\u00e4tze sammeln\" sehr beliebt. Jeder von ihnen hat einzigartige Eigenschaften in Bezug auf Farbe, Funktionen und Qualit\u00e4t, was sie zu einer guten Wahl f\u00fcr die Steigerung der Lebensenergie macht.<\/p>\n<p>Farbe<br \/>\nGr\u00fcnes Phantom: Seine Farbe hat einen starken Sinn f\u00fcr \u00dcberlagerungen. Mit tiefem Waldgr\u00fcn oder Dunkelgr\u00fcn als Basis, enth\u00e4lt es wei\u00dfe oder gr\u00fcne Einschl\u00fcsse in Form von Wolken, Pyramiden oder Sch\u00e4tzen - T\u00f6pfe, die sich darin sammeln. Es ist, als ob die Vitalit\u00e4t der Natur in ihm versiegelt w\u00e4re.<\/p>\n<p>Gelber Kristall: Es gibt ihn haupts\u00e4chlich in leuchtendem Zitronengelb und Honiggelb. Hochwertige Kristalle haben eine gleichm\u00e4\u00dfige und helle Farbe ohne Farbflecken. Er sieht aus wie erstarrtes Sonnenlicht und vermittelt auf den ersten Blick ein warmes und lebendiges Gef\u00fchl.<br \/>\nFunktionen und Vorteile<\/p>\n<p>Beide Kristalle drehen sich um das Thema \"Reichtum\".<\/p>\n<p>Gr\u00fcnes Phantom: Er gilt als \"Wohlstandskristall\". Er hilft, das regelm\u00e4\u00dfige Einkommensgl\u00fcck zu stabilisieren, besonders geeignet f\u00fcr B\u00fcroangestellte und Unternehmer. Er kann dabei helfen, Gedanken zu kl\u00e4ren und die Handlungsf\u00e4higkeit zu verbessern.<\/p>\n<p>Gleichzeitig reinigt es negative Emotionen und macht die Menschen gelassener, wenn sie ihre Ziele verfolgen.<\/p>\n<p>Gelber Kristall: Er konzentriert sich auf \"Gl\u00fccksf\u00e4lle und viel Gl\u00fcck mit einflussreichen Menschen\". Er kann die Affinit\u00e4t in sozialen Interaktionen verbessern, Kooperationsm\u00f6glichkeiten und Hilfe von einflussreichen Menschen anziehen.<\/p>\n<p>Es lindert auch \u00c4ngste und verleiht dem Leben eine positive Einstellung, was indirekt eine gute Atmosph\u00e4re f\u00fcr die Anh\u00e4ufung von Verm\u00f6gen schafft.<\/p>\n<p>Qualit\u00e4tsurteil<br \/>\nGr\u00fcnes Phantom: Bevorzugen Sie solche mit vollst\u00e4ndigen Einschlussformen (wie Schatz - Sammelt\u00f6pfe), satten und gleichm\u00e4\u00dfig verteilten Farben und klaren Kristallen ohne offensichtliche Risse.<\/p>\n<p>Gelber Kristall: Achten Sie auf Farbs\u00e4ttigung und Reinheit. Vermeiden Sie solche mit einer gr\u00e4ulichen Farbe oder einer gro\u00dfen Menge an Baumwolle - wie Einschl\u00fcsse oder Eisrisse im Inneren.<br \/>\nNat\u00fcrliche gelbe Kristalle ohne W\u00e4rmebehandlung haben mehr Vorteile in Bezug auf Energie und Sammelwert.<\/p>\n<p>Service nach dem Verkauf<br \/>\nWir bieten einen umfassenden Schutz nach dem Kauf:<\/p>\n<p>Sollten nach dem Kauf Probleme auftreten, wie z.B. nicht von Menschen verursachte Risse in den Kristallen oder deren Abl\u00f6sung, k\u00f6nnen Sie innerhalb des angegebenen Zeitraums eine kostenlose Reparatur oder einen kostenlosen Ersatz erhalten.<\/p>\n<p>Wir bieten auch eine lebenslange Pflege, wie z.B. regelm\u00e4\u00dfiges Reinigen und Polieren, um den transparenten Glanz von gr\u00fcnem Phantom und gelbem Kristall zu erhalten.<\/p>\n<p>Wir f\u00fcgen ein Identifikationszertifikat bei, um sicherzustellen, dass es sich bei den Produkten um nat\u00fcrliche Kristalle handelt und um zu verhindern, dass minderwertige Produkte als gute Produkte ausgegeben werden.<\/p>\n<p>Eins-zu-eins-Anpassung<br \/>\nDie Einzelanfertigung erf\u00fcllt pers\u00f6nliche Bed\u00fcrfnisse und erm\u00f6glicht eine individuelle Anpassung in Bezug auf Materialkombination und Design:<\/p>\n<p>Sie k\u00f6nnen die Kristalle mit K - Gold oder Silber kombinieren, um einzigartige Ringe oder Anh\u00e4nger zu kreieren.<\/p>\n<p>Sie k\u00f6nnen auch die Schnitzmuster auf der Grundlage Ihrer pers\u00f6nlichen Geschichten anpassen und die Kristallgr\u00f6\u00dfe und Farbintensit\u00e4t bestimmen.<\/p>\n<p>Auf diese Weise wird jedes Kristall-Accessoire zu einer einzigartigen, exklusiven Kollektion, die sowohl f\u00fcr den pers\u00f6nlichen Gebrauch als auch zum Verschenken sehr sinnvoll ist.<\/p>","protected":false},"excerpt":{"rendered":"<p>Among crystal types, green phantom and yellow crystal are highly popular due to their meaning of &#8220;attracting wealth and gathering treasures&#8221;. They each have unique features in terms of color, functions, and quality, making them great choices for enhancing life energy. Color Green Phantom: Its color has a strong sense of layering. With deep forest [&hellip;]<\/p>","protected":false},"featured_media":1684,"comment_status":"open","ping_status":"closed","template":"","meta":[],"product_brand":[],"product_cat":[41,42],"product_tag":[],"class_list":{"0":"post-1678","1":"product","2":"type-product","3":"status-publish","4":"has-post-thumbnail","6":"product_cat-accessory-crystals","7":"product_cat-pure-color-crystal","9":"first","10":"instock","11":"shipping-taxable","12":"purchasable","13":"product-type-simple"},"_links":{"self":[{"href":"https:\/\/wljk3.com\/de\/wp-json\/wp\/v2\/product\/1678","targetHints":{"allow":["GET"]}}],"collection":[{"href":"https:\/\/wljk3.com\/de\/wp-json\/wp\/v2\/product"}],"about":[{"href":"https:\/\/wljk3.com\/de\/wp-json\/wp\/v2\/types\/product"}],"replies":[{"embeddable":true,"href":"https:\/\/wljk3.com\/de\/wp-json\/wp\/v2\/comments?post=1678"}],"wp:featuredmedia":[{"embeddable":true,"href":"https:\/\/wljk3.com\/de\/wp-json\/wp\/v2\/media\/1684"}],"wp:attachment":[{"href":"https:\/\/wljk3.com\/de\/wp-json\/wp\/v2\/media?parent=1678"}],"wp:term":[{"taxonomy":"product_brand","embeddable":true,"href":"https:\/\/wljk3.com\/de\/wp-json\/wp\/v2\/product_brand?post=1678"},{"taxonomy":"product_cat","embeddable":true,"href":"https:\/\/wljk3.com\/de\/wp-json\/wp\/v2\/product_cat?post=1678"},{"taxonomy":"product_tag","embeddable":true,"href":"https:\/\/wljk3.com\/de\/wp-json\/wp\/v2\/product_tag?post=1678"}],"curies":[{"name":"wp","href":"https:\/\/api.w.org\/{rel}","templated":true}]}}