{"id":1685,"date":"2025-09-09T12:44:01","date_gmt":"2025-09-09T12:44:01","guid":{"rendered":"https:\/\/wljk3.com\/?post_type=product&#038;p=1685"},"modified":"2025-09-15T03:52:45","modified_gmt":"2025-09-15T03:52:45","slug":"personal-guardian-series-natural-crystal-bracelets-amethyst-bracelet","status":"publish","type":"product","link":"https:\/\/wljk3.com\/de\/produkt\/personal-guardian-series-natural-crystal-bracelets-amethyst-bracelet\/","title":{"rendered":"Personal Guardian Serie Naturkristall Armb\u00e4nder Amethyst Armband"},"content":{"rendered":"<p>Der Ausdruck \"Das Leben ist nur ein Traum\" wird oft verwendet, um die verschwommene Sch\u00f6nheit zu beschreiben, die der Amethyst von Natur aus besitzt. Seine Farbe hat keinen einzigen Farbton. Stattdessen reicht sie von hellem Purpur, das so d\u00fcnn wie Nebel ist, bis hin zu tiefem und sattem Auberginenviolett.<\/p>\n<p>Einige seltene St\u00fccke zeigen sogar einen vertr\u00e4umten Zweifarbverlauf, als ob das Zwielicht in den Kristall geknetet wurde. Im Licht schimmert er in einem sanften und geheimnisvollen Glanz, als ob er einen vagen Traum verbergen w\u00fcrde.<\/p>\n<p>Funktionen und Vorteile<br \/>\nIn der Kristallkultur gilt der Amethyst als \"Stein der Spiritualit\u00e4t\". Er hilft, angespannte Nerven zu beruhigen und ist besonders f\u00fcr Menschen geeignet, die lange Zeit unter hohem Druck stehen.<\/p>\n<p>Wenn Sie ihn vor dem Schlafengehen neben das Kopfkissen legen, kann er helfen, \u00c4ngste abzubauen und die Schlafqualit\u00e4t zu verbessern. Gleichzeitig wird angenommen, dass er Kreativit\u00e4t und Inspiration anregt. Viele Kreative stellen ihn auf ihren Arbeitstisch, um geistige Blockaden zu \u00fcberwinden.<\/p>\n<p>Bewertung der Qualit\u00e4t<br \/>\nEs gibt drei wichtige Punkte, um seine Qualit\u00e4t zu beurteilen:<\/p>\n<p>1. die Reinheit: Der hochwertige Amethyst \"Life Is But a Dream\" hat nur sehr wenige baumwollartige Einschl\u00fcsse oder Eisrisse im Inneren. Der Kristall ist so transparent, als ob nichts vorhanden w\u00e4re, was die violette Farbe noch reiner erscheinen l\u00e4sst.<\/p>\n<p>2. die Farbe: Ein tiefes, gleichm\u00e4\u00dfiges Violett mit einem nat\u00fcrlichen Glanz ist am besten. Vermeiden Sie Farben, die zu hell sind oder Mischfarben haben.<\/p>\n<p>3. geschliffen: Ein exzellenter Schliff kann den Glanz und den zweifarbigen Farbverlauf des Kristalls optimal zur Geltung bringen, wodurch das \"vertr\u00e4umte Gef\u00fchl\" noch deutlicher wird.<\/p>\n<p>Ob als Accessoire getragen oder zu Hause platziert, der hochwertige Amethyst \"Life Is But a Dream\" kann dekorative und energetische Werte miteinander verbinden und wird so zu einem Tr\u00e4ger, der Romantik vermittelt und die Seele beruhigt.<\/p>\n<p>Service nach dem Verkauf<br \/>\nWir bieten einen umfassenden Schutz nach dem Kauf:<\/p>\n<p>Sollten nach dem Kauf Probleme auftreten, wie z.B. nicht von Menschen verursachte Risse in den Kristallen oder deren Abl\u00f6sung, k\u00f6nnen Sie innerhalb des angegebenen Zeitraums eine kostenlose Reparatur oder einen kostenlosen Ersatz erhalten.<\/p>\n<p>Wir bieten auch lebenslange Pflege, wie regelm\u00e4\u00dfiges Reinigen und Polieren, um den transparenten Glanz des Amethysts zu erhalten.<\/p>\n<p>Wir f\u00fcgen ein Identifizierungszertifikat bei, um sicherzustellen, dass es sich bei dem Produkt um einen nat\u00fcrlichen Amethysten handelt und um zu verhindern, dass minderwertige Produkte als gute Produkte ausgegeben werden.<\/p>\n<p>Eins-zu-eins-Anpassung<br \/>\nDie Einzelanfertigung erf\u00fcllt pers\u00f6nliche Bed\u00fcrfnisse und erm\u00f6glicht eine individuelle Anpassung in Bezug auf Materialkombination und Design:<\/p>\n<p>Sie k\u00f6nnen den Amethysten mit K - Gold oder Silber kombinieren, um einzigartige Ringe oder Anh\u00e4nger zu kreieren.<\/p>\n<p>Sie k\u00f6nnen auch die Schnitzmuster auf der Grundlage Ihrer pers\u00f6nlichen Geschichten anpassen und die Kristallgr\u00f6\u00dfe und Farbintensit\u00e4t bestimmen.<\/p>\n<p>Auf diese Weise wird jedes Amethyst-Accessoire zu einer einzigartigen, exklusiven Kollektion, die sowohl f\u00fcr den pers\u00f6nlichen Gebrauch als auch zum Verschenken sehr sinnvoll ist.<\/p>","protected":false},"excerpt":{"rendered":"<p>The term &#8220;Life Is But a Dream&#8221; is often used to describe the hazy beauty that amethyst naturally possesses. Its color isn&#8217;t a single shade. Instead, it ranges from light purple as thin as mist to deep and rich eggplant purple. Some rare pieces even show a dreamy two &#8211; tone gradient, as if twilight [&hellip;]<\/p>","protected":false},"featured_media":1689,"comment_status":"open","ping_status":"closed","template":"","meta":[],"product_brand":[],"product_cat":[41,42],"product_tag":[],"class_list":{"0":"post-1685","1":"product","2":"type-product","3":"status-publish","4":"has-post-thumbnail","6":"product_cat-accessory-crystals","7":"product_cat-pure-color-crystal","9":"first","10":"instock","11":"shipping-taxable","12":"purchasable","13":"product-type-simple"},"_links":{"self":[{"href":"https:\/\/wljk3.com\/de\/wp-json\/wp\/v2\/product\/1685","targetHints":{"allow":["GET"]}}],"collection":[{"href":"https:\/\/wljk3.com\/de\/wp-json\/wp\/v2\/product"}],"about":[{"href":"https:\/\/wljk3.com\/de\/wp-json\/wp\/v2\/types\/product"}],"replies":[{"embeddable":true,"href":"https:\/\/wljk3.com\/de\/wp-json\/wp\/v2\/comments?post=1685"}],"wp:featuredmedia":[{"embeddable":true,"href":"https:\/\/wljk3.com\/de\/wp-json\/wp\/v2\/media\/1689"}],"wp:attachment":[{"href":"https:\/\/wljk3.com\/de\/wp-json\/wp\/v2\/media?parent=1685"}],"wp:term":[{"taxonomy":"product_brand","embeddable":true,"href":"https:\/\/wljk3.com\/de\/wp-json\/wp\/v2\/product_brand?post=1685"},{"taxonomy":"product_cat","embeddable":true,"href":"https:\/\/wljk3.com\/de\/wp-json\/wp\/v2\/product_cat?post=1685"},{"taxonomy":"product_tag","embeddable":true,"href":"https:\/\/wljk3.com\/de\/wp-json\/wp\/v2\/product_tag?post=1685"}],"curies":[{"name":"wp","href":"https:\/\/api.w.org\/{rel}","templated":true}]}}