{"id":1692,"date":"2025-09-09T12:45:20","date_gmt":"2025-09-09T12:45:20","guid":{"rendered":"https:\/\/wljk3.com\/?post_type=product&#038;p=1692"},"modified":"2025-09-15T03:52:55","modified_gmt":"2025-09-15T03:52:55","slug":"personal-guardian-series-pi-xiu-natural-yellow-quartz-yellow-tower-quartz-crystal-bracelet","status":"publish","type":"product","link":"https:\/\/wljk3.com\/de\/produkt\/personal-guardian-series-pi-xiu-natural-yellow-quartz-yellow-tower-quartz-crystal-bracelet\/","title":{"rendered":"Personal Guardian Serie Pi Xiu Nat\u00fcrlicher Gelber Quarz Gelber Turmquarz Kristallarmband"},"content":{"rendered":"<p>Das Gef\u00fchl von Reichtum, das mit gelbem Kristall assoziiert wird, kommt zun\u00e4chst von seiner einzigartigen Farbe. Die besten gelben Kristalle haben einen satten und gleichm\u00e4\u00dfigen goldgelben oder orangegelben Farbton, genau wie geschmolzenes Sonnenlicht oder reifes Bienenwachs.<\/p>\n<p>Diejenigen, die transparent sind und keine Mischfarben enthalten, sehen sogar noch luxuri\u00f6ser aus. Hellgelbe Kristalle oder solche mit wei\u00dfen Flecken sind etwas minderwertig. Hochwertige gelbe Kristalle zeigen oft nat\u00fcrliche Farb\u00fcberg\u00e4nge, die eher lebendig als starr sind.<\/p>\n<p>Funktionen und Vorteile<br \/>\nIn der traditionellen Kultur gilt der gelbe Kristall als \"Wohlstandskristall\" und als Symbol f\u00fcr die Anziehung von Reichtum und Gl\u00fcck. Er wird oft verwendet, um das regelm\u00e4\u00dfige Einkommen zu verbessern, besonders geeignet f\u00fcr Unternehmer und Gesch\u00e4ftsleute,<\/p>\n<p>oder diejenigen, die einen beruflichen Durchbruch anstreben. Er hilft ihnen, ihre Gedanken zu kl\u00e4ren und ihre Entscheidungsf\u00e4higkeit zu st\u00e4rken. Aus der Sicht der modernen Kristallheilkunde wird angenommen, dass er \u00c4ngste lindert, warme und positive Energie bringt, Stress in der Arbeit und im Leben abbaut und die Menschen in einem friedlichen Geisteszustand h\u00e4lt.<\/p>\n<p>Zugleich ist seine warme Farbe sehr dekorativ. Ob in Form von Armb\u00e4ndern, Anh\u00e4ngern oder Dekorationsgegenst\u00e4nden, er verleiht Ihrem Outfit oder Ihrer Einrichtung einen Hauch von Eleganz und Noblesse und verbindet Funktionalit\u00e4t mit \u00c4sthetik.<\/p>\n<p>Bewertung der Qualit\u00e4t<br \/>\nEs gibt drei wichtige Punkte, um die Qualit\u00e4t von gelbem Kristall zu beurteilen:<\/p>\n<p>1. die Klarheit: Kristalle ohne offensichtliche Baumwolle - wie Einschl\u00fcsse, Eisrisse oder andere Verunreinigungen im Inneren - und mit guten Lichtdurchl\u00e4ssigkeitseigenschaften sind von hoher Qualit\u00e4t.<\/p>\n<p>2. der Schliff (f\u00fcr Schmuck): F\u00fcr Schmuck wird ein Schliff mit flachen und symmetrischen Facetten bevorzugt, der das Licht maximal brechen und den Glanz des Kristalls hervorheben kann.<\/p>\n<p>3. das Gewicht: Unter Kristallen gleicher Qualit\u00e4t gilt: Je gr\u00f6\u00dfer der Kristall, desto seltener ist er und desto h\u00f6her ist sein Wert. F\u00fcr das t\u00e4gliche Tragen kann ein Armband von 5 - 10 Millimetern oder ein Anh\u00e4nger von 3 - 5 Karat einen Sinn f\u00fcr Textur zeigen und ist leicht zu kombinieren.<\/p>\n<p>Service nach dem Verkauf<br \/>\nWir bieten einen umfassenden Schutz nach dem Kauf:<\/p>\n<p>Sollten nach dem Kauf Probleme auftreten, wie z.B. nicht von Menschen verursachte Risse in den Kristallen oder deren Abl\u00f6sung, k\u00f6nnen Sie innerhalb des angegebenen Zeitraums eine kostenlose Reparatur oder einen kostenlosen Ersatz erhalten.<\/p>\n<p>Wir bieten auch eine lebenslange Pflege, wie regelm\u00e4\u00dfiges Reinigen und Polieren, um den transparenten Glanz des gelben Kristalls zu erhalten.<\/p>\n<p>Wir f\u00fcgen ein Identifikationszertifikat bei, um sicherzustellen, dass es sich bei dem Produkt um einen nat\u00fcrlichen gelben Kristall handelt und um zu verhindern, dass minderwertige Produkte als gute Produkte ausgegeben werden.<\/p>\n<p>Eins-zu-eins-Anpassung<br \/>\nDie Einzelanfertigung erf\u00fcllt pers\u00f6nliche Bed\u00fcrfnisse und erm\u00f6glicht eine individuelle Anpassung in Bezug auf Materialkombination und Design:<\/p>\n<p>Sie k\u00f6nnen den gelben Kristall mit K - Gold oder Silber kombinieren, um einzigartige Ringe oder Anh\u00e4nger zu kreieren.<\/p>\n<p>Sie k\u00f6nnen auch die Schnitzmuster auf der Grundlage Ihrer pers\u00f6nlichen Geschichten anpassen und die Kristallgr\u00f6\u00dfe und Farbintensit\u00e4t bestimmen.<\/p>\n<p>Auf diese Weise wird jedes Kristall-Accessoire zu einer einzigartigen, exklusiven Kollektion, die sowohl f\u00fcr den pers\u00f6nlichen Gebrauch als auch zum Verschenken sehr sinnvoll ist.<\/p>","protected":false},"excerpt":{"rendered":"<p>The sense of wealth associated with yellow crystal first comes from its unique color. The best yellow crystals have a rich and even golden &#8211; yellow or orange &#8211; yellow hue, just like molten sunlight or ripe beeswax. Those that are transparent without any mixed colors look even more luxurious. Light &#8211; yellow ones or [&hellip;]<\/p>","protected":false},"featured_media":1698,"comment_status":"open","ping_status":"closed","template":"","meta":[],"product_brand":[],"product_cat":[41,42],"product_tag":[],"class_list":{"0":"post-1692","1":"product","2":"type-product","3":"status-publish","4":"has-post-thumbnail","6":"product_cat-accessory-crystals","7":"product_cat-pure-color-crystal","9":"first","10":"instock","11":"shipping-taxable","12":"purchasable","13":"product-type-simple"},"_links":{"self":[{"href":"https:\/\/wljk3.com\/de\/wp-json\/wp\/v2\/product\/1692","targetHints":{"allow":["GET"]}}],"collection":[{"href":"https:\/\/wljk3.com\/de\/wp-json\/wp\/v2\/product"}],"about":[{"href":"https:\/\/wljk3.com\/de\/wp-json\/wp\/v2\/types\/product"}],"replies":[{"embeddable":true,"href":"https:\/\/wljk3.com\/de\/wp-json\/wp\/v2\/comments?post=1692"}],"wp:featuredmedia":[{"embeddable":true,"href":"https:\/\/wljk3.com\/de\/wp-json\/wp\/v2\/media\/1698"}],"wp:attachment":[{"href":"https:\/\/wljk3.com\/de\/wp-json\/wp\/v2\/media?parent=1692"}],"wp:term":[{"taxonomy":"product_brand","embeddable":true,"href":"https:\/\/wljk3.com\/de\/wp-json\/wp\/v2\/product_brand?post=1692"},{"taxonomy":"product_cat","embeddable":true,"href":"https:\/\/wljk3.com\/de\/wp-json\/wp\/v2\/product_cat?post=1692"},{"taxonomy":"product_tag","embeddable":true,"href":"https:\/\/wljk3.com\/de\/wp-json\/wp\/v2\/product_tag?post=1692"}],"curies":[{"name":"wp","href":"https:\/\/api.w.org\/{rel}","templated":true}]}}