{"id":1699,"date":"2025-09-09T12:46:50","date_gmt":"2025-09-09T12:46:50","guid":{"rendered":"https:\/\/wljk3.com\/?post_type=product&#038;p=1699"},"modified":"2025-09-15T03:53:09","modified_gmt":"2025-09-15T03:53:09","slug":"golden-tigers-eye-yellow-topaz-crystal-bracelet-for-women-attract-wealth-premium-original-natural-crystal-bracelet-for-women-elevated-luxury-for-her","status":"publish","type":"product","link":"https:\/\/wljk3.com\/de\/produkt\/golden-tigers-eye-yellow-topaz-crystal-bracelet-for-women-attract-wealth-premium-original-natural-crystal-bracelet-for-women-elevated-luxury-for-her\/","title":{"rendered":"Goldenes Tigerauge Gelbtopas-Kristallarmband f\u00fcr Frauen - Reichtum anziehen Premium Original Naturkristallarmband f\u00fcr Frauen - gehobener Luxus f\u00fcr Sie"},"content":{"rendered":"<p>Die Hauptfarben des goldenen Tigeraugenkristalls sind sattes Goldgelb und Bernstein. Im Inneren des Kristalls erscheint aufgrund der gerichteten Anordnung der Asbestmineralfasern bei Drehung ein scharfer metallischer Glanz, der an die Pupille eines Tigers erinnert und gemeinhin als \"Chatoyancy-Effekt\" oder \"Katzenaugen-Effekt\" bekannt ist.<\/p>\n<p>Bei hochwertigen Steinen ist der Glanz durchg\u00e4ngig, ohne Mischfarben, als ob das Sonnenlicht im Stein eingeschlossen w\u00e4re.<\/p>\n<p>Funktionen und Vorteile<br \/>\nEs wird als \"Energiestabilisator\" angesehen. Einerseits hilft er, \u00c4ngste abzubauen und negative Emotionen zu vertreiben. Er eignet sich besonders f\u00fcr Menschen, die unter gro\u00dfem Druck stehen oder leicht unentschlossen sind, und hilft ihnen dabei, Vertrauen in ihre Entscheidungen aufzubauen.<\/p>\n<p>Auf der anderen Seite entspricht er dem Solarplexus-Chakra im menschlichen K\u00f6rper. Nach traditionellem Glauben kann er die Motivation f\u00f6rdern und das Zaudern verringern, so dass Ideen leichter in die Tat umgesetzt werden k\u00f6nnen.<\/p>\n<p>Au\u00dferdem ist seine Energie sanft und nicht irritierend. Sie brauchen sich keine Sorgen um eine \"Energie\u00fcberlastung\" zu machen, wenn Sie ihn t\u00e4glich tragen. Er ist also f\u00fcr langfristige enge Kontakte geeignet.<\/p>\n<p>Bewertung der Qualit\u00e4t<br \/>\nEs gibt drei wichtige Punkte, um die Qualit\u00e4t des goldenen Tigerauge-Kristalls zu beurteilen:<\/p>\n<p>1. gl\u00e4nzen: Je deutlicher der Chatoyancy-Effekt und je gerader das helle Band beim Drehen ist, desto besser ist die Qualit\u00e4t.<\/p>\n<p>2. die Klarheit: Je weniger baumwollartige Einschl\u00fcsse und Eisrisse im Inneren des Kristalls, desto st\u00e4rker ist das Gef\u00fchl der Transparenz und desto h\u00f6her der Wert.<\/p>\n<p>3. die Farbe: Ein einheitliches, tiefes Goldgelb ist besser als ein helleres oder mit Grau oder Braun gemischtes Gelb. Wenn sie seltene assoziierte Farben wie \"blaues Tigerauge\" oder \"rotes Tigerauge\" aufweist, ist sie noch seltener.<\/p>\n<p>F\u00fcr die t\u00e4gliche Pflege wischen Sie es einfach mit einem weichen Tuch ab und vermeiden Sie den Kontakt mit starken S\u00e4uren und Laugen, damit der Metallglanz lange erhalten bleibt.<\/p>\n<p>Service nach dem Verkauf<br \/>\nWir bieten einen umfassenden Schutz nach dem Kauf:<\/p>\n<p>Sollten nach dem Kauf Probleme auftreten, wie z.B. nicht von Menschen verursachte Risse in den Kristallen oder deren Abl\u00f6sung, k\u00f6nnen Sie innerhalb des angegebenen Zeitraums eine kostenlose Reparatur oder einen kostenlosen Ersatz erhalten.<\/p>\n<p>Einige Marken bieten auch lebenslange Pflege an, wie z.B. regelm\u00e4\u00dfiges Reinigen und Polieren, um den transparenten Glanz des Kristalls zu erhalten.<\/p>\n<p>Wir f\u00fcgen ein Identifikationszertifikat bei, um sicherzustellen, dass es sich um einen nat\u00fcrlichen Kristall handelt und um zu verhindern, dass minderwertige Produkte als gute Produkte ausgegeben werden.<\/p>\n<p>Eins-zu-eins-Anpassung<br \/>\nDie Einzelanfertigung erf\u00fcllt pers\u00f6nliche Bed\u00fcrfnisse und erm\u00f6glicht eine individuelle Anpassung in Bezug auf Materialkombination und Design:<\/p>\n<p>Sie k\u00f6nnen den Kristall mit K - Gold oder Silber kombinieren, um einzigartige Ringe oder Anh\u00e4nger zu kreieren.<\/p>\n<p>Sie k\u00f6nnen auch die Schnitzmuster auf der Grundlage Ihrer pers\u00f6nlichen Geschichten anpassen und die Kristallgr\u00f6\u00dfe und Farbintensit\u00e4t bestimmen.<\/p>\n<p>Auf diese Weise wird jedes Kristall-Accessoire zu einer einzigartigen, exklusiven Kollektion, die sowohl f\u00fcr den pers\u00f6nlichen Gebrauch als auch zum Verschenken sehr sinnvoll ist.<\/p>","protected":false},"excerpt":{"rendered":"<p>The main colors of golden tiger&#8217;s eye crystal are rich golden &#8211; yellow and amber. Inside the crystal, due to the directional arrangement of asbestos mineral fibers, when rotated, a sharp metallic luster like a tiger&#8217;s pupil appears, commonly known as the &#8220;chatoyancy effect&#8221; or &#8220;cat&#8217;s &#8211; eye effect&#8221;. For high &#8211; quality ones, the [&hellip;]<\/p>","protected":false},"featured_media":1706,"comment_status":"open","ping_status":"closed","template":"","meta":[],"product_brand":[],"product_cat":[41,42],"product_tag":[],"class_list":{"0":"post-1699","1":"product","2":"type-product","3":"status-publish","4":"has-post-thumbnail","6":"product_cat-accessory-crystals","7":"product_cat-pure-color-crystal","9":"first","10":"instock","11":"shipping-taxable","12":"purchasable","13":"product-type-simple"},"_links":{"self":[{"href":"https:\/\/wljk3.com\/de\/wp-json\/wp\/v2\/product\/1699","targetHints":{"allow":["GET"]}}],"collection":[{"href":"https:\/\/wljk3.com\/de\/wp-json\/wp\/v2\/product"}],"about":[{"href":"https:\/\/wljk3.com\/de\/wp-json\/wp\/v2\/types\/product"}],"replies":[{"embeddable":true,"href":"https:\/\/wljk3.com\/de\/wp-json\/wp\/v2\/comments?post=1699"}],"wp:featuredmedia":[{"embeddable":true,"href":"https:\/\/wljk3.com\/de\/wp-json\/wp\/v2\/media\/1706"}],"wp:attachment":[{"href":"https:\/\/wljk3.com\/de\/wp-json\/wp\/v2\/media?parent=1699"}],"wp:term":[{"taxonomy":"product_brand","embeddable":true,"href":"https:\/\/wljk3.com\/de\/wp-json\/wp\/v2\/product_brand?post=1699"},{"taxonomy":"product_cat","embeddable":true,"href":"https:\/\/wljk3.com\/de\/wp-json\/wp\/v2\/product_cat?post=1699"},{"taxonomy":"product_tag","embeddable":true,"href":"https:\/\/wljk3.com\/de\/wp-json\/wp\/v2\/product_tag?post=1699"}],"curies":[{"name":"wp","href":"https:\/\/api.w.org\/{rel}","templated":true}]}}