{"id":1711,"date":"2025-09-09T12:47:42","date_gmt":"2025-09-09T12:47:42","guid":{"rendered":"https:\/\/wljk3.com\/?post_type=product&#038;p=1711"},"modified":"2025-09-15T03:53:20","modified_gmt":"2025-09-15T03:53:20","slug":"%e3%80%90purple-fire-of-the-ninth-palace%e3%80%91-wealth-attracting-fortune-reversing-purple-spirit-natural-amethyst-bracelet-large-beads-girlfriend-gift-bracelet","status":"publish","type":"product","link":"https:\/\/wljk3.com\/de\/produkt\/%e3%80%90purple-fire-of-the-ninth-palace%e3%80%91-wealth-attracting-fortune-reversing-purple-spirit-natural-amethyst-bracelet-large-beads-girlfriend-gift-bracelet\/","title":{"rendered":"Lila Feuer des Neunten Palastes\u3011 Reichtum-anziehendes &amp; Gl\u00fcck-umkehrendes Lila Geist Nat\u00fcrliches Amethyst Armband Gro\u00dfe Perlen Freundinnen Geschenk Armband"},"content":{"rendered":"<p>In der faszinierenden Welt der Kristalle sticht der Neun - lila Li - Feuer - lila Phantomkristall mit seinem einzigartigen Charme hervor. Er hat vertr\u00e4umte Farben, vor allem helles Violett, violett-rot, tiefes Violett und blau-violett.<\/p>\n<p>Lila war schon immer ein Symbol f\u00fcr Adel und Eleganz. Der lila Phantomkristall treibt diese Eigenschaft auf die Spitze. Im Licht strahlt er einen sanften Glanz aus, der jeden auf den ersten Blick fesselt.<\/p>\n<p>Formation und einzigartige Merkmale<br \/>\nW\u00e4hrend seines Wachstums enth\u00e4lt der violette Phantomkristall verschiedene Mineralien, wie zum Beispiel vulkanischen Schlamm.<\/p>\n<p>Diese Mineralien bilden im Inneren des Kristalls nat\u00fcrliche Ph\u00e4nomene, wie Wolken, Algen, Strudel und Pyramiden. Deshalb wird er auch \"Ph\u00e4nomen-Kristall\" genannt.<\/p>\n<p>Nutzen und Auswirkungen<\/p>\n<p>1. stimmungsaufhellend: Er wirkt als \"Reiniger\" (hier bedeutet er Stimmungsaufheller). Wenn Sie sich gereizt oder ver\u00e4rgert f\u00fchlen, kann das Tragen dieses Produkts Ihre Emotionen schnell beruhigen und Ihre Stimmung heben.<\/p>\n<p>2. konzentrationsf\u00f6rdernd: Es kann Ihre Konzentration verbessern. Ob Sie nun lernen oder arbeiten, es hilft Ihnen, sich zu konzentrieren und Ihre Effizienz zu steigern.<\/p>\n<p>3. zur Verbesserung der Ausstrahlung: F\u00fcr diejenigen, die ihren weiblichen Charme verst\u00e4rken und ihren Teint verbessern m\u00f6chten, ist der violette Phantomkristall eine ausgezeichnete Wahl.<\/p>\n<p>4. wenn Sie ihn t\u00e4glich tragen, k\u00f6nnen Sie Ihren Charme leicht verbessern.<br \/>\nInsight Promoter: Es kann auch Ihre Einsicht verbessern. Wenn Sie unter gro\u00dfem Druck stehen, hilft es Ihnen, den Kopf frei zu bekommen und Stress abzubauen.<\/p>\n<p>Bewertung der Qualit\u00e4t<br \/>\nHochwertige violette Phantomkristalle haben transparente Kristalle mit klaren und sch\u00f6nen inneren Erscheinungen und satten, reinen Farben.<\/p>\n<p>Ein erstklassiger violetter Phantomkristall k\u00f6nnte zum Beispiel tief violett-rot sein, mit gleichm\u00e4\u00dfig verteilten und einzigartig geformten Einschl\u00fcssen im Inneren, wie ein nat\u00fcrliches Gem\u00e4lde. Achten Sie bei der Auswahl auf einen violetten Phantomkristall ohne offensichtliche Fehler oder Risse im Kristall und mit reichhaltigen und ausgepr\u00e4gten Einschl\u00fcssen.<\/p>\n<p>Solche Kristalle sind nicht nur sch\u00f6ner, sondern haben auch ein st\u00e4rkeres Energiefeld, das seine Wirkung besser entfalten kann und mehr positive Auswirkungen auf Ihr Leben hat.<\/p>\n<p>Service nach dem Verkauf<br \/>\nWir bieten einen umfassenden Schutz nach dem Kauf:<\/p>\n<p>Sollten nach dem Kauf Probleme auftreten, wie z.B. nicht von Menschen verursachte Risse in den Kristallen oder deren Abl\u00f6sung, k\u00f6nnen Sie innerhalb des angegebenen Zeitraums eine kostenlose Reparatur oder einen kostenlosen Ersatz erhalten.<\/p>\n<p>Einige Marken bieten auch lebenslange Pflege an, wie z.B. regelm\u00e4\u00dfiges Reinigen und Polieren, um den transparenten Glanz des Kristalls zu erhalten.<\/p>\n<p>Wir f\u00fcgen ein Identifikationszertifikat bei, um sicherzustellen, dass es sich um einen nat\u00fcrlichen Kristall handelt und um zu verhindern, dass minderwertige Produkte als gute Produkte ausgegeben werden.<\/p>\n<p>Eins-zu-eins-Anpassung<br \/>\nDie Einzelanfertigung erf\u00fcllt pers\u00f6nliche Bed\u00fcrfnisse und erm\u00f6glicht eine individuelle Anpassung in Bezug auf Materialkombination und Design:<\/p>\n<p>Sie k\u00f6nnen den Kristall mit K - Gold oder Silber kombinieren, um einzigartige Ringe oder Anh\u00e4nger zu kreieren.<\/p>\n<p>Sie k\u00f6nnen auch die Schnitzmuster auf der Grundlage Ihrer pers\u00f6nlichen Geschichten anpassen und die Kristallgr\u00f6\u00dfe und Farbintensit\u00e4t bestimmen.<\/p>\n<p>Auf diese Weise wird jedes Kristall-Accessoire zu einer einzigartigen, exklusiven Kollektion, die sowohl f\u00fcr den pers\u00f6nlichen Gebrauch als auch zum Verschenken sehr sinnvoll ist.<\/p>","protected":false},"excerpt":{"rendered":"<p>In the fascinating world of crystals, the nine &#8211; purple Li &#8211; fire purple phantom crystal stands out with its unique charm. It has dreamy colors, mainly including light purple, purplish &#8211; red, deep purple, and blue &#8211; purple. Purple has always symbolized nobility and elegance, and the purple phantom crystal takes this quality to [&hellip;]<\/p>","protected":false},"featured_media":1716,"comment_status":"open","ping_status":"closed","template":"","meta":[],"product_brand":[],"product_cat":[41,42],"product_tag":[],"class_list":{"0":"post-1711","1":"product","2":"type-product","3":"status-publish","4":"has-post-thumbnail","6":"product_cat-accessory-crystals","7":"product_cat-pure-color-crystal","9":"first","10":"instock","11":"featured","12":"shipping-taxable","13":"purchasable","14":"product-type-simple"},"_links":{"self":[{"href":"https:\/\/wljk3.com\/de\/wp-json\/wp\/v2\/product\/1711","targetHints":{"allow":["GET"]}}],"collection":[{"href":"https:\/\/wljk3.com\/de\/wp-json\/wp\/v2\/product"}],"about":[{"href":"https:\/\/wljk3.com\/de\/wp-json\/wp\/v2\/types\/product"}],"replies":[{"embeddable":true,"href":"https:\/\/wljk3.com\/de\/wp-json\/wp\/v2\/comments?post=1711"}],"wp:featuredmedia":[{"embeddable":true,"href":"https:\/\/wljk3.com\/de\/wp-json\/wp\/v2\/media\/1716"}],"wp:attachment":[{"href":"https:\/\/wljk3.com\/de\/wp-json\/wp\/v2\/media?parent=1711"}],"wp:term":[{"taxonomy":"product_brand","embeddable":true,"href":"https:\/\/wljk3.com\/de\/wp-json\/wp\/v2\/product_brand?post=1711"},{"taxonomy":"product_cat","embeddable":true,"href":"https:\/\/wljk3.com\/de\/wp-json\/wp\/v2\/product_cat?post=1711"},{"taxonomy":"product_tag","embeddable":true,"href":"https:\/\/wljk3.com\/de\/wp-json\/wp\/v2\/product_tag?post=1711"}],"curies":[{"name":"wp","href":"https:\/\/api.w.org\/{rel}","templated":true}]}}