{"id":1718,"date":"2025-09-09T12:49:01","date_gmt":"2025-09-09T12:49:01","guid":{"rendered":"https:\/\/wljk3.com\/?post_type=product&#038;p=1718"},"modified":"2025-09-15T03:53:28","modified_gmt":"2025-09-15T03:53:28","slug":"all-thoughts-dissolve-into-emptiness-angel-blessing-series-natural-crystal-bracelet-aquamarine-snowflake-phantom-bracelet","status":"publish","type":"product","link":"https:\/\/wljk3.com\/de\/produkt\/all-thoughts-dissolve-into-emptiness-angel-blessing-series-natural-crystal-bracelet-aquamarine-snowflake-phantom-bracelet\/","title":{"rendered":"\"Alle Gedanken l\u00f6sen sich in Leere auf\" Engel Segen Serie Naturkristall Armband Aquamarin Schneeflocke Phantom Armband"},"content":{"rendered":"<p>Der Wannian Sky Aquamarin Schneeflocken-Kristall hat eine Farbe mit hohem Wiedererkennungswert. Seine Hauptfarbe ist ein klares \"Himmelblau\", das auf nat\u00fcrliche Weise vom hellen Blau der Wolken bis zum leuchtenden Blau eines klaren Himmels \u00fcbergeht.<\/p>\n<p>Im Inneren des Kristalls sind schneeflockenf\u00f6rmige Einschl\u00fcsse wie der erste feine Schnee des Winters. Unter der Lichtbrechung schimmern sie mit winzigen silbernen Reflexen, wodurch die Gesamtfarbe klar und vielschichtig wirkt, als w\u00e4re ein Miniaturhimmel mit dem ersten Schnee darin eingefroren worden.<\/p>\n<p>Funktionen und Vorteile<\/p>\n<p>Er kombiniert die Eigenschaften von Aquamarin und Schneeflocken-Kristall. Die Energie des Aquamarins hilft, \u00c4ngste zu lindern, insbesondere bei Menschen, die unter gro\u00dfem Druck stehen. Er kann Unruhe lindern und den Geist beruhigen<\/p>\n<p>Die \"reinigende\" Eigenschaft des Schneeflocken-Kristalls hilft dabei, verworrene Gedanken zu sortieren, so dass man in einem hektischen Leben einen klaren Kopf beh\u00e4lt und vern\u00fcnftige Entscheidungen treffen kann.<\/p>\n<p>Ob t\u00e4glich getragen oder im B\u00fcro oder Schlafzimmer platziert, es kann nicht nur die M\u00fcdigkeit der Augen durch seine visuelle Frische lindern, sondern auch auf psychologischer Ebene ein Gef\u00fchl der Ruhe vermitteln.<\/p>\n<p>Dies hilft dem Benutzer, innere Konflikte zu reduzieren und sich auf die Gegenwart zu konzentrieren.<\/p>\n<p>Identifizierung der Qualit\u00e4t<br \/>\nAchten Sie bei der Identifizierung seiner Qualit\u00e4t auf drei Aspekte:<\/p>\n<p>1. die Transparenz der Kristalle: Hochwertige Kristalle sollten keine offensichtlichen baumwollartigen Einschl\u00fcsse oder Risse aufweisen und nur nat\u00fcrliche Schneeflockeneinschl\u00fcsse enthalten.<\/p>\n<p>2. die Gleichm\u00e4\u00dfigkeit der Farbe: Die himmelblaue Farbe sollte gleichm\u00e4\u00dfig verteilt sein, ohne lokale Verdunkelungen oder Farbflecken.<\/p>\n<p>3. schneeflockenf\u00f6rmige Einschl\u00fcsse: Sie sollten eine klare Form und eine nat\u00fcrliche Verteilung haben und nicht absichtlich aufgeh\u00e4uft sein. Der Kristall sollte insgesamt einen sauberen und lebendigen Eindruck machen und keine Anzeichen einer tr\u00fcben oder steifen k\u00fcnstlichen Behandlung aufweisen.<\/p>\n<p>Service nach dem Verkauf<br \/>\nWir bieten einen umfassenden Schutz nach dem Kauf:<\/p>\n<p>Sollten nach dem Kauf Probleme auftreten, wie z.B. nicht von Menschen verursachte Risse in den Kristallen oder deren Abl\u00f6sung, k\u00f6nnen Sie innerhalb des angegebenen Zeitraums eine kostenlose Reparatur oder einen kostenlosen Ersatz erhalten.<\/p>\n<p>Einige Marken bieten auch lebenslange Pflege an, wie z.B. regelm\u00e4\u00dfiges Reinigen und Polieren, um den transparenten Glanz des Kristalls zu erhalten.<\/p>\n<p>Wir f\u00fcgen ein Identifikationszertifikat bei, um sicherzustellen, dass es sich um einen nat\u00fcrlichen Kristall handelt und um zu verhindern, dass minderwertige Produkte als gute Produkte ausgegeben werden.<\/p>\n<p>Eins-zu-eins-Anpassung<br \/>\nDie Einzelanfertigung erf\u00fcllt pers\u00f6nliche Bed\u00fcrfnisse und erm\u00f6glicht eine individuelle Anpassung in Bezug auf Materialkombination und Design:<\/p>\n<p>Sie k\u00f6nnen den Kristall mit K - Gold oder Silber kombinieren, um einzigartige Ringe oder Anh\u00e4nger zu kreieren.<\/p>\n<p>Sie k\u00f6nnen auch die Schnitzmuster auf der Grundlage Ihrer pers\u00f6nlichen Geschichten anpassen und die Kristallgr\u00f6\u00dfe und Farbintensit\u00e4t bestimmen.<\/p>\n<p>Auf diese Weise wird jedes Kristall-Accessoire zu einer einzigartigen, exklusiven Kollektion, die sowohl f\u00fcr den pers\u00f6nlichen Gebrauch als auch zum Verschenken sehr sinnvoll ist.<\/p>","protected":false},"excerpt":{"rendered":"<p>The Wannian Sky Aquamarine Snowflake Crystal has a highly recognizable color. Its main color is a clear &#8220;sky blue&#8221;, transitioning naturally from the light blue of wispy clouds to the bright blue of a clear sky. Inside the crystal, snowflake &#8211; shaped inclusions are like the first fine snow of winter. Under the refraction of [&hellip;]<\/p>","protected":false},"featured_media":1729,"comment_status":"open","ping_status":"closed","template":"","meta":[],"product_brand":[],"product_cat":[41,42],"product_tag":[],"class_list":{"0":"post-1718","1":"product","2":"type-product","3":"status-publish","4":"has-post-thumbnail","6":"product_cat-accessory-crystals","7":"product_cat-pure-color-crystal","9":"first","10":"instock","11":"featured","12":"shipping-taxable","13":"purchasable","14":"product-type-simple"},"_links":{"self":[{"href":"https:\/\/wljk3.com\/de\/wp-json\/wp\/v2\/product\/1718","targetHints":{"allow":["GET"]}}],"collection":[{"href":"https:\/\/wljk3.com\/de\/wp-json\/wp\/v2\/product"}],"about":[{"href":"https:\/\/wljk3.com\/de\/wp-json\/wp\/v2\/types\/product"}],"replies":[{"embeddable":true,"href":"https:\/\/wljk3.com\/de\/wp-json\/wp\/v2\/comments?post=1718"}],"wp:featuredmedia":[{"embeddable":true,"href":"https:\/\/wljk3.com\/de\/wp-json\/wp\/v2\/media\/1729"}],"wp:attachment":[{"href":"https:\/\/wljk3.com\/de\/wp-json\/wp\/v2\/media?parent=1718"}],"wp:term":[{"taxonomy":"product_brand","embeddable":true,"href":"https:\/\/wljk3.com\/de\/wp-json\/wp\/v2\/product_brand?post=1718"},{"taxonomy":"product_cat","embeddable":true,"href":"https:\/\/wljk3.com\/de\/wp-json\/wp\/v2\/product_cat?post=1718"},{"taxonomy":"product_tag","embeddable":true,"href":"https:\/\/wljk3.com\/de\/wp-json\/wp\/v2\/product_tag?post=1718"}],"curies":[{"name":"wp","href":"https:\/\/api.w.org\/{rel}","templated":true}]}}