{"id":1730,"date":"2025-09-09T12:50:03","date_gmt":"2025-09-09T12:50:03","guid":{"rendered":"https:\/\/wljk3.com\/?post_type=product&#038;p=1730"},"modified":"2025-09-15T03:53:33","modified_gmt":"2025-09-15T03:53:33","slug":"divine-grace-moonlike-beauty-a-heart-melting-sight-personal-guardian-series-natural-crystal-bracelet-snowflake-phantom-bracelet","status":"publish","type":"product","link":"https:\/\/wljk3.com\/de\/produkt\/divine-grace-moonlike-beauty-a-heart-melting-sight-personal-guardian-series-natural-crystal-bracelet-snowflake-phantom-bracelet\/","title":{"rendered":"\"G\u00f6ttliche Anmut, mond\u00e4hnliche Sch\u00f6nheit: Ein herzschmelzender Anblick\" Personal Guardian Series Naturkristall-Armband Schneeflocken-Phantom-Armband"},"content":{"rendered":"<p>Die feenhafte Sch\u00f6nheit Rosenquarz zeichnet sich als \"sanfter Vertreter\" unter den Kristallen durch seine einzigartigen Farben aus. Seine Farbe ist nicht nur eine einzige Nuance rosa.<\/p>\n<p>Stattdessen weist er einen Farbverlauf von hellem Kirschbl\u00fctenrosa zu Pfirsichrosa auf. Einige hochwertige Kristalle haben sogar einen leichten, mondschein\u00e4hnlichen Perlglanz, als ob Kirschbl\u00fcten im Kristall zerdr\u00fcckt w\u00fcrden.<\/p>\n<p>Bei der Betrachtung unter nat\u00fcrlichem Licht k\u00f6nnen Sie feine Farbb\u00e4nder ohne offensichtliche Fremdfarben oder Mineraliengruben erkennen. Der gesamte Kristall sieht transparent und weich aus.<\/p>\n<p>Funktionen und Vorteile<\/p>\n<p>Er ist weithin als \"emotionaler Heilstein\" anerkannt. Egal, ob Sie ihn t\u00e4glich tragen oder in Ihrem Schlafzimmer aufstellen, er kann helfen, \u00c4ngste zu lindern und den Stress von Arbeit und Leben abzubauen,<\/p>\n<p>beruhigt allm\u00e4hlich Ihren Geist. F\u00fcr diejenigen, die ihre zwischenmenschlichen Beziehungen verbessern m\u00f6chten, kann es die Sympathie erh\u00f6hen und Reibungen in der Kommunikation verringern. Es eignet sich besonders f\u00fcr Menschen, die h\u00e4ufig mit beruflichen oder gesellschaftlichen Situationen zu tun haben.<\/p>\n<p>Gleichzeitig wird angenommen, dass seine sanfte Energie das Herz n\u00e4hrt und den Anwendern hilft, dem Leben positiver zu begegnen und die Selbstakzeptanz und das Selbstvertrauen zu st\u00e4rken.<\/p>\n<p>Bewertung der Qualit\u00e4t<br \/>\nHochwertige Feen - wie der sch\u00f6ne Rosenquarz - sollten drei Hauptkriterien erf\u00fcllen:<\/p>\n<p>1. die Transparenz: Je weniger baumwollartige Einschl\u00fcsse und Eisrisse im Inneren des Kristalls, desto h\u00f6her die Qualit\u00e4t. Kristalle ohne jegliche Verunreinigungen sind besonders wertvoll.<\/p>\n<p>2. die Gleichm\u00e4\u00dfigkeit der Farbe: Der Gesamtfarbton sollte einheitlich sein, ohne offensichtliche Farbblockunterschiede, und die rosa S\u00e4ttigung sollte nat\u00fcrlich und nicht grell sein, was ein Zeichen f\u00fcr erstklassige Produkte ist.<\/p>\n<p>3.Integrit\u00e4t: Egal, ob es sich um Schmuck oder Dekorationsartikel handelt, die Kanten sollten frei von Absplitterungen sein und die Form sollte regelm\u00e4\u00dfig sein. So bleiben die nat\u00fcrliche Sch\u00f6nheit und die Energie des Kristalls am besten erhalten.<\/p>\n<p>Ein solcher Rosenquarz hat nicht nur dekorativen Wert, sondern entfaltet auch seine heilende Wirkung besser.<\/p>\n<p>Service nach dem Verkauf<br \/>\nWir bieten einen umfassenden Schutz nach dem Kauf:<\/p>\n<p>Sollten nach dem Kauf Probleme auftreten, wie z.B. nicht von Menschen verursachte Risse in den Kristallen oder deren Abl\u00f6sung, k\u00f6nnen Sie innerhalb des angegebenen Zeitraums eine kostenlose Reparatur oder einen kostenlosen Ersatz erhalten.<\/p>\n<p>Einige Marken bieten auch lebenslange Pflege an, wie z.B. regelm\u00e4\u00dfiges Reinigen und Polieren, um den transparenten Glanz des Kristalls zu erhalten.<\/p>\n<p>Wir f\u00fcgen ein Identifikationszertifikat bei, um sicherzustellen, dass es sich um einen nat\u00fcrlichen Kristall handelt und um zu verhindern, dass minderwertige Produkte als gute Produkte ausgegeben werden.<\/p>\n<p>Eins-zu-eins-Anpassung<br \/>\nDie Einzelanfertigung erf\u00fcllt pers\u00f6nliche Bed\u00fcrfnisse und erm\u00f6glicht eine individuelle Anpassung in Bezug auf Materialkombination und Design:<\/p>\n<p>Sie k\u00f6nnen den Kristall mit K - Gold oder Silber kombinieren, um einzigartige Ringe oder Anh\u00e4nger zu kreieren.<\/p>\n<p>Sie k\u00f6nnen auch die Schnitzmuster auf der Grundlage Ihrer pers\u00f6nlichen Geschichten anpassen und die Kristallgr\u00f6\u00dfe und Farbintensit\u00e4t bestimmen.<\/p>\n<p>Auf diese Weise wird jedes Kristall-Accessoire zu einer einzigartigen, exklusiven Kollektion, die sowohl f\u00fcr den pers\u00f6nlichen Gebrauch als auch zum Verschenken sehr sinnvoll ist.<\/p>","protected":false},"excerpt":{"rendered":"<p>The fairy &#8211; like beauty rose quartz stands out as the &#8220;gentle representative&#8221; among crystals with its unique colors. Its color isn&#8217;t just a single shade of pink. Instead, it has a gradient transition from light cherry &#8211; blossom pink to peach pink. Some high &#8211; quality crystals even have a faint moonlight &#8211; like [&hellip;]<\/p>","protected":false},"featured_media":1732,"comment_status":"open","ping_status":"closed","template":"","meta":[],"product_brand":[],"product_cat":[41,42],"product_tag":[],"class_list":{"0":"post-1730","1":"product","2":"type-product","3":"status-publish","4":"has-post-thumbnail","6":"product_cat-accessory-crystals","7":"product_cat-pure-color-crystal","9":"first","10":"instock","11":"featured","12":"shipping-taxable","13":"purchasable","14":"product-type-simple"},"_links":{"self":[{"href":"https:\/\/wljk3.com\/de\/wp-json\/wp\/v2\/product\/1730","targetHints":{"allow":["GET"]}}],"collection":[{"href":"https:\/\/wljk3.com\/de\/wp-json\/wp\/v2\/product"}],"about":[{"href":"https:\/\/wljk3.com\/de\/wp-json\/wp\/v2\/types\/product"}],"replies":[{"embeddable":true,"href":"https:\/\/wljk3.com\/de\/wp-json\/wp\/v2\/comments?post=1730"}],"wp:featuredmedia":[{"embeddable":true,"href":"https:\/\/wljk3.com\/de\/wp-json\/wp\/v2\/media\/1732"}],"wp:attachment":[{"href":"https:\/\/wljk3.com\/de\/wp-json\/wp\/v2\/media?parent=1730"}],"wp:term":[{"taxonomy":"product_brand","embeddable":true,"href":"https:\/\/wljk3.com\/de\/wp-json\/wp\/v2\/product_brand?post=1730"},{"taxonomy":"product_cat","embeddable":true,"href":"https:\/\/wljk3.com\/de\/wp-json\/wp\/v2\/product_cat?post=1730"},{"taxonomy":"product_tag","embeddable":true,"href":"https:\/\/wljk3.com\/de\/wp-json\/wp\/v2\/product_tag?post=1730"}],"curies":[{"name":"wp","href":"https:\/\/api.w.org\/{rel}","templated":true}]}}