{"id":1737,"date":"2025-09-09T12:51:03","date_gmt":"2025-09-09T12:51:03","guid":{"rendered":"https:\/\/wljk3.com\/?post_type=product&#038;p=1737"},"modified":"2025-09-15T03:53:38","modified_gmt":"2025-09-15T03:53:38","slug":"%e3%80%90attract-love-luck%e3%80%91original-natural-white-crystal-bracelet-vintage-mine-rose-quartz-bracelet-womens-large-bead-pink-crystal","status":"publish","type":"product","link":"https:\/\/wljk3.com\/de\/produkt\/%e3%80%90attract-love-luck%e3%80%91original-natural-white-crystal-bracelet-vintage-mine-rose-quartz-bracelet-womens-large-bead-pink-crystal\/","title":{"rendered":"\u3010Attract Love Luck\u3011Original Natural White Crystal Bracelet Vintage Mine Rose Quartz Bracelet Women's Large Bead Pink Crystal"},"content":{"rendered":"<p>Rosa Kristall, auch Rosenstein genannt, hat eine zarte und sch\u00f6ne rosa Farbe. Er sieht aus wie die bl\u00fchenden Kirschbl\u00fcten im Fr\u00fchling oder die leichte R\u00f6te auf dem Gesicht eines jungen M\u00e4dchens, was die Menschen auf den ersten Blick gl\u00fccklich macht.<\/p>\n<p>Die bezaubernde rosa Farbe kommt von dem Spurenelement Titan in ihm, und seine einzigartige Farbe l\u00e4sst ihn unter den Kristallen hervorstechen.<\/p>\n<p>Im Volksglauben gilt der rosa Kristall als \"Liebesstein\" mit der guten Bedeutung, die Liebe anzuziehen. Er kann Alleinstehenden helfen, beim anderen Geschlecht beliebter zu werden und den richtigen Partner anzulocken.<\/p>\n<p>Wenn Sie rosafarbenen Kristallschmuck tragen und ausgehen, scheinen Sie von einem s\u00fc\u00dfen Gef\u00fchl umgeben zu sein und ziehen eher die Blicke der anderen auf sich.<\/p>\n<p>Bei verliebten Paaren kann der rosafarbene Kristall die Beziehung stabil halten. Er sorgt daf\u00fcr, dass Sie beide harmonischer und besser miteinander auskommen, weniger Streit und Auseinandersetzungen haben und mehr Verst\u00e4ndnis und Toleranz f\u00fcreinander aufbringen.<\/p>\n<p>Der rosa Kristall hilft nicht nur in Beziehungen, sondern ist auch gut f\u00fcr Ihre k\u00f6rperliche und geistige Gesundheit. Er steht in Verbindung mit dem Herzchakra im menschlichen K\u00f6rper und kann helfen, angespannte und \u00e4ngstliche Gef\u00fchle zu lindern.<\/p>\n<p>Wenn Sie unter gro\u00dfem Druck stehen, ber\u00fchren Sie den rosafarbenen Kristall sanft, und Ihr Herz wird sich allm\u00e4hlich beruhigen. Wenn Sie ihn lange Zeit tragen, kann er auch Ihre Herz- und Lungenfunktionen regulieren und Ihre Schlafqualit\u00e4t verbessern, damit Sie jeden Tag voller Energie sind.<\/p>\n<p>Wenn es um Qualit\u00e4t geht, haben hochwertige rosa Kristalle klare Kristalle mit wenigen Unreinheiten wie Eisspalten und baumwoll\u00e4hnlichen Stoffen im Inneren. Die Farbe ist satt und gleichm\u00e4\u00dfig,<\/p>\n<p>und er zeigt einen lebhaften Glanz unter dem Licht. Hochwertige rosafarbene Kristalle aus Madagaskar zum Beispiel haben eine tiefe und reine Farbe und die Kristalle haben oft nat\u00fcrliche wolkenartige Muster, die f\u00fcr Sammler sehr wertvoll sind.<\/p>\n<p>Qualitativ minderwertige rosafarbene Kristalle hingegen haben in der Regel eine tr\u00fcbe Farbe und viele Verunreinigungen im Inneren, die ihr Aussehen und ihre Energie beeintr\u00e4chtigen.<\/p>\n<p>Wenn Sie auch auf die Liebe hoffen und Ihre Beziehungen verbessern m\u00f6chten, warum w\u00e4hlen Sie dann nicht einen rosa Kristall, der Ihnen gef\u00e4llt? Lassen Sie seine sanfte Energie einen Hauch von Romantik in Ihr Leben bringen.<\/p>\n<p>After - Sales Service<br \/>\nWir bieten einen hervorragenden Kundendienst. Wenn nach dem Kauf ein Problem auftritt, wie z.B. ein Riss in einem nicht von Menschenhand geschaffenen Kristall oder ein Herunterfallen, k\u00f6nnen Sie innerhalb einer bestimmten Frist eine kostenlose Reparatur oder einen Ersatz erhalten.<\/p>\n<p>Einige Marken bieten auch eine lebenslange Pflege an, wie z.B. regelm\u00e4\u00dfiges Reinigen und Polieren, damit der Kristall klar und gl\u00e4nzend bleibt.<\/p>\n<p>Au\u00dferdem erhalten Sie von uns ein Identifizierungszertifikat, um sicherzustellen, dass es sich bei dem Produkt um einen nat\u00fcrlichen Kristall handelt und um zu verhindern, dass schlechte Produkte als gute Produkte ausgegeben werden.<\/p>\n<p>Eins-zu-eins-Anpassung<br \/>\nDie individuelle Anpassung erf\u00fcllt Ihre pers\u00f6nlichen Bed\u00fcrfnisse. Sie k\u00f6nnen alles anpassen, vom Material<\/p>\n<p>passend zum Designstil. Sie k\u00f6nnen die Kristalle mit K - Gold oder Silber kombinieren, um einzigartige Ringe oder Anh\u00e4nger herzustellen.<\/p>\n<p>Sie k\u00f6nnen auch die Schnitzmuster auf der Grundlage Ihrer pers\u00f6nlichen Geschichten anpassen und die Gr\u00f6\u00dfe bestimmen<\/p>","protected":false},"excerpt":{"rendered":"<p>Pink crystal, also called rose stone, has a soft and lovely pink color. It looks just like the cherry blossoms blooming in spring or the faint blush on a young girl&#8217;s face, making people feel happy at first sight. This charming pink color comes from the trace element titanium inside it, and its unique color [&hellip;]<\/p>","protected":false},"featured_media":1739,"comment_status":"open","ping_status":"closed","template":"","meta":[],"product_brand":[],"product_cat":[41,42],"product_tag":[],"class_list":{"0":"post-1737","1":"product","2":"type-product","3":"status-publish","4":"has-post-thumbnail","6":"product_cat-accessory-crystals","7":"product_cat-pure-color-crystal","9":"first","10":"instock","11":"featured","12":"shipping-taxable","13":"purchasable","14":"product-type-simple"},"_links":{"self":[{"href":"https:\/\/wljk3.com\/de\/wp-json\/wp\/v2\/product\/1737","targetHints":{"allow":["GET"]}}],"collection":[{"href":"https:\/\/wljk3.com\/de\/wp-json\/wp\/v2\/product"}],"about":[{"href":"https:\/\/wljk3.com\/de\/wp-json\/wp\/v2\/types\/product"}],"replies":[{"embeddable":true,"href":"https:\/\/wljk3.com\/de\/wp-json\/wp\/v2\/comments?post=1737"}],"wp:featuredmedia":[{"embeddable":true,"href":"https:\/\/wljk3.com\/de\/wp-json\/wp\/v2\/media\/1739"}],"wp:attachment":[{"href":"https:\/\/wljk3.com\/de\/wp-json\/wp\/v2\/media?parent=1737"}],"wp:term":[{"taxonomy":"product_brand","embeddable":true,"href":"https:\/\/wljk3.com\/de\/wp-json\/wp\/v2\/product_brand?post=1737"},{"taxonomy":"product_cat","embeddable":true,"href":"https:\/\/wljk3.com\/de\/wp-json\/wp\/v2\/product_cat?post=1737"},{"taxonomy":"product_tag","embeddable":true,"href":"https:\/\/wljk3.com\/de\/wp-json\/wp\/v2\/product_tag?post=1737"}],"curies":[{"name":"wp","href":"https:\/\/api.w.org\/{rel}","templated":true}]}}