{"id":1601,"date":"2025-09-09T12:28:42","date_gmt":"2025-09-09T12:28:42","guid":{"rendered":"https:\/\/wljk3.com\/?post_type=product&#038;p=1601"},"modified":"2025-09-15T03:50:39","modified_gmt":"2025-09-15T03:50:39","slug":"ocean-blue-crystal-heart-bracelet-with-crystal-pearls-womens-wealth-attracting-jewelry","status":"publish","type":"product","link":"https:\/\/wljk3.com\/es\/producto\/ocean-blue-crystal-heart-bracelet-with-crystal-pearls-womens-wealth-attracting-jewelry\/","title":{"rendered":"Pulsera Coraz\u00f3n de Cristal Azul Oc\u00e9ano con Perlas de Cristal Joyas para Mujer que Atraen la Riqueza"},"content":{"rendered":"<p>El color es el alma del aguamarina. Va desde el azul claro de una playa poco profunda y el azul claro del agua de deshielo de un glaciar hasta el azul profundo del oc\u00e9ano.<\/p>\n<p>Los de alta calidad tienen un color rico y uniforme, sin otros matices, como si un oc\u00e9ano puro estuviera atrapado en el interior del cristal. Bajo la luz, parece a\u00fan m\u00e1s vivo y transparente.<\/p>\n<p>Funciones y ventajas<\/p>\n<p>La aguamarina est\u00e1 ampliamente reconocida como \"piedra curativa emocional\". Ayuda a aliviar la ansiedad y a calmar la inquietud, especialmente indicada para personas sometidas a mucha presi\u00f3n y para quienes se ponen nerviosos con facilidad.<\/p>\n<p>Al llevarlo, se tiene la sensaci\u00f3n de respirar el aire fresco del oc\u00e9ano, calmando poco a poco la mente. Al mismo tiempo, se cree que mejora la capacidad de comunicaci\u00f3n y ayuda a expresar las ideas con claridad, por lo que es ideal para quienes a menudo tienen que negociar, dar discursos o socializar.<\/p>\n<p>Para el d\u00eda a d\u00eda, tiene una textura refrescante que a\u00f1ade un toque de elegancia natural a tu atuendo. Ya sea solo o combinado con otros accesorios, puede elevar tu estilo general.<\/p>\n<p>Evaluaci\u00f3n de la calidad<\/p>\n<p>Se puede juzgar la calidad de la aguamarina a partir de tres aspectos.<\/p>\n<p>1.Lo primero es el color. Cuanto m\u00e1s intenso y uniforme es el azul, m\u00e1s valioso es. El azul claro es fresco pero menos valioso.<\/p>\n<p>2.En segundo lugar est\u00e1 la claridad. Cuantos menos algodones internos, como inclusiones e impurezas, m\u00e1s transparente es el cristal y mayor es su calidad.<\/p>\n<p>3. La tercera es la talla. Un buen corte puede maximizar su color y brillo, haciendo que el cristal parezca m\u00e1s lustroso. Por ejemplo, las tallas ovaladas y en forma de pera suelen resaltar su belleza vivaz.<\/p>\n<p>Consejos de mantenimiento<br \/>\nCuando lo lleves a diario, evita los choques y las altas temperaturas.<\/p>\n<p>Una simple limpieza con un pa\u00f1o suave es suficiente para su mantenimiento, permitiendo que este \"regalo del oc\u00e9ano\" le acompa\u00f1e durante mucho tiempo.<\/p>\n<p>Servicio posventa<\/p>\n<p>Ofrecemos una amplia protecci\u00f3n postventa. Si despu\u00e9s de la compra surgen problemas no provocados por el hombre, como el agrietamiento o la ca\u00edda del cristal, puede disfrutar de servicios gratuitos de reparaci\u00f3n o sustituci\u00f3n en un plazo determinado.<\/p>\n<p>Algunas marcas tambi\u00e9n ofrecen mantenimiento de por vida, como limpieza y pulido regulares, para ayudar a mantener el brillo transparente del cristal.<\/p>\n<p>Adem\u00e1s, se adjuntar\u00e1 un certificado de identificaci\u00f3n para garantizar que el producto es un cristal natural y evitar que productos de calidad inferior se hagan pasar por buenos.<\/p>\n<p>Personalizaci\u00f3n uno a uno<br \/>\nLa personalizaci\u00f3n \"uno a uno\" satisface necesidades personalizadas. Puede personalizarlo todo, desde la combinaci\u00f3n de materiales hasta el estilo del dise\u00f1o.<\/p>\n<p>Puede elegir combinar el cristal con K - oro o plata para crear anillos o colgantes \u00fanicos. Tambi\u00e9n puede personalizar patrones de talla basados en sus historias personales y especificar el tama\u00f1o y la intensidad del color del cristal.<\/p>\n<p>De este modo, cada accesorio de cristal se convierte en una colecci\u00f3n exclusiva \u00fanica en su g\u00e9nero, que tiene un gran significado tanto para uso personal como para regalo.<\/p>","protected":false},"excerpt":{"rendered":"<p>The color is the soul of aquamarine. It ranges from the light blue of a shallow beach and the clear blue of melting glacier water to the deep blue of the ocean. High &#8211; quality ones have a rich, even color with no other hues, as if a pure ocean is trapped inside the crystal. [&hellip;]<\/p>","protected":false},"featured_media":1606,"comment_status":"open","ping_status":"closed","template":"","meta":[],"product_brand":[],"product_cat":[42],"product_tag":[],"class_list":{"0":"post-1601","1":"product","2":"type-product","3":"status-publish","4":"has-post-thumbnail","6":"product_cat-pure-color-crystal","8":"first","9":"instock","10":"featured","11":"shipping-taxable","12":"purchasable","13":"product-type-simple"},"_links":{"self":[{"href":"https:\/\/wljk3.com\/es\/wp-json\/wp\/v2\/product\/1601","targetHints":{"allow":["GET"]}}],"collection":[{"href":"https:\/\/wljk3.com\/es\/wp-json\/wp\/v2\/product"}],"about":[{"href":"https:\/\/wljk3.com\/es\/wp-json\/wp\/v2\/types\/product"}],"replies":[{"embeddable":true,"href":"https:\/\/wljk3.com\/es\/wp-json\/wp\/v2\/comments?post=1601"}],"wp:featuredmedia":[{"embeddable":true,"href":"https:\/\/wljk3.com\/es\/wp-json\/wp\/v2\/media\/1606"}],"wp:attachment":[{"href":"https:\/\/wljk3.com\/es\/wp-json\/wp\/v2\/media?parent=1601"}],"wp:term":[{"taxonomy":"product_brand","embeddable":true,"href":"https:\/\/wljk3.com\/es\/wp-json\/wp\/v2\/product_brand?post=1601"},{"taxonomy":"product_cat","embeddable":true,"href":"https:\/\/wljk3.com\/es\/wp-json\/wp\/v2\/product_cat?post=1601"},{"taxonomy":"product_tag","embeddable":true,"href":"https:\/\/wljk3.com\/es\/wp-json\/wp\/v2\/product_tag?post=1601"}],"curies":[{"name":"wp","href":"https:\/\/api.w.org\/{rel}","templated":true}]}}