{"id":1608,"date":"2025-09-09T12:29:41","date_gmt":"2025-09-09T12:29:41","guid":{"rendered":"https:\/\/wljk3.com\/?post_type=product&#038;p=1608"},"modified":"2025-09-15T03:50:46","modified_gmt":"2025-09-15T03:50:46","slug":"collector-grade-black-rainbow-bracelet-for-men-and-women-high-end-custom-made-crystal-bracelet-with-seven-color-crystals","status":"publish","type":"product","link":"https:\/\/wljk3.com\/es\/producto\/collector-grade-black-rainbow-bracelet-for-men-and-women-high-end-custom-made-crystal-bracelet-with-seven-color-crystals\/","title":{"rendered":"Pulsera arco iris negra de coleccionista para hombre y mujer Pulsera de cristal de alta gama hecha a medida con cristales de siete colores"},"content":{"rendered":"<p>El cristal arco iris negro destaca en el mundo del cristal como \"la luz de las estrellas en la noche oscura\" con sus colores \u00fanicos. Su cuerpo principal tiene un profundo matiz negro-p\u00farpura, como los frutos maduros de grosella negra.<\/p>\n<p>En su interior, contiene diminutas inclusiones similares a pelos o puntos en rojo, oro, plata y otros colores. Al girarlo bajo la luz, parece como si titilara una galaxia, con ricas capas y un fuerte impacto visual. Cada pieza tiene una textura \u00fanica.<\/p>\n<p>Funciones y ventajas<br \/>\nEs bien - reconocido como un \"agregador de energ\u00eda\". Como tipo especial de cristal arco iris, combina las energ\u00edas de varios minerales.<\/p>\n<p>Ayuda a equilibrar las emociones, aliviar la ansiedad y el estr\u00e9s, especialmente indicado para personas sometidas a mucha presi\u00f3n o con emociones sensibles. Llevarlo durante mucho tiempo puede potenciar el aura personal, mejorar la concentraci\u00f3n y la perspicacia, y ayudar a aclarar los pensamientos en la vida y el trabajo.<\/p>\n<p>Desde la perspectiva de la cultura del cristal, tambi\u00e9n se cree que favorece la comunicaci\u00f3n interpersonal, aporta energ\u00eda social positiva e infunde al portador una suave vitalidad, mejorando el estado mental general.<\/p>\n<p>Identificaci\u00f3n de la calidad<br \/>\nHay tres puntos clave para la identificaci\u00f3n de la calidad.<\/p>\n<p>1.Lo primero es el color. Negro puro - p\u00farpura sin otros colores o una sensaci\u00f3n apagada es mejor. Las inclusiones que se distribuyen de manera uniforme y brillante son m\u00e1s valiosos.<\/p>\n<p>2.En segundo lugar est\u00e1 la claridad. Aunque las inclusiones son su caracter\u00edstica, los cristales sin grietas obvias, algod\u00f3n - como sustancias, y otros defectos son de mayor calidad.<\/p>\n<p>3.La tercera es la integridad. En las piezas talladas, las l\u00edneas deben ser suaves y no astillarse. Para las sartas de cuentas, \u00e9stas deben ser de tama\u00f1o uniforme, redondas y gordas para garantizar una textura general unificada.<\/p>\n<p>Asistencia posventa<br \/>\nOfrecemos una clara pol\u00edtica de postventa. Dentro de los 7 d\u00edas despu\u00e9s de la compra, si hay problemas de calidad no hechos por el hombre, puede disfrutar de servicios gratuitos de devoluci\u00f3n o cambio.<\/p>\n<p>Proporcionamos consejos de mantenimiento de por vida, como pasar un pa\u00f1o suave para la limpieza diaria, evitar el contacto con reactivos qu\u00edmicos y realizar un mantenimiento peri\u00f3dico de desmagnetizaci\u00f3n.<\/p>\n<p>Algunas marcas tambi\u00e9n adjuntan certificados de identificaci\u00f3n de la calidad para garantizar que los consumidores compren productos aut\u00e9nticos y no tengan preocupaciones.<\/p>\n<p>Personalizaci\u00f3n uno a uno<br \/>\nEl servicio de personalizaci\u00f3n uno a uno hace que el cristal arco iris negro sea m\u00e1s exclusivo.<\/p>\n<p>Puede elegir el tipo de personalizaci\u00f3n seg\u00fan sus necesidades, como joyas como pulseras, colgantes y anillos, o art\u00edculos decorativos para el hogar.<\/p>\n<p>Ofrecemos dise\u00f1os personalizados y podemos ajustar el m\u00e9todo de tallado del cristal en funci\u00f3n de las necesidades energ\u00e9ticas del usuario.<\/p>\n<p>Durante el proceso de personalizaci\u00f3n, le mantendremos informado en tiempo real de los borradores del dise\u00f1o y del progreso de la producci\u00f3n para garantizar que el producto final satisface plenamente sus expectativas, haciendo de cada pieza personalizada una marca personal \u00fanica.<\/p>","protected":false},"excerpt":{"rendered":"<p>Black rainbow crystal stands out in the crystal world as &#8220;starlight in the dark night&#8221; with its unique colors. Its main body has a deep black &#8211; purple hue, like ripe black currant fruits. Inside, it contains tiny hair &#8211; like or dot &#8211; like inclusions in red, gold, silver, and other colors. When you [&hellip;]<\/p>","protected":false},"featured_media":1610,"comment_status":"open","ping_status":"closed","template":"","meta":[],"product_brand":[],"product_cat":[42],"product_tag":[],"class_list":{"0":"post-1608","1":"product","2":"type-product","3":"status-publish","4":"has-post-thumbnail","6":"product_cat-pure-color-crystal","8":"first","9":"instock","10":"featured","11":"shipping-taxable","12":"purchasable","13":"product-type-simple"},"_links":{"self":[{"href":"https:\/\/wljk3.com\/es\/wp-json\/wp\/v2\/product\/1608","targetHints":{"allow":["GET"]}}],"collection":[{"href":"https:\/\/wljk3.com\/es\/wp-json\/wp\/v2\/product"}],"about":[{"href":"https:\/\/wljk3.com\/es\/wp-json\/wp\/v2\/types\/product"}],"replies":[{"embeddable":true,"href":"https:\/\/wljk3.com\/es\/wp-json\/wp\/v2\/comments?post=1608"}],"wp:featuredmedia":[{"embeddable":true,"href":"https:\/\/wljk3.com\/es\/wp-json\/wp\/v2\/media\/1610"}],"wp:attachment":[{"href":"https:\/\/wljk3.com\/es\/wp-json\/wp\/v2\/media?parent=1608"}],"wp:term":[{"taxonomy":"product_brand","embeddable":true,"href":"https:\/\/wljk3.com\/es\/wp-json\/wp\/v2\/product_brand?post=1608"},{"taxonomy":"product_cat","embeddable":true,"href":"https:\/\/wljk3.com\/es\/wp-json\/wp\/v2\/product_cat?post=1608"},{"taxonomy":"product_tag","embeddable":true,"href":"https:\/\/wljk3.com\/es\/wp-json\/wp\/v2\/product_tag?post=1608"}],"curies":[{"name":"wp","href":"https:\/\/api.w.org\/{rel}","templated":true}]}}