{"id":1615,"date":"2025-09-09T12:30:33","date_gmt":"2025-09-09T12:30:33","guid":{"rendered":"https:\/\/wljk3.com\/?post_type=product&#038;p=1615"},"modified":"2025-09-15T03:50:50","modified_gmt":"2025-09-15T03:50:50","slug":"red-gold-and-rainbow-strawberry-colored-crystal-high-end-custom-made-crystal-bracelet","status":"publish","type":"product","link":"https:\/\/wljk3.com\/es\/producto\/red-gold-and-rainbow-strawberry-colored-crystal-high-end-custom-made-crystal-bracelet\/","title":{"rendered":"Pulsera de cristal rojo, dorado y arco iris color fresa de alta gama hecha a medida"},"content":{"rendered":"<p>El cuarzo fresa dorado destaca como \"mensajero estelar\" en el mundo de los cristales debido a sus colores \u00fanicos. Sus tonos centrales son una mezcla de amarillo dorado intenso y naranja rojizo.<\/p>\n<p>Las inclusiones de hematita o goethita en el interior del cristal se asemejan a semillas de fresa dispersas o a diminutas estrellas bajo la refracci\u00f3n de la luz. Desde el suave dorado claro hasta el lujoso dorado anaranjado intenso, cada pieza tiene su propio halo c\u00e1lido y ofrece una experiencia visual muy relajante.<\/p>\n<p>Funciones y ventajas<\/p>\n<p>El cuarzo fresa dorado se considera un \"banco de energ\u00eda\". Puede ayudar a calmar la ansiedad e infundir calma a las personas sometidas a mucha presi\u00f3n.<\/p>\n<p>Al mismo tiempo, se cree que sus caracter\u00edsticas energ\u00e9ticas aumentan la confianza en uno mismo, permiti\u00e9ndole mostrar un comportamiento m\u00e1s sereno en entornos sociales o laborales.<\/p>\n<p>Llevarlo durante mucho tiempo tambi\u00e9n puede ayudar a mejorar la calidad del sue\u00f1o a trav\u00e9s de un suave campo de energ\u00eda, que permite al cuerpo y a la mente relajarse y recuperarse mejor por la noche.<\/p>\n<p>Evaluaci\u00f3n de la calidad<br \/>\nHay tres puntos clave para juzgar su calidad:<\/p>\n<p>1.Claridad del cristal: El cuarzo fresa dorado de alta calidad es muy transparente y no presenta sustancias algodonosas ni grietas evidentes.<\/p>\n<p>2.Inclusi\u00f3n Distribuci\u00f3n: Cuanto m\u00e1s uniforme y densa sea la distribuci\u00f3n de las \"semillas de fresa\" y m\u00e1s evidente sea el efecto de luz de estrella bajo la luz, mejor ser\u00e1 la calidad.<\/p>\n<p>3.Saturaci\u00f3n del color: Una pieza con un color rico, sin impurezas y con una transici\u00f3n natural entre el oro y el rojo tiene mayor valor para su colecci\u00f3n y uso.<\/p>\n<p>Garant\u00eda postventa<br \/>\nLa asistencia posventa es una garant\u00eda importante para su compra. Ofrecemos un servicio de cambios y devoluciones en 7 d\u00edas sin motivo (siempre que el producto se mantenga en su estado original).<\/p>\n<p>Tambi\u00e9n se proporciona un certificado de identificaci\u00f3n profesional para garantizar que se trata de un cristal natural. En caso de da\u00f1os no causados por el hombre durante el uso, ofrecemos reparaci\u00f3n gratuita o una pol\u00edtica de intercambio de art\u00edculos antiguos, para que pueda comprar sin preocupaciones.<\/p>\n<p>Servicio de personalizaci\u00f3n One - on - One<br \/>\nEl servicio de personalizaci\u00f3n \"uno a uno\" hace que el cuarzo fresa dorado sea a\u00fan m\u00e1s significativo.<\/p>\n<p>Puede elegir la forma del cristal seg\u00fan sus preferencias personales, desde colgantes de forma libre hasta anillos facetados, para satisfacer diferentes necesidades de uso. Tambi\u00e9n puede combinarlo con otras piedras preciosas para dise\u00f1ar joyas exclusivas.<\/p>\n<p>Ya sea para uso personal o como regalo, puede crear un presente \u00fanico, haciendo de cada cuarzo de fresa dorado un precioso portador de historias personales.<\/p>","protected":false},"excerpt":{"rendered":"<p>Golden strawberry quartz stands out as a &#8220;starry messenger&#8221; in the crystal world due to its unique colors. Its core hues are a blend of rich golden yellow and orange &#8211; red. The inclusions of hematite or goethite inside the crystal resemble scattered strawberry seeds or tiny starlights under light refraction. Ranging from the gentle [&hellip;]<\/p>","protected":false},"featured_media":1618,"comment_status":"open","ping_status":"closed","template":"","meta":[],"product_brand":[],"product_cat":[42],"product_tag":[],"class_list":{"0":"post-1615","1":"product","2":"type-product","3":"status-publish","4":"has-post-thumbnail","6":"product_cat-pure-color-crystal","8":"first","9":"instock","10":"featured","11":"shipping-taxable","12":"purchasable","13":"product-type-simple"},"_links":{"self":[{"href":"https:\/\/wljk3.com\/es\/wp-json\/wp\/v2\/product\/1615","targetHints":{"allow":["GET"]}}],"collection":[{"href":"https:\/\/wljk3.com\/es\/wp-json\/wp\/v2\/product"}],"about":[{"href":"https:\/\/wljk3.com\/es\/wp-json\/wp\/v2\/types\/product"}],"replies":[{"embeddable":true,"href":"https:\/\/wljk3.com\/es\/wp-json\/wp\/v2\/comments?post=1615"}],"wp:featuredmedia":[{"embeddable":true,"href":"https:\/\/wljk3.com\/es\/wp-json\/wp\/v2\/media\/1618"}],"wp:attachment":[{"href":"https:\/\/wljk3.com\/es\/wp-json\/wp\/v2\/media?parent=1615"}],"wp:term":[{"taxonomy":"product_brand","embeddable":true,"href":"https:\/\/wljk3.com\/es\/wp-json\/wp\/v2\/product_brand?post=1615"},{"taxonomy":"product_cat","embeddable":true,"href":"https:\/\/wljk3.com\/es\/wp-json\/wp\/v2\/product_cat?post=1615"},{"taxonomy":"product_tag","embeddable":true,"href":"https:\/\/wljk3.com\/es\/wp-json\/wp\/v2\/product_tag?post=1615"}],"curies":[{"name":"wp","href":"https:\/\/api.w.org\/{rel}","templated":true}]}}