{"id":1622,"date":"2025-09-09T12:31:30","date_gmt":"2025-09-09T12:31:30","guid":{"rendered":"https:\/\/wljk3.com\/?post_type=product&#038;p=1622"},"modified":"2025-09-15T03:51:00","modified_gmt":"2025-09-15T03:51:00","slug":"natural-blue-moonlight-bracelet-for-women-crystal-bead-bracelet-jewelry-gift-for-girlfriend-or-best-friends-birthday-premium-crystal","status":"publish","type":"product","link":"https:\/\/wljk3.com\/es\/producto\/natural-blue-moonlight-bracelet-for-women-crystal-bead-bracelet-jewelry-gift-for-girlfriend-or-best-friends-birthday-premium-crystal\/","title":{"rendered":"Pulsera Azul Natural Luz de Luna para Mujer Pulsera de Cuentas de Cristal Joyer\u00eda Regalo para Novia o Mejor Amiga Cumplea\u00f1os Cristal Premium"},"content":{"rendered":"<p>El color de la piedra lunar azul es su caracter\u00edstica m\u00e1s singular. No es un azul puro. En cambio,<\/p>\n<p>sobre una base de cristal blanco o gris claro, hay una tenue iridiscencia azul. Es como el resplandor azul de un lago en una noche de luna.<\/p>\n<p>Al girarlo, la iridiscencia fluye con el \u00e1ngulo, como si la luz de la luna se hubiera encerrado en el interior del cristal, sereno y vivo.<\/p>\n<p>Funciones energ\u00e9ticas<\/p>\n<p>La piedra lunar azul se considera una \"piedra curativa emocional\". Su principal funci\u00f3n es calmar las emociones y aliviar la ansiedad. Ayuda a alejar las emociones negativas y est\u00e1 especialmente indicada para las personas sometidas a mucha presi\u00f3n, las que se irritan con facilidad o las que sufren un baj\u00f3n emocional.<\/p>\n<p>Es como cubrir el coraz\u00f3n con un suave \"coj\u00edn emocional\", que mantiene la calma en medio del caos. Al mismo tiempo, tambi\u00e9n se cree que mejora la intuici\u00f3n, ayudando a ordenar los pensamientos cuando est\u00e1n confusos y a tomar decisiones m\u00e1s acordes con el coraz\u00f3n.<\/p>\n<p>Beneficios diarios<\/p>\n<p>Sus beneficios tambi\u00e9n se reflejan en la regulaci\u00f3n de los estados cotidianos. Llevarlo durante mucho tiempo puede mejorar la calidad del sue\u00f1o, reducir el insomnio y la enso\u00f1aci\u00f3n, y hacer que el descanso sea m\u00e1s apacible.<\/p>\n<p>Tambi\u00e9n puede ayudar a mejorar la concentraci\u00f3n, adecuado para estudiantes o personas que necesitan trabajar durante largas horas, ayudando a reducir las distracciones externas.<\/p>\n<p>Evaluaci\u00f3n de la calidad<br \/>\nHay dos puntos clave para juzgar la calidad de la piedra lunar azul:<\/p>\n<p>1.Iridiscencia: En las piedras lunares azules de alta calidad, la iridiscencia azul es clara y cubre una amplia zona. Cuando se gira, tiene una fuerte sensaci\u00f3n de fluidez. Las que carecen de iridiscencia o la presentan borrosa son de calidad inferior.<\/p>\n<p>2.Pureza del cristal: Cuanto m\u00e1s transparente sea el cristal y menos impurezas tenga, mayor ser\u00e1 su calidad. Las grietas evidentes o las inclusiones algodonosas afectar\u00e1n a su aspecto y a la conducci\u00f3n de energ\u00eda.<\/p>\n<p>Servicio posventa<\/p>\n<p>Ofrecemos amplias garant\u00edas posventa: Si despu\u00e9s de la compra surgen problemas como el agrietamiento o el desprendimiento de cristales debido a factores no humanos, puede disfrutar de servicios gratuitos de reparaci\u00f3n o sustituci\u00f3n dentro de un plazo determinado.<\/p>\n<p>Algunas marcas tambi\u00e9n ofrecen mantenimiento de por vida, como limpieza y pulido regulares, para ayudar a mantener el brillo transparente del cristal. Al mismo tiempo, se adjuntar\u00e1 un certificado de identificaci\u00f3n para garantizar que el producto es un cristal natural y evitar la venta de productos de calidad inferior como si fueran de alta calidad.<\/p>\n<p>Personalizaci\u00f3n personalizada<br \/>\nLa personalizaci\u00f3n uno a uno satisface las necesidades personalizadas. Puede personalizar desde la combinaci\u00f3n de materiales hasta el dise\u00f1o del estilo:<\/p>\n<p>Puede optar por combinar el cristal con joyas de oro de ley o plata e incrustarlo en un anillo o colgante \u00fanicos. Tambi\u00e9n puede personalizar los motivos grabados seg\u00fan sus historias personales.<\/p>\n<p>Puede especificar el tama\u00f1o del cristal y la intensidad del color, lo que convierte a cada joya de cristal en una colecci\u00f3n exclusiva \u00fanica en su especie, de gran valor tanto para uso personal como para regalo.<\/p>","protected":false},"excerpt":{"rendered":"<p>The color of blue moonstone is its most unique feature. It&#8217;s not a pure blue. Instead, on a white or light-gray crystal base, there&#8217;s a faint blue iridescence. It&#8217;s like the shimmering blue light on a lake under a moonlit night. When you turn it, the iridescence flows with the angle, as if the moonlight [&hellip;]<\/p>","protected":false},"featured_media":1625,"comment_status":"open","ping_status":"closed","template":"","meta":[],"product_brand":[],"product_cat":[42],"product_tag":[],"class_list":{"0":"post-1622","1":"product","2":"type-product","3":"status-publish","4":"has-post-thumbnail","6":"product_cat-pure-color-crystal","8":"first","9":"instock","10":"featured","11":"shipping-taxable","12":"purchasable","13":"product-type-simple"},"_links":{"self":[{"href":"https:\/\/wljk3.com\/es\/wp-json\/wp\/v2\/product\/1622","targetHints":{"allow":["GET"]}}],"collection":[{"href":"https:\/\/wljk3.com\/es\/wp-json\/wp\/v2\/product"}],"about":[{"href":"https:\/\/wljk3.com\/es\/wp-json\/wp\/v2\/types\/product"}],"replies":[{"embeddable":true,"href":"https:\/\/wljk3.com\/es\/wp-json\/wp\/v2\/comments?post=1622"}],"wp:featuredmedia":[{"embeddable":true,"href":"https:\/\/wljk3.com\/es\/wp-json\/wp\/v2\/media\/1625"}],"wp:attachment":[{"href":"https:\/\/wljk3.com\/es\/wp-json\/wp\/v2\/media?parent=1622"}],"wp:term":[{"taxonomy":"product_brand","embeddable":true,"href":"https:\/\/wljk3.com\/es\/wp-json\/wp\/v2\/product_brand?post=1622"},{"taxonomy":"product_cat","embeddable":true,"href":"https:\/\/wljk3.com\/es\/wp-json\/wp\/v2\/product_cat?post=1622"},{"taxonomy":"product_tag","embeddable":true,"href":"https:\/\/wljk3.com\/es\/wp-json\/wp\/v2\/product_tag?post=1622"}],"curies":[{"name":"wp","href":"https:\/\/api.w.org\/{rel}","templated":true}]}}