{"id":1643,"date":"2025-09-09T12:35:10","date_gmt":"2025-09-09T12:35:10","guid":{"rendered":"https:\/\/wljk3.com\/?post_type=product&#038;p=1643"},"modified":"2025-09-15T03:51:09","modified_gmt":"2025-09-15T03:51:09","slug":"natural-yellow-tigers-eye-bracelet-for-men-and-women-high-end-tigers-eye-wooden-crystal-bead-bracelet-gift","status":"publish","type":"product","link":"https:\/\/wljk3.com\/es\/producto\/natural-yellow-tigers-eye-bracelet-for-men-and-women-high-end-tigers-eye-wooden-crystal-bead-bracelet-gift\/","title":{"rendered":"Pulsera de ojo de tigre amarillo natural para hombre y mujer Pulsera de cuentas de cristal de madera de ojo de tigre de alta gama para regalo"},"content":{"rendered":"<p>El color del cristal de ojo de tigre amarillo natural es muy caracter\u00edstico. Su color principal var\u00eda en tonos de amarillo dorado, y algunos cristales tienen un c\u00e1lido brillo anaranjado similar al de la cera de abejas.<\/p>\n<p>Cuando se ilumina con luz, muestra un \"efecto ojo de gato\" \u00fanico: una banda de luz viva que se mueve con el cambio del \u00e1ngulo de visi\u00f3n, tan n\u00edtida y suave como el ojo de un tigre, como si almacenara la energ\u00eda de la luz solar.<\/p>\n<p>Funciones y ventajas<\/p>\n<p>Se considera un \"estabilizador energ\u00e9tico\". Por un lado, su energ\u00eda c\u00e1lida puede calmar la ansiedad y ayudar a los usuarios a mantener la calma bajo mucha presi\u00f3n, especialmente indicado para personas con emociones sensibles o que suelen estar en ambientes tensos. Por otro lado, en las creencias tradicionales, simboliza la \"capacidad de emprender acciones\".<\/p>\n<p>Puede ayudar a los usuarios a clarificar objetivos, reducir la indecisi\u00f3n e inyectar energ\u00eda positiva en la vida y el trabajo. Como cristal natural, tambi\u00e9n puede ajustar suavemente el campo energ\u00e9tico circundante a trav\u00e9s de sus propiedades f\u00edsicas, aportando bienestar f\u00edsico y mental.<\/p>\n<p>Identificaci\u00f3n de la calidad<br \/>\nHay tres puntos clave para la identificaci\u00f3n de la calidad:<\/p>\n<p>1.Efecto ojo de gato: Cuanto m\u00e1s clara, continua y centrada sea la banda luminosa, mejor ser\u00e1 la calidad.<\/p>\n<p>2.Transparencia de los cristales: Los cristales con menos impurezas y sin algod\u00f3n obvio - como sustancias o grietas son m\u00e1s preciosos.<\/p>\n<p>3. Uniformidad del color: Para que el cristal de ojo de tigre amarillo sea de primera calidad, el color general debe ser pleno, sin manchas de color abruptas, y debe brillar un lustre natural a trav\u00e9s del color base amarillo dorado.<\/p>\n<p>Servicio posventa<\/p>\n<p>Ofrecemos una amplia protecci\u00f3n postventa. Si despu\u00e9s de la compra surgen problemas no provocados por el hombre, como el agrietamiento o la ca\u00edda del cristal, puede disfrutar de servicios gratuitos de reparaci\u00f3n o sustituci\u00f3n en un plazo determinado.<\/p>\n<p>Algunas marcas tambi\u00e9n ofrecen mantenimiento de por vida, como limpieza y pulido regulares, para ayudar a mantener el brillo transparente del cristal. Adem\u00e1s, se adjunta un certificado de identificaci\u00f3n para garantizar que el producto es un cristal natural y evitar que productos de baja calidad se hagan pasar por buenos.<\/p>\n<p>Personalizaci\u00f3n uno a uno<br \/>\nLa personalizaci\u00f3n \"uno a uno\" satisface necesidades personalizadas. Puede personalizarlo todo, desde la combinaci\u00f3n de materiales hasta el estilo del dise\u00f1o.<\/p>\n<p>Puede elegir combinar el cristal con K - oro o plata para crear anillos o colgantes \u00fanicos. Tambi\u00e9n puede personalizar patrones de talla basados en sus historias personales y especificar el tama\u00f1o y la intensidad del color del cristal.<\/p>\n<p>De este modo, cada pieza de joyer\u00eda de cristal se convierte en una colecci\u00f3n exclusiva \u00fanica en su g\u00e9nero, que tiene un gran significado tanto para uso personal como para regalo.<\/p>","protected":false},"excerpt":{"rendered":"<p>The color of natural yellow tiger&#8217;s eye crystal is highly distinctive. Its main color is varying shades of golden yellow, and some crystals have a warm orange glow similar to beeswax. When illuminated by light, it shows a unique &#8220;cat&#8217;s eye effect&#8221;\u2014a lively light band that moves with the change of viewing angle, as sharp [&hellip;]<\/p>","protected":false},"featured_media":1646,"comment_status":"open","ping_status":"closed","template":"","meta":[],"product_brand":[],"product_cat":[42],"product_tag":[],"class_list":{"0":"post-1643","1":"product","2":"type-product","3":"status-publish","4":"has-post-thumbnail","6":"product_cat-pure-color-crystal","8":"first","9":"instock","10":"shipping-taxable","11":"purchasable","12":"product-type-simple"},"_links":{"self":[{"href":"https:\/\/wljk3.com\/es\/wp-json\/wp\/v2\/product\/1643","targetHints":{"allow":["GET"]}}],"collection":[{"href":"https:\/\/wljk3.com\/es\/wp-json\/wp\/v2\/product"}],"about":[{"href":"https:\/\/wljk3.com\/es\/wp-json\/wp\/v2\/types\/product"}],"replies":[{"embeddable":true,"href":"https:\/\/wljk3.com\/es\/wp-json\/wp\/v2\/comments?post=1643"}],"wp:featuredmedia":[{"embeddable":true,"href":"https:\/\/wljk3.com\/es\/wp-json\/wp\/v2\/media\/1646"}],"wp:attachment":[{"href":"https:\/\/wljk3.com\/es\/wp-json\/wp\/v2\/media?parent=1643"}],"wp:term":[{"taxonomy":"product_brand","embeddable":true,"href":"https:\/\/wljk3.com\/es\/wp-json\/wp\/v2\/product_brand?post=1643"},{"taxonomy":"product_cat","embeddable":true,"href":"https:\/\/wljk3.com\/es\/wp-json\/wp\/v2\/product_cat?post=1643"},{"taxonomy":"product_tag","embeddable":true,"href":"https:\/\/wljk3.com\/es\/wp-json\/wp\/v2\/product_tag?post=1643"}],"curies":[{"name":"wp","href":"https:\/\/api.w.org\/{rel}","templated":true}]}}