{"id":1650,"date":"2025-09-09T12:36:04","date_gmt":"2025-09-09T12:36:04","guid":{"rendered":"https:\/\/wljk3.com\/?post_type=product&#038;p=1650"},"modified":"2025-09-15T03:51:12","modified_gmt":"2025-09-15T03:51:12","slug":"collectors-edition-new-arrival-natural-gemstone-sweet-purple-dragon-crystal-bracelet-purple-crystal-womens-jewelry-gift","status":"publish","type":"product","link":"https:\/\/wljk3.com\/es\/producto\/collectors-edition-new-arrival-natural-gemstone-sweet-purple-dragon-crystal-bracelet-purple-crystal-womens-jewelry-gift\/","title":{"rendered":"Edici\u00f3n de Coleccionista Nueva Llegada Piedra Natural Dulce Pulsera de Cristal Drag\u00f3n Morado Cristal Morado Joyer\u00eda de Mujer Regalo"},"content":{"rendered":"<p>El color de la amatista es su encanto m\u00e1s llamativo. Oscila entre el p\u00farpura claro y el intenso p\u00farpura berenjena, e incluso el raro \"p\u00farpura rosado\" con un matiz de rosa.<\/p>\n<p>Las tonalidades transicionan de forma natural y son ricas en capas. Las amatistas de alta calidad tambi\u00e9n muestran vivas bandas de color bajo la luz, como si el cielo estrellado se hubiera entretejido en el cristal.<\/p>\n<p>Funciones y ventajas<\/p>\n<p>En la cultura del cristal, se cree que la amatista calma las emociones. Ayuda a aliviar la ansiedad y a calmar la irritabilidad, lo que la hace especialmente adecuada para que la lleven a diario o la coloquen alrededor personas sometidas a mucha presi\u00f3n.<\/p>\n<p>Al mismo tiempo, suele considerarse una \"piedra de la sabidur\u00eda\", que simboliza una mayor concentraci\u00f3n y claridad mental. Muchos estudiantes y creadores la colocan sobre sus escritorios. Desde el punto de vista decorativo, el elegante p\u00farpura de la amatista puede combinar f\u00e1cilmente con distintos estilos de ropa.<\/p>\n<p>Ya sea un sencillo collar o una delicada pulsera, puede a\u00f1adir un toque de sofisticaci\u00f3n a cualquier look.<\/p>\n<p>Evaluaci\u00f3n de la calidad<br \/>\nExisten tres criterios b\u00e1sicos para juzgar la calidad de la amatista:<\/p>\n<p>1.Claridad: Las amatistas de alta calidad tienen pocas impurezas internas, como inclusiones algodonosas o grietas de hielo, y el cristal es transparente.<\/p>\n<p>2.Color: Las amatistas con un tono p\u00farpura moderado y uniforme, sin decoloraci\u00f3n, se consideran superiores. Cuanto m\u00e1s claras sean las bandas de color, m\u00e1s preciosas ser\u00e1n.<\/p>\n<p>3.Talla: Las amatistas cortadas adecuadamente pueden refractar mejor la luz y resaltar su brillo. Por ejemplo, las pulseras de cuentas redondas deben asegurarse de que cada cuenta tenga un tama\u00f1o uniforme y una curva suave.<\/p>\n<p>Servicio posventa<\/p>\n<p>Ofrecemos amplias garant\u00edas posventa: Si despu\u00e9s de la compra surgen problemas como el agrietamiento o el desprendimiento de cristales debido a factores no humanos, puede disfrutar de servicios gratuitos de reparaci\u00f3n o sustituci\u00f3n dentro de un plazo determinado.<\/p>\n<p>Algunas marcas tambi\u00e9n ofrecen mantenimiento de por vida, como limpieza y pulido regulares, para ayudar a mantener el brillo transparente de la amatista.<\/p>\n<p>Al mismo tiempo, se adjuntar\u00e1 un certificado de identificaci\u00f3n para garantizar que el producto es una amatista natural y evitar la venta de productos de calidad inferior como si fueran de alta calidad.<\/p>\n<p>Personalizaci\u00f3n personalizada<br \/>\nLa personalizaci\u00f3n uno a uno satisface las necesidades personalizadas. Puede personalizar desde la combinaci\u00f3n de materiales hasta el dise\u00f1o del estilo:<\/p>\n<p>Puede optar por combinar la amatista con joyas de oro de K o plata y hacer que se incruste en un anillo o colgante \u00fanicos. Tambi\u00e9n puede personalizar los motivos grabados seg\u00fan sus historias personales.<\/p>\n<p>Puede especificar el tama\u00f1o del cristal y la intensidad del color, lo que convierte a cada joya de amatista en una colecci\u00f3n exclusiva \u00fanica en su especie, muy significativa tanto para uso personal como para regalo.<\/p>","protected":false},"excerpt":{"rendered":"<p>The color of amethyst is its most eye-catching charm. It ranges from light purple to deep, rich eggplant purple, and even to the rare &#8220;rose purple&#8221; with a tinge of pink. The hues transition naturally and are rich in layers. High-quality amethysts also display lively color bands under light, as if the starry sky has [&hellip;]<\/p>","protected":false},"featured_media":1655,"comment_status":"open","ping_status":"closed","template":"","meta":[],"product_brand":[],"product_cat":[42],"product_tag":[],"class_list":{"0":"post-1650","1":"product","2":"type-product","3":"status-publish","4":"has-post-thumbnail","6":"product_cat-pure-color-crystal","8":"first","9":"instock","10":"shipping-taxable","11":"purchasable","12":"product-type-simple"},"_links":{"self":[{"href":"https:\/\/wljk3.com\/es\/wp-json\/wp\/v2\/product\/1650","targetHints":{"allow":["GET"]}}],"collection":[{"href":"https:\/\/wljk3.com\/es\/wp-json\/wp\/v2\/product"}],"about":[{"href":"https:\/\/wljk3.com\/es\/wp-json\/wp\/v2\/types\/product"}],"replies":[{"embeddable":true,"href":"https:\/\/wljk3.com\/es\/wp-json\/wp\/v2\/comments?post=1650"}],"wp:featuredmedia":[{"embeddable":true,"href":"https:\/\/wljk3.com\/es\/wp-json\/wp\/v2\/media\/1655"}],"wp:attachment":[{"href":"https:\/\/wljk3.com\/es\/wp-json\/wp\/v2\/media?parent=1650"}],"wp:term":[{"taxonomy":"product_brand","embeddable":true,"href":"https:\/\/wljk3.com\/es\/wp-json\/wp\/v2\/product_brand?post=1650"},{"taxonomy":"product_cat","embeddable":true,"href":"https:\/\/wljk3.com\/es\/wp-json\/wp\/v2\/product_cat?post=1650"},{"taxonomy":"product_tag","embeddable":true,"href":"https:\/\/wljk3.com\/es\/wp-json\/wp\/v2\/product_tag?post=1650"}],"curies":[{"name":"wp","href":"https:\/\/api.w.org\/{rel}","templated":true}]}}