{"id":1664,"date":"2025-09-09T12:40:34","date_gmt":"2025-09-09T12:40:34","guid":{"rendered":"https:\/\/wljk3.com\/?post_type=product&#038;p=1664"},"modified":"2025-09-15T03:51:31","modified_gmt":"2025-09-15T03:51:31","slug":"natural-white-crystal-bracelet-for-women-collectors-grade-brazilian-raw-stone-genuine-crystal-bracelet-for-women-couples-gift-2","status":"publish","type":"product","link":"https:\/\/wljk3.com\/es\/producto\/natural-white-crystal-bracelet-for-women-collectors-grade-brazilian-raw-stone-genuine-crystal-bracelet-for-women-couples-gift-2\/","title":{"rendered":"Pulsera de Cristal Blanco Natural para Mujer Grado Coleccionista Piedra Bruta Brasile\u00f1a Pulsera de Cristal Genuino para Mujer Regalo de Pareja"},"content":{"rendered":"<p>El cristal blanco se centra en el rasgo de la \"pureza\". Su color no es simplemente blanco, sino que tiene una textura clara como el hielo. Los cristales de alta calidad son cristalinos, sin impurezas, como la luz de la luna solidificada. Algunos pueden tener un brillo suave y lechoso debido a peque\u00f1as inclusiones. Cuando se iluminan, pueden refractar un delicado brillo, dando una sensaci\u00f3n visual fresca y apacible.<\/p>\n<p>Funciones y ventajas<\/p>\n<p>Est\u00e1 ampliamente reconocida como \"piedra purificadora de energ\u00eda\".<br \/>\nRegulaci\u00f3n emocional: Su suave energ\u00eda ayuda a aliviar la ansiedad y la irritabilidad, especialmente indicada para las personas sometidas a mucha presi\u00f3n y propensas a la ansiedad. Llevarlo puesto o tenerlo cerca puede aportar una sensaci\u00f3n de bienestar psicol\u00f3gico y ayudar a calmar los pensamientos ca\u00f3ticos.<\/p>\n<p>Purificaci\u00f3n del espacio: Muchas personas lo colocan en sus casas u oficinas, creyendo que puede disipar las vibraciones negativas y hacer que el ambiente se sienta m\u00e1s limpio y organizado.<\/p>\n<p>Aumento de la concentraci\u00f3n: Debido a su naturaleza pura, a menudo se asocia con la \"concentraci\u00f3n\". Los estudiantes o quienes necesiten concentrarse en el trabajo pueden llevarlo para reducir las distracciones externas y mejorar la concentraci\u00f3n.<\/p>\n<p>Evaluaci\u00f3n de la calidad<\/p>\n<p>Hay tres aspectos clave para juzgar su calidad:<\/p>\n<p>1.Transparencia: Los cristales blancos de alta calidad son completamente transparentes, sin inclusiones algodonosas evidentes, grietas o manchas negras. Cuantas menos impurezas haya, mayor ser\u00e1 la calidad.<\/p>\n<p>2.Artesan\u00eda de corte: Tanto si se trata de abalorios como de tallas, la superficie debe ser lisa y plana, sin rebabas en los bordes. El brillo puede mostrarse mejor mediante un corte adecuado.<\/p>\n<p>3.Peso: Para cristales del mismo volumen, los de mayor densidad y tacto m\u00e1s pesado suelen tener una textura m\u00e1s densa y de mejor calidad.<\/p>\n<p>Mantenimiento diario<\/p>\n<p>Basta con limpiarlo con un pa\u00f1o suave para mantener su textura transparente, y puede acompa\u00f1ar a quien lo lleva durante mucho tiempo.<\/p>\n<p>1.Servicio posventa<br \/>\nOfrecemos una amplia protecci\u00f3n posventa:<\/p>\n<p>2.Si despu\u00e9s de la compra se producen problemas como el agrietamiento o el desprendimiento de cristales por causas no humanas, puede disfrutar de reparaci\u00f3n o sustituci\u00f3n gratuitas dentro del periodo especificado.<\/p>\n<p>3.Proporcionamos mantenimiento de por vida, como limpieza y pulido regulares, para ayudar a mantener el brillo transparente del cristal blanco.<\/p>\n<p>4.Tambi\u00e9n adjuntamos un certificado de identificaci\u00f3n para garantizar que el producto es cristal blanco natural y evitar que productos de calidad inferior se hagan pasar por buenos.<\/p>\n<p>Personalizaci\u00f3n personalizada<\/p>\n<p>Responde a necesidades personalizadas, permitiendo la personalizaci\u00f3n en cuanto a combinaci\u00f3n de materiales y dise\u00f1o:<\/p>\n<p>Puede optar por combinar cristal blanco, amatista y cuarzo rosa con oro de ley o plata para crear anillos o colgantes \u00fanicos.<\/p>\n<p>Tambi\u00e9n puede personalizar los patrones de tallado bas\u00e1ndose en historias personales, especificar el tama\u00f1o del cristal y la intensidad del color, haciendo de cada accesorio de cristal una colecci\u00f3n exclusiva \u00fanica en su especie. Es muy \u00fatil tanto para uso personal como para regalar.<\/p>","protected":false},"excerpt":{"rendered":"<p>White crystal is centered around the trait of &#8220;purity&#8221;. Its color isn&#8217;t just plain white; instead, it has a clear, ice-like texture. High-quality crystals are crystal clear without any impurities, just like solidified moonlight. Some of them may have a soft, milky sheen due to tiny inclusions. When lit up, they can refract a delicate [&hellip;]<\/p>","protected":false},"featured_media":1670,"comment_status":"open","ping_status":"closed","template":"","meta":[],"product_brand":[],"product_cat":[41,42],"product_tag":[],"class_list":{"0":"post-1664","1":"product","2":"type-product","3":"status-publish","4":"has-post-thumbnail","6":"product_cat-accessory-crystals","7":"product_cat-pure-color-crystal","9":"first","10":"instock","11":"shipping-taxable","12":"purchasable","13":"product-type-simple"},"_links":{"self":[{"href":"https:\/\/wljk3.com\/es\/wp-json\/wp\/v2\/product\/1664","targetHints":{"allow":["GET"]}}],"collection":[{"href":"https:\/\/wljk3.com\/es\/wp-json\/wp\/v2\/product"}],"about":[{"href":"https:\/\/wljk3.com\/es\/wp-json\/wp\/v2\/types\/product"}],"replies":[{"embeddable":true,"href":"https:\/\/wljk3.com\/es\/wp-json\/wp\/v2\/comments?post=1664"}],"wp:featuredmedia":[{"embeddable":true,"href":"https:\/\/wljk3.com\/es\/wp-json\/wp\/v2\/media\/1670"}],"wp:attachment":[{"href":"https:\/\/wljk3.com\/es\/wp-json\/wp\/v2\/media?parent=1664"}],"wp:term":[{"taxonomy":"product_brand","embeddable":true,"href":"https:\/\/wljk3.com\/es\/wp-json\/wp\/v2\/product_brand?post=1664"},{"taxonomy":"product_cat","embeddable":true,"href":"https:\/\/wljk3.com\/es\/wp-json\/wp\/v2\/product_cat?post=1664"},{"taxonomy":"product_tag","embeddable":true,"href":"https:\/\/wljk3.com\/es\/wp-json\/wp\/v2\/product_tag?post=1664"}],"curies":[{"name":"wp","href":"https:\/\/api.w.org\/{rel}","templated":true}]}}