{"id":1692,"date":"2025-09-09T12:45:20","date_gmt":"2025-09-09T12:45:20","guid":{"rendered":"https:\/\/wljk3.com\/?post_type=product&#038;p=1692"},"modified":"2025-09-15T03:52:55","modified_gmt":"2025-09-15T03:52:55","slug":"personal-guardian-series-pi-xiu-natural-yellow-quartz-yellow-tower-quartz-crystal-bracelet","status":"publish","type":"product","link":"https:\/\/wljk3.com\/es\/producto\/personal-guardian-series-pi-xiu-natural-yellow-quartz-yellow-tower-quartz-crystal-bracelet\/","title":{"rendered":"Guardi\u00e1n Personal Serie Pi Xiu Cuarzo Amarillo Natural Torre de Cuarzo Amarillo Cristal Pulsera"},"content":{"rendered":"<p>The sense of wealth associated with yellow crystal first comes from its unique color. The best yellow crystals have a rich and even golden &#8211; yellow or orange &#8211; yellow hue, just like molten sunlight or ripe beeswax.<\/p>\n<p>Those that are transparent without any mixed colors look even more luxurious. Light &#8211; yellow ones or those with white spots are a bit inferior. High &#8211; quality yellow crystals often show natural color &#8211; band transitions, which are lively rather than rigid.<\/p>\n<p>Funciones y ventajas<br \/>\nIn traditional culture, yellow crystal is regarded as a &#8220;wealth crystal&#8221; and a symbol of attracting wealth and good fortune. It&#8217;s often used to enhance regular income luck, especially suitable for entrepreneurs, business people,<\/p>\n<p>or those seeking career breakthroughs. It helps them clarify their thoughts and strengthen their decision &#8211; making abilities. From the perspective of modern crystal healing, it&#8217;s believed to soothe anxiety, bring warm and positive energy, relieve stress from work and life, and keep people in a peaceful state of mind.<\/p>\n<p>At the same time, its warm color is highly decorative. Whether made into bracelets, pendants, or decorative items, it can add a touch of elegance and nobility to outfits or home decor, combining practicality and aesthetic value.<\/p>\n<p>Evaluaci\u00f3n de la calidad<br \/>\nThere are three key points to judge the quality of yellow crystal:<\/p>\n<p>1.Clarity: Crystals with no obvious cotton &#8211; like inclusions, ice cracks, or other impurities inside and good light &#8211; transmission properties are of high quality.<\/p>\n<p>2.Cut (for jewelry): For jewelry, a cut with flat and symmetrical facets that can refract light to the maximum extent and highlight the crystal&#8217;s luster is preferred.<\/p>\n<p>3.Weight: Among crystals of the same quality, the larger the crystal, the rarer it is, and the higher its value. For daily wear, a 5 &#8211; 10 millimeter bracelet or a 3 &#8211; 5 carat pendant can show a sense of texture and is easy to match.<\/p>\n<p>Servicio postventa<br \/>\nOfrecemos una amplia protecci\u00f3n posventa:<\/p>\n<p>Si despu\u00e9s de la compra se produce alg\u00fan problema, como la rotura o el desprendimiento de cristales por causas no humanas, puede disfrutar de reparaci\u00f3n o sustituci\u00f3n gratuitas dentro del plazo especificado.<\/p>\n<p>We also provide lifelong maintenance, such as regular cleaning and polishing, to help maintain the transparent luster of the yellow crystal.<\/p>\n<p>We&#8217;ll attach an identification certificate to ensure the product is a natural yellow crystal and prevent inferior products from being passed off as good ones.<\/p>\n<p>Personalizaci\u00f3n uno a uno<br \/>\nLa personalizaci\u00f3n uno a uno satisface las necesidades personalizadas, permitiendo la personalizaci\u00f3n en t\u00e9rminos de combinaci\u00f3n de materiales y dise\u00f1o:<\/p>\n<p>You can choose to combine the yellow crystal with K &#8211; gold or silver to create unique rings or pendants.<\/p>\n<p>Tambi\u00e9n puede personalizar patrones de talla basados en historias personales y especificar el tama\u00f1o del cristal y la intensidad del color.<\/p>\n<p>De este modo, cada accesorio de cristal se convierte en una colecci\u00f3n exclusiva \u00fanica en su g\u00e9nero, muy significativa tanto para uso personal como para regalo.<\/p>","protected":false},"excerpt":{"rendered":"<p>The sense of wealth associated with yellow crystal first comes from its unique color. The best yellow crystals have a rich and even golden &#8211; yellow or orange &#8211; yellow hue, just like molten sunlight or ripe beeswax. Those that are transparent without any mixed colors look even more luxurious. Light &#8211; yellow ones or [&hellip;]<\/p>","protected":false},"featured_media":1698,"comment_status":"open","ping_status":"closed","template":"","meta":[],"product_brand":[],"product_cat":[41,42],"product_tag":[],"class_list":{"0":"post-1692","1":"product","2":"type-product","3":"status-publish","4":"has-post-thumbnail","6":"product_cat-accessory-crystals","7":"product_cat-pure-color-crystal","9":"first","10":"instock","11":"shipping-taxable","12":"purchasable","13":"product-type-simple"},"_links":{"self":[{"href":"https:\/\/wljk3.com\/es\/wp-json\/wp\/v2\/product\/1692","targetHints":{"allow":["GET"]}}],"collection":[{"href":"https:\/\/wljk3.com\/es\/wp-json\/wp\/v2\/product"}],"about":[{"href":"https:\/\/wljk3.com\/es\/wp-json\/wp\/v2\/types\/product"}],"replies":[{"embeddable":true,"href":"https:\/\/wljk3.com\/es\/wp-json\/wp\/v2\/comments?post=1692"}],"wp:featuredmedia":[{"embeddable":true,"href":"https:\/\/wljk3.com\/es\/wp-json\/wp\/v2\/media\/1698"}],"wp:attachment":[{"href":"https:\/\/wljk3.com\/es\/wp-json\/wp\/v2\/media?parent=1692"}],"wp:term":[{"taxonomy":"product_brand","embeddable":true,"href":"https:\/\/wljk3.com\/es\/wp-json\/wp\/v2\/product_brand?post=1692"},{"taxonomy":"product_cat","embeddable":true,"href":"https:\/\/wljk3.com\/es\/wp-json\/wp\/v2\/product_cat?post=1692"},{"taxonomy":"product_tag","embeddable":true,"href":"https:\/\/wljk3.com\/es\/wp-json\/wp\/v2\/product_tag?post=1692"}],"curies":[{"name":"wp","href":"https:\/\/api.w.org\/{rel}","templated":true}]}}