{"id":1711,"date":"2025-09-09T12:47:42","date_gmt":"2025-09-09T12:47:42","guid":{"rendered":"https:\/\/wljk3.com\/?post_type=product&#038;p=1711"},"modified":"2025-09-15T03:53:20","modified_gmt":"2025-09-15T03:53:20","slug":"%e3%80%90purple-fire-of-the-ninth-palace%e3%80%91-wealth-attracting-fortune-reversing-purple-spirit-natural-amethyst-bracelet-large-beads-girlfriend-gift-bracelet","status":"publish","type":"product","link":"https:\/\/wljk3.com\/es\/producto\/%e3%80%90purple-fire-of-the-ninth-palace%e3%80%91-wealth-attracting-fortune-reversing-purple-spirit-natural-amethyst-bracelet-large-beads-girlfriend-gift-bracelet\/","title":{"rendered":"\u3010Fuego p\u00farpura del noveno palacio\u3011 Pulsera de amatista natural de esp\u00edritu p\u00farpura que atrae la riqueza y revierte la fortuna Cuentas grandes Pulsera de regalo para novia"},"content":{"rendered":"<p>En el fascinante mundo de los cristales, el cristal fantasma Li - fuego p\u00farpura nueve destaca por su encanto \u00fanico. Posee colores de ensue\u00f1o, entre los que destacan el p\u00farpura claro, el rojo p\u00farpura, el p\u00farpura intenso y el azul p\u00farpura.<\/p>\n<p>El p\u00farpura siempre ha simbolizado nobleza y elegancia, y el cristal fantasma p\u00farpura lleva esta cualidad al extremo. Bajo la luz, emite un suave resplandor capaz de cautivar a cualquiera a primera vista.<\/p>\n<p>Formaci\u00f3n y caracter\u00edsticas \u00fanicas<br \/>\nDurante su crecimiento, el cristal fantasma p\u00farpura contiene diversos minerales, como barro volc\u00e1nico.<\/p>\n<p>Estos minerales forman fen\u00f3menos naturales en el interior del cristal, como nubes, algas, remolinos y pir\u00e1mides. Por eso tambi\u00e9n se llama \"cristal fen\u00f3meno\".<\/p>\n<p>Beneficios y efectos<\/p>\n<p>1.Calmante del estado de \u00e1nimo: Act\u00faa como un \"purificador\" (en este caso, significa un purificador del estado de \u00e1nimo). Cuando te sientas irritable o molesto, llevarlo puede calmar r\u00e1pidamente tus emociones y levantarte el \u00e1nimo.<\/p>\n<p>2.Potenciador de la concentraci\u00f3n: Puede mejorar tu concentraci\u00f3n. Tanto si est\u00e1s estudiando o trabajando, te ayuda a concentrarte profundamente y mejorar la eficiencia.<\/p>\n<p>3.Potenciador del encanto: Para quienes deseen potenciar su encanto femenino y mejorar su complexi\u00f3n, el cristal fantasma morado es una excelente elecci\u00f3n.<\/p>\n<p>4.Wearing \u00e9l diariamente puede realzar f\u00e1cilmente your\u6c14\u8d28 (encanto).<br \/>\nPromotor de la perspicacia: Tambi\u00e9n puede mejorar tu perspicacia. Cuando est\u00e1s bajo mucha presi\u00f3n, te ayuda a despejar la mente y a reducir el estr\u00e9s.<\/p>\n<p>Evaluaci\u00f3n de la calidad<br \/>\nLos cristales fantasma p\u00farpura de alta calidad tienen cristales transparentes con fen\u00f3menos internos claros y bellos y colores ricos y puros.<\/p>\n<p>Por ejemplo, un cristal fantasma p\u00farpura de primera clase puede ser de color rojo p\u00farpura intenso, con inclusiones uniformemente distribuidas y de forma \u00fanica en el interior, como una pintura natural. Al elegir, trate de escoger un cristal fantasma p\u00farpura sin defectos o grietas evidentes en el cristal y con inclusiones ricas y distintivas.<\/p>\n<p>Estos cristales no s\u00f3lo son m\u00e1s bellos, sino que tambi\u00e9n tienen un campo energ\u00e9tico m\u00e1s fuerte, que puede ejercer mejor sus efectos y aportar m\u00e1s impactos positivos a tu vida.<\/p>\n<p>Servicio postventa<br \/>\nOfrecemos una amplia protecci\u00f3n posventa:<\/p>\n<p>Si despu\u00e9s de la compra se produce alg\u00fan problema, como la rotura o el desprendimiento de cristales por causas no humanas, puede disfrutar de reparaci\u00f3n o sustituci\u00f3n gratuitas dentro del plazo especificado.<\/p>\n<p>Algunas marcas tambi\u00e9n ofrecen mantenimiento de por vida, como limpieza y pulido regulares, para ayudar a mantener el brillo transparente del cristal.<\/p>\n<p>Adjuntaremos un certificado de identificaci\u00f3n para garantizar que el producto es un cristal natural y evitar que productos de calidad inferior se hagan pasar por buenos.<\/p>\n<p>Personalizaci\u00f3n uno a uno<br \/>\nLa personalizaci\u00f3n uno a uno satisface las necesidades personalizadas, permitiendo la personalizaci\u00f3n en t\u00e9rminos de combinaci\u00f3n de materiales y dise\u00f1o:<\/p>\n<p>Puede optar por combinar el cristal con K - oro o plata para crear anillos o colgantes \u00fanicos.<\/p>\n<p>Tambi\u00e9n puede personalizar patrones de talla basados en historias personales y especificar el tama\u00f1o del cristal y la intensidad del color.<\/p>\n<p>De este modo, cada accesorio de cristal se convierte en una colecci\u00f3n exclusiva \u00fanica en su g\u00e9nero, muy significativa tanto para uso personal como para regalo.<\/p>","protected":false},"excerpt":{"rendered":"<p>In the fascinating world of crystals, the nine &#8211; purple Li &#8211; fire purple phantom crystal stands out with its unique charm. It has dreamy colors, mainly including light purple, purplish &#8211; red, deep purple, and blue &#8211; purple. Purple has always symbolized nobility and elegance, and the purple phantom crystal takes this quality to [&hellip;]<\/p>","protected":false},"featured_media":1716,"comment_status":"open","ping_status":"closed","template":"","meta":[],"product_brand":[],"product_cat":[41,42],"product_tag":[],"class_list":{"0":"post-1711","1":"product","2":"type-product","3":"status-publish","4":"has-post-thumbnail","6":"product_cat-accessory-crystals","7":"product_cat-pure-color-crystal","9":"first","10":"instock","11":"featured","12":"shipping-taxable","13":"purchasable","14":"product-type-simple"},"_links":{"self":[{"href":"https:\/\/wljk3.com\/es\/wp-json\/wp\/v2\/product\/1711","targetHints":{"allow":["GET"]}}],"collection":[{"href":"https:\/\/wljk3.com\/es\/wp-json\/wp\/v2\/product"}],"about":[{"href":"https:\/\/wljk3.com\/es\/wp-json\/wp\/v2\/types\/product"}],"replies":[{"embeddable":true,"href":"https:\/\/wljk3.com\/es\/wp-json\/wp\/v2\/comments?post=1711"}],"wp:featuredmedia":[{"embeddable":true,"href":"https:\/\/wljk3.com\/es\/wp-json\/wp\/v2\/media\/1716"}],"wp:attachment":[{"href":"https:\/\/wljk3.com\/es\/wp-json\/wp\/v2\/media?parent=1711"}],"wp:term":[{"taxonomy":"product_brand","embeddable":true,"href":"https:\/\/wljk3.com\/es\/wp-json\/wp\/v2\/product_brand?post=1711"},{"taxonomy":"product_cat","embeddable":true,"href":"https:\/\/wljk3.com\/es\/wp-json\/wp\/v2\/product_cat?post=1711"},{"taxonomy":"product_tag","embeddable":true,"href":"https:\/\/wljk3.com\/es\/wp-json\/wp\/v2\/product_tag?post=1711"}],"curies":[{"name":"wp","href":"https:\/\/api.w.org\/{rel}","templated":true}]}}