{"id":1718,"date":"2025-09-09T12:49:01","date_gmt":"2025-09-09T12:49:01","guid":{"rendered":"https:\/\/wljk3.com\/?post_type=product&#038;p=1718"},"modified":"2025-09-15T03:53:28","modified_gmt":"2025-09-15T03:53:28","slug":"all-thoughts-dissolve-into-emptiness-angel-blessing-series-natural-crystal-bracelet-aquamarine-snowflake-phantom-bracelet","status":"publish","type":"product","link":"https:\/\/wljk3.com\/es\/producto\/all-thoughts-dissolve-into-emptiness-angel-blessing-series-natural-crystal-bracelet-aquamarine-snowflake-phantom-bracelet\/","title":{"rendered":"\"Todos los Pensamientos se Disuelven en el Vac\u00edo\" Angel Blessing Series Natural Crystal Bracelet Aquamarine Snowflake Phantom Bracelet"},"content":{"rendered":"<p>El Cristal Copo de Nieve Aguamarina Cielo de Wannian tiene un color muy reconocible. Su color principal es un \"azul cielo\" claro, que pasa de forma natural del azul claro de las nubes difusas al azul brillante de un cielo despejado.<\/p>\n<p>En el interior del cristal, las inclusiones en forma de copo de nieve son como la primera fina nevada del invierno. Bajo la refracci\u00f3n de la luz, brillan con diminutos destellos plateados, haciendo que el color general sea a la vez claro y estratificado, como si en su interior se hubiera congelado un cielo en miniatura con las primeras nieves.<\/p>\n<p>Funciones y ventajas<\/p>\n<p>Combina las caracter\u00edsticas de la aguamarina y el cristal de copo de nieve. La energ\u00eda del aguamarina ayuda a calmar la ansiedad, especialmente en personas sometidas a mucha presi\u00f3n. Puede aliviar la inquietud y calmar la mente.<\/p>\n<p>La propiedad \"purificadora\" del cristal de copo de nieve ayuda a ordenar los pensamientos confusos, lo que permite a las personas mantener la lucidez y tomar decisiones acertadas en medio de una vida ajetreada.<\/p>\n<p>Tanto si se lleva a diario como si se coloca en la oficina o el dormitorio, no s\u00f3lo relaja la fatiga ocular por su frescura visual, sino que tambi\u00e9n aporta una sensaci\u00f3n de tranquilidad a nivel psicol\u00f3gico.<\/p>\n<p>Esto ayuda a los usuarios a reducir los conflictos internos y a centrarse en el presente.<\/p>\n<p>Identificaci\u00f3n de la calidad<br \/>\nA la hora de identificar su calidad, presta atenci\u00f3n a tres aspectos:<\/p>\n<p>1. Transparencia del cristal: Los cristales de alta calidad no deben tener inclusiones o grietas obvias como las del algod\u00f3n, conservando \u00fanicamente las inclusiones naturales de los copos de nieve.<\/p>\n<p>2. Uniformidad del color: El color azul cielo debe estar uniformemente distribuido sin oscurecimientos locales ni manchas de color.<\/p>\n<p>3.Inclusiones en forma de copo de nieve: Deben tener una forma clara y una distribuci\u00f3n natural, no amontonadas deliberadamente. El cristal en su conjunto debe dar una sensaci\u00f3n de limpieza y viveza en lugar de mostrar signos de tratamiento artificial turbio o r\u00edgido.<\/p>\n<p>Servicio postventa<br \/>\nOfrecemos una amplia protecci\u00f3n posventa:<\/p>\n<p>Si despu\u00e9s de la compra se produce alg\u00fan problema, como la rotura o el desprendimiento de cristales por causas no humanas, puede disfrutar de reparaci\u00f3n o sustituci\u00f3n gratuitas dentro del plazo especificado.<\/p>\n<p>Algunas marcas tambi\u00e9n ofrecen mantenimiento de por vida, como limpieza y pulido regulares, para ayudar a mantener el brillo transparente del cristal.<\/p>\n<p>Adjuntaremos un certificado de identificaci\u00f3n para garantizar que el producto es un cristal natural y evitar que productos de calidad inferior se hagan pasar por buenos.<\/p>\n<p>Personalizaci\u00f3n uno a uno<br \/>\nLa personalizaci\u00f3n uno a uno satisface las necesidades personalizadas, permitiendo la personalizaci\u00f3n en t\u00e9rminos de combinaci\u00f3n de materiales y dise\u00f1o:<\/p>\n<p>Puede optar por combinar el cristal con K - oro o plata para crear anillos o colgantes \u00fanicos.<\/p>\n<p>Tambi\u00e9n puede personalizar patrones de talla basados en historias personales y especificar el tama\u00f1o del cristal y la intensidad del color.<\/p>\n<p>De este modo, cada accesorio de cristal se convierte en una colecci\u00f3n exclusiva \u00fanica en su g\u00e9nero, muy significativa tanto para uso personal como para regalo.<\/p>","protected":false},"excerpt":{"rendered":"<p>The Wannian Sky Aquamarine Snowflake Crystal has a highly recognizable color. Its main color is a clear &#8220;sky blue&#8221;, transitioning naturally from the light blue of wispy clouds to the bright blue of a clear sky. Inside the crystal, snowflake &#8211; shaped inclusions are like the first fine snow of winter. Under the refraction of [&hellip;]<\/p>","protected":false},"featured_media":1729,"comment_status":"open","ping_status":"closed","template":"","meta":[],"product_brand":[],"product_cat":[41,42],"product_tag":[],"class_list":{"0":"post-1718","1":"product","2":"type-product","3":"status-publish","4":"has-post-thumbnail","6":"product_cat-accessory-crystals","7":"product_cat-pure-color-crystal","9":"first","10":"instock","11":"featured","12":"shipping-taxable","13":"purchasable","14":"product-type-simple"},"_links":{"self":[{"href":"https:\/\/wljk3.com\/es\/wp-json\/wp\/v2\/product\/1718","targetHints":{"allow":["GET"]}}],"collection":[{"href":"https:\/\/wljk3.com\/es\/wp-json\/wp\/v2\/product"}],"about":[{"href":"https:\/\/wljk3.com\/es\/wp-json\/wp\/v2\/types\/product"}],"replies":[{"embeddable":true,"href":"https:\/\/wljk3.com\/es\/wp-json\/wp\/v2\/comments?post=1718"}],"wp:featuredmedia":[{"embeddable":true,"href":"https:\/\/wljk3.com\/es\/wp-json\/wp\/v2\/media\/1729"}],"wp:attachment":[{"href":"https:\/\/wljk3.com\/es\/wp-json\/wp\/v2\/media?parent=1718"}],"wp:term":[{"taxonomy":"product_brand","embeddable":true,"href":"https:\/\/wljk3.com\/es\/wp-json\/wp\/v2\/product_brand?post=1718"},{"taxonomy":"product_cat","embeddable":true,"href":"https:\/\/wljk3.com\/es\/wp-json\/wp\/v2\/product_cat?post=1718"},{"taxonomy":"product_tag","embeddable":true,"href":"https:\/\/wljk3.com\/es\/wp-json\/wp\/v2\/product_tag?post=1718"}],"curies":[{"name":"wp","href":"https:\/\/api.w.org\/{rel}","templated":true}]}}