{"id":1730,"date":"2025-09-09T12:50:03","date_gmt":"2025-09-09T12:50:03","guid":{"rendered":"https:\/\/wljk3.com\/?post_type=product&#038;p=1730"},"modified":"2025-09-15T03:53:33","modified_gmt":"2025-09-15T03:53:33","slug":"divine-grace-moonlike-beauty-a-heart-melting-sight-personal-guardian-series-natural-crystal-bracelet-snowflake-phantom-bracelet","status":"publish","type":"product","link":"https:\/\/wljk3.com\/es\/producto\/divine-grace-moonlike-beauty-a-heart-melting-sight-personal-guardian-series-natural-crystal-bracelet-snowflake-phantom-bracelet\/","title":{"rendered":"\"Gracia Divina, Belleza Lunar: Una visi\u00f3n que derrite el coraz\u00f3n\" Serie Guardi\u00e1n Personal Pulsera de Cristal Natural Copo de Nieve Pulsera Fantasma"},"content":{"rendered":"<p>El cuarzo rosa, de belleza similar a la de las hadas, destaca como el \"representante gentil\" entre los cristales con sus colores \u00fanicos. Su color no es s\u00f3lo un tono de rosa.<\/p>\n<p>En su lugar, presenta una transici\u00f3n gradual del rosa cereza claro al rosa melocot\u00f3n. Algunos cristales de alta calidad tienen incluso un tenue brillo nacarado similar al de la luz de la luna, como si dentro del cristal se hubieran aplastado flores de cerezo.<\/p>\n<p>Cuando se observa bajo luz natural, se pueden ver finas bandas de color sin colores extra\u00f1os evidentes ni picaduras de minerales. Todo el cristal parece transparente y suave.<\/p>\n<p>Funciones y ventajas<\/p>\n<p>Est\u00e1 ampliamente reconocida como \"piedra curativa emocional\". Tanto si la llevas a diario como si la colocas en tu dormitorio, puede ayudar a calmar la ansiedad y aliviar el estr\u00e9s del trabajo y la vida,<\/p>\n<p>Calma gradualmente la mente. Para quienes desean mejorar sus relaciones interpersonales, puede potenciar la afinidad y reducir las fricciones durante la comunicaci\u00f3n,especialmente indicado para personas que se enfrentan a menudo a situaciones laborales o sociales.<\/p>\n<p>Al mismo tiempo, se cree que su suave energ\u00eda nutre el coraz\u00f3n, ayudando a los usuarios a afrontar la vida de forma m\u00e1s positiva y aumentando la autoaceptaci\u00f3n y la confianza en s\u00ed mismos.<\/p>\n<p>Evaluaci\u00f3n de la calidad<br \/>\nLas hadas de alta calidad, como el cuarzo rosa de belleza, deben cumplir tres criterios b\u00e1sicos:<\/p>\n<p>1.Transparencia: Cuantos menos algodones -como inclusiones y grietas de hielo- haya en el interior del cristal, mayor ser\u00e1 su calidad. Los cristales sin impurezas son especialmente valiosos.<\/p>\n<p>2. Uniformidad del color: El tono general del color debe ser uniforme, sin diferencias obvias entre bloques de color, y la saturaci\u00f3n del rosa debe ser natural y no deslumbrante, lo que es signo de productos de primera calidad.<\/p>\n<p>3.Integridad: Tanto si se trata de joyas como de art\u00edculos decorativos, los bordes deben estar libres de astillas y la forma debe ser regular. Esto puede maximizar la conservaci\u00f3n de la belleza natural y la energ\u00eda del cristal.<\/p>\n<p>Este cuarzo rosa no s\u00f3lo tiene valor ornamental, sino que tambi\u00e9n ejerce mejor sus efectos curativos.<\/p>\n<p>Servicio postventa<br \/>\nOfrecemos una amplia protecci\u00f3n posventa:<\/p>\n<p>Si despu\u00e9s de la compra se produce alg\u00fan problema, como la rotura o el desprendimiento de cristales por causas no humanas, puede disfrutar de reparaci\u00f3n o sustituci\u00f3n gratuitas dentro del plazo especificado.<\/p>\n<p>Algunas marcas tambi\u00e9n ofrecen mantenimiento de por vida, como limpieza y pulido regulares, para ayudar a mantener el brillo transparente del cristal.<\/p>\n<p>Adjuntaremos un certificado de identificaci\u00f3n para garantizar que el producto es un cristal natural y evitar que productos de calidad inferior se hagan pasar por buenos.<\/p>\n<p>Personalizaci\u00f3n uno a uno<br \/>\nLa personalizaci\u00f3n uno a uno satisface las necesidades personalizadas, permitiendo la personalizaci\u00f3n en t\u00e9rminos de combinaci\u00f3n de materiales y dise\u00f1o:<\/p>\n<p>Puede optar por combinar el cristal con K - oro o plata para crear anillos o colgantes \u00fanicos.<\/p>\n<p>Tambi\u00e9n puede personalizar patrones de talla basados en historias personales y especificar el tama\u00f1o del cristal y la intensidad del color.<\/p>\n<p>De este modo, cada accesorio de cristal se convierte en una colecci\u00f3n exclusiva \u00fanica en su g\u00e9nero, muy significativa tanto para uso personal como para regalo.<\/p>","protected":false},"excerpt":{"rendered":"<p>The fairy &#8211; like beauty rose quartz stands out as the &#8220;gentle representative&#8221; among crystals with its unique colors. Its color isn&#8217;t just a single shade of pink. Instead, it has a gradient transition from light cherry &#8211; blossom pink to peach pink. Some high &#8211; quality crystals even have a faint moonlight &#8211; like [&hellip;]<\/p>","protected":false},"featured_media":1732,"comment_status":"open","ping_status":"closed","template":"","meta":[],"product_brand":[],"product_cat":[41,42],"product_tag":[],"class_list":{"0":"post-1730","1":"product","2":"type-product","3":"status-publish","4":"has-post-thumbnail","6":"product_cat-accessory-crystals","7":"product_cat-pure-color-crystal","9":"first","10":"instock","11":"featured","12":"shipping-taxable","13":"purchasable","14":"product-type-simple"},"_links":{"self":[{"href":"https:\/\/wljk3.com\/es\/wp-json\/wp\/v2\/product\/1730","targetHints":{"allow":["GET"]}}],"collection":[{"href":"https:\/\/wljk3.com\/es\/wp-json\/wp\/v2\/product"}],"about":[{"href":"https:\/\/wljk3.com\/es\/wp-json\/wp\/v2\/types\/product"}],"replies":[{"embeddable":true,"href":"https:\/\/wljk3.com\/es\/wp-json\/wp\/v2\/comments?post=1730"}],"wp:featuredmedia":[{"embeddable":true,"href":"https:\/\/wljk3.com\/es\/wp-json\/wp\/v2\/media\/1732"}],"wp:attachment":[{"href":"https:\/\/wljk3.com\/es\/wp-json\/wp\/v2\/media?parent=1730"}],"wp:term":[{"taxonomy":"product_brand","embeddable":true,"href":"https:\/\/wljk3.com\/es\/wp-json\/wp\/v2\/product_brand?post=1730"},{"taxonomy":"product_cat","embeddable":true,"href":"https:\/\/wljk3.com\/es\/wp-json\/wp\/v2\/product_cat?post=1730"},{"taxonomy":"product_tag","embeddable":true,"href":"https:\/\/wljk3.com\/es\/wp-json\/wp\/v2\/product_tag?post=1730"}],"curies":[{"name":"wp","href":"https:\/\/api.w.org\/{rel}","templated":true}]}}