{"id":1737,"date":"2025-09-09T12:51:03","date_gmt":"2025-09-09T12:51:03","guid":{"rendered":"https:\/\/wljk3.com\/?post_type=product&#038;p=1737"},"modified":"2025-09-15T03:53:38","modified_gmt":"2025-09-15T03:53:38","slug":"%e3%80%90attract-love-luck%e3%80%91original-natural-white-crystal-bracelet-vintage-mine-rose-quartz-bracelet-womens-large-bead-pink-crystal","status":"publish","type":"product","link":"https:\/\/wljk3.com\/es\/producto\/%e3%80%90attract-love-luck%e3%80%91original-natural-white-crystal-bracelet-vintage-mine-rose-quartz-bracelet-womens-large-bead-pink-crystal\/","title":{"rendered":"\u3010Attract Love Luck\u3011Original Natural White Crystal Bracelet Vintage Mine Rose Quartz Bracelet Women's Large Bead Pink Crystal"},"content":{"rendered":"<p>El cristal rosa, tambi\u00e9n llamado piedra rosa, tiene un color rosa suave y encantador. Se parece a las flores de cerezo que florecen en primavera o al leve rubor en la cara de una joven, lo que hace que la gente se sienta feliz a primera vista.<\/p>\n<p>Este encantador color rosa procede del oligoelemento titanio que lleva en su interior, y su color \u00fanico hace que destaque entre los cristales.<\/p>\n<p>En la creencia popular, el cristal rosa se considera la \"piedra del amor\" con el buen significado de atraer el amor. Puede ayudar a los solteros a ser m\u00e1s populares entre el sexo opuesto y atraer hacia ellos a la pareja adecuada.<\/p>\n<p>Cuando llevas joyas de cristal rosa y sales a la calle, parece que te rodea un sentimiento dulce y es m\u00e1s probable que atraigas las miradas de los dem\u00e1s.<\/p>\n<p>Para las parejas de enamorados, el cristal rosa puede mantener estable la relaci\u00f3n, haciendo que ambos se lleven con m\u00e1s armon\u00eda y dulzura, reduciendo las peleas y discusiones, y aumentando la comprensi\u00f3n y tolerancia mutuas.<\/p>\n<p>Adem\u00e1s de ayudar en las relaciones, el cristal rosa tambi\u00e9n es bueno para la salud f\u00edsica y mental. Est\u00e1 relacionado con el chakra del coraz\u00f3n del cuerpo humano y puede ayudar a aliviar los sentimientos de tensi\u00f3n y ansiedad.<\/p>\n<p>Cuando est\u00e9 bajo mucha presi\u00f3n, toque suavemente el cristal rosa, y su coraz\u00f3n se calmar\u00e1 gradualmente. Llevarlo durante mucho tiempo tambi\u00e9n puede ajustar las funciones del coraz\u00f3n y los pulmones y mejorar la calidad del sue\u00f1o, manteni\u00e9ndole lleno de energ\u00eda todos los d\u00edas.<\/p>\n<p>Cuando se trata de calidad, los cristales rosas de alta calidad tienen cristales transparentes con pocas impurezas como grietas de hielo y algod\u00f3n en su interior. El color es rico y uniforme,<\/p>\n<p>y muestra un brillo vivo bajo la luz. Por ejemplo, los cristales rosas de alta calidad de Madagascar tienen un color profundo y puro, y los cristales a menudo tienen patrones naturales parecidos a nubes, que son muy valiosos para la colecci\u00f3n.<\/p>\n<p>Por otro lado, los cristales rosas de baja calidad suelen tener un color apagado y muchas impurezas en su interior, lo que afecta a su aspecto y energ\u00eda.<\/p>\n<p>Si t\u00fa tambi\u00e9n esperas que llegue el amor y quieres mejorar tus relaciones, \u00bfpor qu\u00e9 no eliges un cristal rosa que te guste? Deja que su suave energ\u00eda a\u00f1ada un toque de romanticismo a tu vida.<\/p>\n<p>Servicio posventa<br \/>\nOfrecemos una gran protecci\u00f3n postventa. Si hay problemas como el cristal no fabricado por el hombre que se agrieta o se cae despu\u00e9s de comprarlo, puede obtener una reparaci\u00f3n o sustituci\u00f3n gratuita dentro de un per\u00edodo determinado.<\/p>\n<p>Algunas marcas tambi\u00e9n ofrecen mantenimiento de por vida, como limpieza y pulido peri\u00f3dicos, para mantener el cristal claro y brillante.<\/p>\n<p>Adem\u00e1s, le daremos un certificado de identificaci\u00f3n para asegurarnos de que el producto es un cristal natural y evitar que los productos malos se hagan pasar por buenos.<\/p>\n<p>Personalizaci\u00f3n uno a uno<br \/>\nLa personalizaci\u00f3n uno a uno satisface sus necesidades personalizadas. Puede personalizarlo todo, desde el material<\/p>\n<p>a juego con el estilo de dise\u00f1o. Puede optar por combinar el cristal con K - oro o plata para hacer anillos o colgantes \u00fanicos.<\/p>\n<p>Tambi\u00e9n puede personalizar los patrones de talla bas\u00e1ndose en sus historias personales y especificar el tama\u00f1o<\/p>","protected":false},"excerpt":{"rendered":"<p>Pink crystal, also called rose stone, has a soft and lovely pink color. It looks just like the cherry blossoms blooming in spring or the faint blush on a young girl&#8217;s face, making people feel happy at first sight. This charming pink color comes from the trace element titanium inside it, and its unique color [&hellip;]<\/p>","protected":false},"featured_media":1739,"comment_status":"open","ping_status":"closed","template":"","meta":[],"product_brand":[],"product_cat":[41,42],"product_tag":[],"class_list":{"0":"post-1737","1":"product","2":"type-product","3":"status-publish","4":"has-post-thumbnail","6":"product_cat-accessory-crystals","7":"product_cat-pure-color-crystal","9":"first","10":"instock","11":"featured","12":"shipping-taxable","13":"purchasable","14":"product-type-simple"},"_links":{"self":[{"href":"https:\/\/wljk3.com\/es\/wp-json\/wp\/v2\/product\/1737","targetHints":{"allow":["GET"]}}],"collection":[{"href":"https:\/\/wljk3.com\/es\/wp-json\/wp\/v2\/product"}],"about":[{"href":"https:\/\/wljk3.com\/es\/wp-json\/wp\/v2\/types\/product"}],"replies":[{"embeddable":true,"href":"https:\/\/wljk3.com\/es\/wp-json\/wp\/v2\/comments?post=1737"}],"wp:featuredmedia":[{"embeddable":true,"href":"https:\/\/wljk3.com\/es\/wp-json\/wp\/v2\/media\/1739"}],"wp:attachment":[{"href":"https:\/\/wljk3.com\/es\/wp-json\/wp\/v2\/media?parent=1737"}],"wp:term":[{"taxonomy":"product_brand","embeddable":true,"href":"https:\/\/wljk3.com\/es\/wp-json\/wp\/v2\/product_brand?post=1737"},{"taxonomy":"product_cat","embeddable":true,"href":"https:\/\/wljk3.com\/es\/wp-json\/wp\/v2\/product_cat?post=1737"},{"taxonomy":"product_tag","embeddable":true,"href":"https:\/\/wljk3.com\/es\/wp-json\/wp\/v2\/product_tag?post=1737"}],"curies":[{"name":"wp","href":"https:\/\/api.w.org\/{rel}","templated":true}]}}