{"id":1578,"date":"2025-09-09T12:25:25","date_gmt":"2025-09-09T12:25:25","guid":{"rendered":"https:\/\/wljk3.com\/?post_type=product&#038;p=1578"},"modified":"2025-09-15T03:42:28","modified_gmt":"2025-09-15T03:42:28","slug":"natural-white-crystal-bracelet-for-women-collectors-grade-brazilian-raw-stone-genuine-crystal-bracelet-for-women-couples-gift","status":"publish","type":"product","link":"https:\/\/wljk3.com\/fr\/produit\/natural-white-crystal-bracelet-for-women-collectors-grade-brazilian-raw-stone-genuine-crystal-bracelet-for-women-couples-gift\/","title":{"rendered":"Bracelet de cristal blanc naturel pour femme Pierre brute br\u00e9silienne de qualit\u00e9 collectionneur Bracelet de cristal v\u00e9ritable pour femme Cadeau de couple"},"content":{"rendered":"<p>White crystal takes purity as its core color feature. Its mainstream color is colorless and transparent, as clear as solidified moonlight. Some crystals, due to tiny impurities, show a very faint milky &#8211; white or light gray tone.<\/p>\n<p>When light refracts through them, they give off a soft silver sheen. The more transparent and impurity &#8211; free a white crystal is, the more elegant and clear it looks.<\/p>\n<p>Fonctions et avantages<\/p>\n<p>In crystal culture, white crystal is regarded as an &#8220;energy &#8211; purifying stone&#8221;. It can help ease anxiety. It&#8217;s especially suitable for people under a lot of pressure.<\/p>\n<p>You can place it beside you while working or resting to help calm your mind. At the same time, it&#8217;s often seen as a &#8220;focus &#8211; enhancing stone&#8221;. Students or office workers can put it on their desks to reduce outside distractions and improve work efficiency.<\/p>\n<p>From a practical perspective, high &#8211; quality white crystal accessories (like bracelets and pendants) are both decorative and comfortable to wear.<\/p>\n<p>Wearing them for a long time can add a simple and high &#8211; end touch to your daily outfits.<\/p>\n<p>Quality Evaluation<br \/>\nThere are three key points to judge the quality of white crystal.<\/p>\n<p>1.First is &#8220;clarity&#8221;. Those without cotton &#8211; like substances, ice cracks, or impurities inside are the best. The fewer cotton &#8211; like substances there are, the more precious the crystal is.<\/p>\n<p>2.Second is &#8220;transparency&#8221;. High &#8211; quality white crystal has extremely strong light &#8211; transmission ability. When you hold it up to the light, you can hardly see any obstructions, as clear as glass.<\/p>\n<p>3.Third is &#8220;integrity&#8221;. Crystals without damage and with regular shapes (such as hexagonal prism crystals with clear edges and corners) are of better quality.<\/p>\n<p>Among them, naturally formed double &#8211; pointed crystals are more advantageous in quality grading because of their unique shapes.<\/p>\n<p>Service apr\u00e8s-vente<br \/>\nWe offer comprehensive after &#8211; sales protection. If there are problems like non &#8211; man &#8211; made crystal cracking or falling off after purchase<\/p>\n<p>you can enjoy free repair or replacement within a specified period. Some brands also provide lifelong maintenance, such as regular cleaning and polishing, to help maintain the crystal&#8217;s transparent luster.<\/p>\n<p>At the same time, an identification certificate will be given to ensure that the product is a natural crystal and prevent inferior products from being passed off as good ones.<\/p>\n<p>Personnalisation unique<br \/>\nLa personnalisation individuelle permet de r\u00e9pondre \u00e0 des besoins personnalis\u00e9s. Vous pouvez tout personnaliser, de l'assortiment des mat\u00e9riaux au style de conception.<\/p>\n<p>Vous pouvez choisir de combiner le cristal avec de l'or ou de l'argent pour cr\u00e9er des bagues ou des pendentifs uniques.<\/p>\n<p>You can also customize carving patterns based on your personal stories and specify the size and color intensity of the crystal.<\/p>\n<p>Ainsi, chaque accessoire en cristal devient une collection exclusive, unique en son genre, qui prend tout son sens, qu'il s'agisse d'un usage personnel ou d'un cadeau.<\/p>","protected":false},"excerpt":{"rendered":"<p>White crystal takes purity as its core color feature. Its mainstream color is colorless and transparent, as clear as solidified moonlight. Some crystals, due to tiny impurities, show a very faint milky &#8211; white or light gray tone. When light refracts through them, they give off a soft silver sheen. The more transparent and impurity [&hellip;]<\/p>","protected":false},"featured_media":1580,"comment_status":"open","ping_status":"closed","template":"","meta":[],"product_brand":[],"product_cat":[42],"product_tag":[],"class_list":{"0":"post-1578","1":"product","2":"type-product","3":"status-publish","4":"has-post-thumbnail","6":"product_cat-pure-color-crystal","8":"first","9":"instock","10":"shipping-taxable","11":"purchasable","12":"product-type-simple"},"_links":{"self":[{"href":"https:\/\/wljk3.com\/fr\/wp-json\/wp\/v2\/product\/1578","targetHints":{"allow":["GET"]}}],"collection":[{"href":"https:\/\/wljk3.com\/fr\/wp-json\/wp\/v2\/product"}],"about":[{"href":"https:\/\/wljk3.com\/fr\/wp-json\/wp\/v2\/types\/product"}],"replies":[{"embeddable":true,"href":"https:\/\/wljk3.com\/fr\/wp-json\/wp\/v2\/comments?post=1578"}],"wp:featuredmedia":[{"embeddable":true,"href":"https:\/\/wljk3.com\/fr\/wp-json\/wp\/v2\/media\/1580"}],"wp:attachment":[{"href":"https:\/\/wljk3.com\/fr\/wp-json\/wp\/v2\/media?parent=1578"}],"wp:term":[{"taxonomy":"product_brand","embeddable":true,"href":"https:\/\/wljk3.com\/fr\/wp-json\/wp\/v2\/product_brand?post=1578"},{"taxonomy":"product_cat","embeddable":true,"href":"https:\/\/wljk3.com\/fr\/wp-json\/wp\/v2\/product_cat?post=1578"},{"taxonomy":"product_tag","embeddable":true,"href":"https:\/\/wljk3.com\/fr\/wp-json\/wp\/v2\/product_tag?post=1578"}],"curies":[{"name":"wp","href":"https:\/\/api.w.org\/{rel}","templated":true}]}}