{"id":1592,"date":"2025-09-09T12:27:17","date_gmt":"2025-09-09T12:27:17","guid":{"rendered":"https:\/\/wljk3.com\/?post_type=product&#038;p=1592"},"modified":"2025-09-15T03:50:34","modified_gmt":"2025-09-15T03:50:34","slug":"natural-star-light-pink-quartz-bracelet-pink-crystal-round-bead-bracelet-genuine-natural-pink-quartz","status":"publish","type":"product","link":"https:\/\/wljk3.com\/fr\/produit\/natural-star-light-pink-quartz-bracelet-pink-crystal-round-bead-bracelet-genuine-natural-pink-quartz\/","title":{"rendered":"Bracelet de Quartz rose clair \u00e9toil\u00e9 Bracelet de perles de cristal rose Bracelet de Quartz rose naturel authentique"},"content":{"rendered":"<p>Le cristal rose, \u00e9galement connu sous le nom de quartz rose ou de quartz pivoine, est devenu une pierre pr\u00e9cieuse tr\u00e8s pris\u00e9e en raison de sa couleur et de son \u00e9nergie uniques.<\/p>\n<p>Sa teinte rose est aussi douce et sucr\u00e9e que les cerisiers en fleurs au printemps. Allant du rose pastel clair au rose riche, les diff\u00e9rentes nuances r\u00e9pondent \u00e0 la qu\u00eate de beaut\u00e9 de chacun, tout comme les pens\u00e9es romantiques et r\u00eaveuses d'une jeune fille.<\/p>\n<p>Avantages \u00e9motionnels et interpersonnels<\/p>\n<p>Le cristal rose est bien connu comme la \"pierre de l'amour\" et a des effets remarquables sur les \u00e9motions. Pour les c\u00e9libataires, le porter peut renforcer la lumi\u00e8re rose dans leur aura, augmenter leur charme personnel, attirer davantage l'attention du sexe oppos\u00e9 et augmenter les chances de trouver un partenaire.<\/p>\n<p>Pour les amoureux, il peut favoriser la communication \u00e9motionnelle entre les couples, am\u00e9liorer la compr\u00e9hension mutuelle et la tol\u00e9rance, rendre l'amour plus doux et plus stable.<\/p>\n<p>Pour les personnes mari\u00e9es, elle contribue \u00e0 maintenir l'harmonie conjugale et \u00e0 r\u00e9duire les conflits entre conjoints. En termes de relations interpersonnelles, elle peut \u00e9galement jouer un r\u00f4le. Il contribue \u00e0 abaisser les d\u00e9fenses des autres, rendant les gens plus accessibles et plus amicaux, ce qui am\u00e9liore la popularit\u00e9, facilite les relations d'affaires et cr\u00e9e une atmosph\u00e8re de travail plus harmonieuse.<\/p>\n<p>De plus, le cristal rose correspond au chakra du c\u0153ur. Il peut apaiser les tensions et l'irritabilit\u00e9, r\u00e9guler le champ magn\u00e9tique du corps, favoriser la circulation sanguine, am\u00e9liorer les fonctions cardiaques et pulmonaires, soulager la fatigue physique et pr\u00e9server la sant\u00e9.<\/p>\n<p>Caract\u00e9ristiques de qualit\u00e9<\/p>\n<p>Pour les cristaux roses de haute qualit\u00e9, une grande transparence est importante. Moins il y a de d\u00e9fauts internes tels que des fissures et des impuret\u00e9s, mieux c'est.<\/p>\n<p>Il est pr\u00e9f\u00e9rable d'opter pour une couleur vive et uniforme, avec une r\u00e9partition naturelle et harmonieuse. Parmi les types courants de cristaux roses, les cristaux roses ont une texture ronde et lisse, une couleur d\u00e9licate, pas de veines de pierre blanche et une surface aussi humide et lisse que de l'huile. Les cristaux roses de type glace sont tr\u00e8s transparents, aussi clairs que la glace et procurent une sensation de fra\u00eecheur.<\/p>\n<p>Ils pr\u00e9sentent peu de nuages naturels ou de fissures de glace \u00e0 l'int\u00e9rieur et ont une texture rose et tendre. \u00c9toile - les cristaux rose clair ne pr\u00e9sentent pas de veines de pierre ni de fissures. Sous une seule source de lumi\u00e8re, on peut voir trois lignes droites se croisant au centre pour former six rayons de lumi\u00e8re distincts. La texture n'est pas trouble, et elle pr\u00e9sente une \u00e9toile claire et un \u00e9clat rose et doux.<\/p>\n<p>Valeur et importance<br \/>\nGr\u00e2ce \u00e0 son charme unique et \u00e0 ses effets pratiques, le cristal rose est devenu une pierre pr\u00e9cieuse qui permet aux gens de placer leurs v\u0153ux et d'am\u00e9liorer leurs conditions de vie. Il est plein de valeur, qu'il soit port\u00e9 au quotidien ou qu'il fasse l'objet d'une collection.<\/p>\n<p>Service apr\u00e8s-vente<\/p>\n<p>Nous offrons une protection apr\u00e8s-vente compl\u00e8te. En cas de probl\u00e8mes tels que la fissuration ou la chute de cristaux non fabriqu\u00e9s par l'homme apr\u00e8s l'achat, vous pouvez b\u00e9n\u00e9ficier de services de r\u00e9paration ou de remplacement gratuits pendant une p\u00e9riode d\u00e9termin\u00e9e.<\/p>\n<p>Certaines marques proposent \u00e9galement un entretien \u00e0 vie, tel qu'un nettoyage et un polissage r\u00e9guliers, afin de pr\u00e9server l'\u00e9clat transparent du cristal. En m\u00eame temps, un certificat d'identification est d\u00e9livr\u00e9 pour garantir que le produit est un cristal naturel et \u00e9viter que des produits de qualit\u00e9 inf\u00e9rieure ne se fassent passer pour de bons produits.<\/p>\n<p>Personnalisation unique<br \/>\nLa personnalisation individuelle permet de r\u00e9pondre \u00e0 des besoins personnalis\u00e9s. Vous pouvez tout personnaliser, de l'assortiment des mat\u00e9riaux au style de conception.<\/p>\n<p>Vous pouvez choisir de combiner le cristal avec de l'or ou de l'argent pour cr\u00e9er des bagues ou des pendentifs uniques. Vous pouvez \u00e9galement personnaliser les motifs de gravure en fonction de vos histoires personnelles et sp\u00e9cifier la taille et l'intensit\u00e9 de la couleur du cristal.<\/p>\n<p>Ainsi, chaque accessoire en cristal devient une collection exclusive, unique en son genre, qui prend tout son sens, qu'il s'agisse d'un usage personnel ou d'un cadeau.<\/p>","protected":false},"excerpt":{"rendered":"<p>Pink crystal, also known as rose quartz or peony quartz, has become a highly &#8211; favored gemstone thanks to its unique color and energy. Its pink hue is as soft and sweet as the cherry blossoms in spring. Ranging from light pastel pink to rich rose pink, different shades meet people&#8217;s diverse pursuit of beauty, [&hellip;]<\/p>","protected":false},"featured_media":1597,"comment_status":"open","ping_status":"closed","template":"","meta":[],"product_brand":[],"product_cat":[42],"product_tag":[],"class_list":{"0":"post-1592","1":"product","2":"type-product","3":"status-publish","4":"has-post-thumbnail","6":"product_cat-pure-color-crystal","8":"first","9":"instock","10":"shipping-taxable","11":"purchasable","12":"product-type-simple"},"_links":{"self":[{"href":"https:\/\/wljk3.com\/fr\/wp-json\/wp\/v2\/product\/1592","targetHints":{"allow":["GET"]}}],"collection":[{"href":"https:\/\/wljk3.com\/fr\/wp-json\/wp\/v2\/product"}],"about":[{"href":"https:\/\/wljk3.com\/fr\/wp-json\/wp\/v2\/types\/product"}],"replies":[{"embeddable":true,"href":"https:\/\/wljk3.com\/fr\/wp-json\/wp\/v2\/comments?post=1592"}],"wp:featuredmedia":[{"embeddable":true,"href":"https:\/\/wljk3.com\/fr\/wp-json\/wp\/v2\/media\/1597"}],"wp:attachment":[{"href":"https:\/\/wljk3.com\/fr\/wp-json\/wp\/v2\/media?parent=1592"}],"wp:term":[{"taxonomy":"product_brand","embeddable":true,"href":"https:\/\/wljk3.com\/fr\/wp-json\/wp\/v2\/product_brand?post=1592"},{"taxonomy":"product_cat","embeddable":true,"href":"https:\/\/wljk3.com\/fr\/wp-json\/wp\/v2\/product_cat?post=1592"},{"taxonomy":"product_tag","embeddable":true,"href":"https:\/\/wljk3.com\/fr\/wp-json\/wp\/v2\/product_tag?post=1592"}],"curies":[{"name":"wp","href":"https:\/\/api.w.org\/{rel}","templated":true}]}}