{"id":1601,"date":"2025-09-09T12:28:42","date_gmt":"2025-09-09T12:28:42","guid":{"rendered":"https:\/\/wljk3.com\/?post_type=product&#038;p=1601"},"modified":"2025-09-15T03:50:39","modified_gmt":"2025-09-15T03:50:39","slug":"ocean-blue-crystal-heart-bracelet-with-crystal-pearls-womens-wealth-attracting-jewelry","status":"publish","type":"product","link":"https:\/\/wljk3.com\/fr\/produit\/ocean-blue-crystal-heart-bracelet-with-crystal-pearls-womens-wealth-attracting-jewelry\/","title":{"rendered":"Bracelet de c\u0153ur en cristal bleu oc\u00e9an avec perles de cristal Bijoux pour femmes attirant la richesse"},"content":{"rendered":"<p>La couleur est l'\u00e2me de l'aigue-marine. Elle va du bleu clair d'une plage peu profonde au bleu profond de l'oc\u00e9an, en passant par le bleu clair de l'eau de fonte des glaciers.<\/p>\n<p>Les cristaux de haute qualit\u00e9 ont une couleur riche et uniforme, sans aucune autre teinte, comme si un oc\u00e9an pur \u00e9tait emprisonn\u00e9 \u00e0 l'int\u00e9rieur du cristal. Sous la lumi\u00e8re, il appara\u00eet encore plus vif et transparent.<\/p>\n<p>Fonctions et avantages<\/p>\n<p>L'aigue-marine est largement reconnue comme une \"pierre de gu\u00e9rison \u00e9motionnelle\". Elle aide \u00e0 soulager l'anxi\u00e9t\u00e9 et \u00e0 calmer l'agitation, ce qui convient particuli\u00e8rement aux personnes soumises \u00e0 une forte pression et \u00e0 celles qui deviennent facilement nerveuses.<\/p>\n<p>En le portant, on a l'impression de respirer l'air frais de l'oc\u00e9an, ce qui apaise progressivement l'esprit. En m\u00eame temps, on pense qu'il am\u00e9liore les capacit\u00e9s de communication et aide \u00e0 exprimer clairement les id\u00e9es, ce qui le rend id\u00e9al pour ceux qui ont souvent besoin de n\u00e9gocier, de faire des discours ou de socialiser.<\/p>\n<p>Au quotidien, sa texture rafra\u00eechissante ajoute une touche d'\u00e9l\u00e9gance naturelle \u00e0 votre tenue. Port\u00e9 seul ou associ\u00e9 \u00e0 d'autres accessoires, il peut rehausser votre style g\u00e9n\u00e9ral.<\/p>\n<p>\u00c9valuation de la qualit\u00e9<\/p>\n<p>La qualit\u00e9 de l'aigue-marine peut \u00eatre jug\u00e9e selon trois crit\u00e8res.<\/p>\n<p>1. la premi\u00e8re est la couleur. Plus le bleu est intense et uniforme, plus il est pr\u00e9cieux. Le bleu clair est frais mais moins pr\u00e9cieux.<\/p>\n<p>2) Deuxi\u00e8mement, la clart\u00e9. Moins il y a de coton interne - comme les inclusions et les impuret\u00e9s - plus le cristal est transparent et plus sa qualit\u00e9 est \u00e9lev\u00e9e.<\/p>\n<p>3. la troisi\u00e8me est la taille. Une bonne taille peut maximiser la couleur et l'\u00e9clat du cristal, le faisant para\u00eetre plus brillant. Par exemple, les tailles en poire et ovale mettent souvent en valeur la beaut\u00e9 vivante du cristal.<\/p>\n<p>Conseils d'entretien<br \/>\nLorsque vous le portez quotidiennement, \u00e9vitez les collisions et les temp\u00e9ratures \u00e9lev\u00e9es.<\/p>\n<p>Un simple coup de chiffon doux suffit \u00e0 l'entretien, permettant \u00e0 ce \"cadeau de l'oc\u00e9an\" de vous accompagner longtemps.<\/p>\n<p>Service apr\u00e8s-vente<\/p>\n<p>Nous offrons une protection apr\u00e8s-vente compl\u00e8te. En cas de probl\u00e8mes non caus\u00e9s par l'homme, tels que la fissuration ou la chute des cristaux apr\u00e8s l'achat, vous pouvez b\u00e9n\u00e9ficier d'une r\u00e9paration ou d'un remplacement gratuit pendant une p\u00e9riode d\u00e9termin\u00e9e.<\/p>\n<p>Certaines marques proposent \u00e9galement un entretien \u00e0 vie, tel qu'un nettoyage et un polissage r\u00e9guliers, afin de pr\u00e9server l'\u00e9clat transparent du cristal.<\/p>\n<p>En outre, un certificat d'identification sera joint pour garantir que le produit est un cristal naturel et \u00e9viter que des produits de qualit\u00e9 inf\u00e9rieure ne soient pris pour des produits de qualit\u00e9.<\/p>\n<p>Personnalisation unique<br \/>\nLa personnalisation individuelle permet de r\u00e9pondre \u00e0 des besoins personnalis\u00e9s. Vous pouvez tout personnaliser, de l'assortiment des mat\u00e9riaux au style de conception.<\/p>\n<p>Vous pouvez choisir de combiner le cristal avec de l'or ou de l'argent pour cr\u00e9er des bagues ou des pendentifs uniques. Vous pouvez \u00e9galement personnaliser les motifs de gravure en fonction de vos histoires personnelles et sp\u00e9cifier la taille et l'intensit\u00e9 de la couleur du cristal.<\/p>\n<p>Ainsi, chaque accessoire en cristal devient une collection exclusive, unique en son genre, qui prend tout son sens, qu'il s'agisse d'un usage personnel ou d'un cadeau.<\/p>","protected":false},"excerpt":{"rendered":"<p>The color is the soul of aquamarine. It ranges from the light blue of a shallow beach and the clear blue of melting glacier water to the deep blue of the ocean. High &#8211; quality ones have a rich, even color with no other hues, as if a pure ocean is trapped inside the crystal. [&hellip;]<\/p>","protected":false},"featured_media":1606,"comment_status":"open","ping_status":"closed","template":"","meta":[],"product_brand":[],"product_cat":[42],"product_tag":[],"class_list":{"0":"post-1601","1":"product","2":"type-product","3":"status-publish","4":"has-post-thumbnail","6":"product_cat-pure-color-crystal","8":"first","9":"instock","10":"featured","11":"shipping-taxable","12":"purchasable","13":"product-type-simple"},"_links":{"self":[{"href":"https:\/\/wljk3.com\/fr\/wp-json\/wp\/v2\/product\/1601","targetHints":{"allow":["GET"]}}],"collection":[{"href":"https:\/\/wljk3.com\/fr\/wp-json\/wp\/v2\/product"}],"about":[{"href":"https:\/\/wljk3.com\/fr\/wp-json\/wp\/v2\/types\/product"}],"replies":[{"embeddable":true,"href":"https:\/\/wljk3.com\/fr\/wp-json\/wp\/v2\/comments?post=1601"}],"wp:featuredmedia":[{"embeddable":true,"href":"https:\/\/wljk3.com\/fr\/wp-json\/wp\/v2\/media\/1606"}],"wp:attachment":[{"href":"https:\/\/wljk3.com\/fr\/wp-json\/wp\/v2\/media?parent=1601"}],"wp:term":[{"taxonomy":"product_brand","embeddable":true,"href":"https:\/\/wljk3.com\/fr\/wp-json\/wp\/v2\/product_brand?post=1601"},{"taxonomy":"product_cat","embeddable":true,"href":"https:\/\/wljk3.com\/fr\/wp-json\/wp\/v2\/product_cat?post=1601"},{"taxonomy":"product_tag","embeddable":true,"href":"https:\/\/wljk3.com\/fr\/wp-json\/wp\/v2\/product_tag?post=1601"}],"curies":[{"name":"wp","href":"https:\/\/api.w.org\/{rel}","templated":true}]}}