{"id":1608,"date":"2025-09-09T12:29:41","date_gmt":"2025-09-09T12:29:41","guid":{"rendered":"https:\/\/wljk3.com\/?post_type=product&#038;p=1608"},"modified":"2025-09-15T03:50:46","modified_gmt":"2025-09-15T03:50:46","slug":"collector-grade-black-rainbow-bracelet-for-men-and-women-high-end-custom-made-crystal-bracelet-with-seven-color-crystals","status":"publish","type":"product","link":"https:\/\/wljk3.com\/fr\/produit\/collector-grade-black-rainbow-bracelet-for-men-and-women-high-end-custom-made-crystal-bracelet-with-seven-color-crystals\/","title":{"rendered":"Bracelet arc-en-ciel noir de collection pour hommes et femmes Bracelet de cristal haut de gamme fait sur mesure avec des cristaux de sept couleurs"},"content":{"rendered":"<p>Le cristal arc-en-ciel noir se distingue dans le monde du cristal comme \"la lumi\u00e8re des \u00e9toiles dans la nuit noire\" par ses couleurs uniques. Son corps principal est d'un noir profond et d'une teinte violette, comme les fruits m\u00fbrs du cassis.<\/p>\n<p>\u00c0 l'int\u00e9rieur, il contient de minuscules inclusions semblables \u00e0 des cheveux ou \u00e0 des points de couleur rouge, or, argent et autres. Lorsqu'on le tourne sous la lumi\u00e8re, on a l'impression qu'une galaxie scintille, avec de riches couches et un fort impact visuel. Chaque pi\u00e8ce pr\u00e9sente un motif de texture unique.<\/p>\n<p>Fonctions et avantages<br \/>\nIl est reconnu comme un \"agr\u00e9gateur d'\u00e9nergie\". En tant que type sp\u00e9cial de cristal arc-en-ciel, il combine les \u00e9nergies de divers min\u00e9raux.<\/p>\n<p>Il aide \u00e0 \u00e9quilibrer les \u00e9motions, \u00e0 soulager l'anxi\u00e9t\u00e9 et le stress, et convient particuli\u00e8rement aux personnes soumises \u00e0 une forte pression ou \u00e0 celles qui ont des \u00e9motions sensibles. Son port prolong\u00e9 peut renforcer l'aura personnelle, am\u00e9liorer la concentration et la perspicacit\u00e9, et aider \u00e0 clarifier les pens\u00e9es dans la vie et au travail.<\/p>\n<p>Du point de vue de la culture du cristal, on pense \u00e9galement qu'il favorise la communication interpersonnelle, qu'il apporte une \u00e9nergie sociale positive et qu'il insuffle une douce vitalit\u00e9 \u00e0 celui qui le porte, am\u00e9liorant ainsi son \u00e9tat mental g\u00e9n\u00e9ral.<\/p>\n<p>Identification de la qualit\u00e9<br \/>\nIl existe trois points cl\u00e9s pour l'identification de la qualit\u00e9.<\/p>\n<p>1. la couleur d'abord. Un noir pur - violet sans autres couleurs ou une sensation terne est pr\u00e9f\u00e9rable. Les inclusions uniform\u00e9ment r\u00e9parties et brillantes ont plus de valeur.<\/p>\n<p>2) La deuxi\u00e8me est la clart\u00e9. Bien que les inclusions soient sa caract\u00e9ristique, les cristaux qui ne pr\u00e9sentent pas de fissures \u00e9videntes, de substances ressemblant \u00e0 du coton ou d'autres d\u00e9fauts sont de meilleure qualit\u00e9.<\/p>\n<p>3. la troisi\u00e8me est l'int\u00e9grit\u00e9. Pour les pi\u00e8ces sculpt\u00e9es, les lignes doivent \u00eatre lisses et ne pas s'\u00e9cailler. Pour les colliers de perles, les perles doivent \u00eatre de taille uniforme, rondes et dodues afin d'assurer une texture globale unifi\u00e9e.<\/p>\n<p>Soutien apr\u00e8s-vente<br \/>\nNous offrons des politiques claires en mati\u00e8re de service apr\u00e8s-vente. Dans les 7 jours suivant l'achat, en cas de probl\u00e8mes de qualit\u00e9 non caus\u00e9s par l'homme, vous pouvez b\u00e9n\u00e9ficier d'un service de retour ou d'\u00e9change gratuit.<\/p>\n<p>Nous fournissons des conseils d'entretien tout au long de la vie, notamment le nettoyage quotidien \u00e0 l'aide d'un chiffon doux, l'\u00e9vitement du contact avec des r\u00e9actifs chimiques et l'entretien r\u00e9gulier de la d\u00e9magn\u00e9tisation.<\/p>\n<p>Certaines marques joignent \u00e9galement des certificats d'identification de la qualit\u00e9 afin de garantir que les consommateurs ach\u00e8tent des produits authentiques et n'ont aucune inqui\u00e9tude \u00e0 avoir.<\/p>\n<p>Personnalisation unique<br \/>\nLe service de personnalisation individuelle rend le cristal arc-en-ciel noir encore plus exclusif.<\/p>\n<p>Vous pouvez choisir le type de personnalisation en fonction de vos besoins, par exemple des bijoux tels que des bracelets, des pendentifs et des bagues, ou des objets d\u00e9coratifs pour la maison.<\/p>\n<p>Nous proposons des mod\u00e8les personnalis\u00e9s et pouvons adapter la m\u00e9thode de taille du cristal en fonction des besoins \u00e9nerg\u00e9tiques du porteur.<\/p>\n<p>Au cours du processus de personnalisation, nous vous tiendrons au courant des \u00e9bauches et de l'avancement de la production en temps r\u00e9el afin de nous assurer que le produit final r\u00e9pond pleinement \u00e0 vos attentes, faisant de chaque pi\u00e8ce personnalis\u00e9e une marque personnelle unique.<\/p>","protected":false},"excerpt":{"rendered":"<p>Black rainbow crystal stands out in the crystal world as &#8220;starlight in the dark night&#8221; with its unique colors. Its main body has a deep black &#8211; purple hue, like ripe black currant fruits. Inside, it contains tiny hair &#8211; like or dot &#8211; like inclusions in red, gold, silver, and other colors. When you [&hellip;]<\/p>","protected":false},"featured_media":1610,"comment_status":"open","ping_status":"closed","template":"","meta":[],"product_brand":[],"product_cat":[42],"product_tag":[],"class_list":{"0":"post-1608","1":"product","2":"type-product","3":"status-publish","4":"has-post-thumbnail","6":"product_cat-pure-color-crystal","8":"first","9":"instock","10":"featured","11":"shipping-taxable","12":"purchasable","13":"product-type-simple"},"_links":{"self":[{"href":"https:\/\/wljk3.com\/fr\/wp-json\/wp\/v2\/product\/1608","targetHints":{"allow":["GET"]}}],"collection":[{"href":"https:\/\/wljk3.com\/fr\/wp-json\/wp\/v2\/product"}],"about":[{"href":"https:\/\/wljk3.com\/fr\/wp-json\/wp\/v2\/types\/product"}],"replies":[{"embeddable":true,"href":"https:\/\/wljk3.com\/fr\/wp-json\/wp\/v2\/comments?post=1608"}],"wp:featuredmedia":[{"embeddable":true,"href":"https:\/\/wljk3.com\/fr\/wp-json\/wp\/v2\/media\/1610"}],"wp:attachment":[{"href":"https:\/\/wljk3.com\/fr\/wp-json\/wp\/v2\/media?parent=1608"}],"wp:term":[{"taxonomy":"product_brand","embeddable":true,"href":"https:\/\/wljk3.com\/fr\/wp-json\/wp\/v2\/product_brand?post=1608"},{"taxonomy":"product_cat","embeddable":true,"href":"https:\/\/wljk3.com\/fr\/wp-json\/wp\/v2\/product_cat?post=1608"},{"taxonomy":"product_tag","embeddable":true,"href":"https:\/\/wljk3.com\/fr\/wp-json\/wp\/v2\/product_tag?post=1608"}],"curies":[{"name":"wp","href":"https:\/\/api.w.org\/{rel}","templated":true}]}}