{"id":1615,"date":"2025-09-09T12:30:33","date_gmt":"2025-09-09T12:30:33","guid":{"rendered":"https:\/\/wljk3.com\/?post_type=product&#038;p=1615"},"modified":"2025-09-15T03:50:50","modified_gmt":"2025-09-15T03:50:50","slug":"red-gold-and-rainbow-strawberry-colored-crystal-high-end-custom-made-crystal-bracelet","status":"publish","type":"product","link":"https:\/\/wljk3.com\/fr\/produit\/red-gold-and-rainbow-strawberry-colored-crystal-high-end-custom-made-crystal-bracelet\/","title":{"rendered":"Bracelet de cristal rouge, or et arc-en-ciel de couleur fraise Bracelet de cristal haut de gamme fait sur mesure"},"content":{"rendered":"<p>Le quartz fraise dor\u00e9 se distingue comme un \"messager \u00e9toil\u00e9\" dans le monde des cristaux en raison de ses couleurs uniques. Ses teintes principales sont un m\u00e9lange de jaune dor\u00e9 riche et d'orange - rouge.<\/p>\n<p>Les inclusions d'h\u00e9matite ou de goethite \u00e0 l'int\u00e9rieur du cristal ressemblent \u00e0 des graines de fraises \u00e9parpill\u00e9es ou \u00e0 de minuscules \u00e9toiles sous la r\u00e9fraction de la lumi\u00e8re. Allant de l'or clair au luxueux or orange profond, chaque pi\u00e8ce a son propre halo chaud et offre une exp\u00e9rience visuelle tr\u00e8s apaisante.<\/p>\n<p>Fonctions et avantages<\/p>\n<p>Le quartz fraise d'or est consid\u00e9r\u00e9 comme une \"banque d'\u00e9nergie\". Il peut aider \u00e0 apaiser l'anxi\u00e9t\u00e9 et \u00e0 insuffler du calme aux personnes soumises \u00e0 une forte pression.<\/p>\n<p>En m\u00eame temps, ses caract\u00e9ristiques \u00e9nerg\u00e9tiques sont cens\u00e9es renforcer la confiance en soi, ce qui permet de pr\u00e9senter une attitude plus sereine en soci\u00e9t\u00e9 ou au travail.<\/p>\n<p>Son port prolong\u00e9 peut \u00e9galement contribuer \u00e0 am\u00e9liorer la qualit\u00e9 du sommeil gr\u00e2ce \u00e0 un champ d'\u00e9nergie doux, permettant au corps et \u00e0 l'esprit de se d\u00e9tendre et de mieux r\u00e9cup\u00e9rer pendant la nuit.<\/p>\n<p>\u00c9valuation de la qualit\u00e9<br \/>\nTrois points essentiels permettent de juger de sa qualit\u00e9 :<\/p>\n<p>1) Clart\u00e9 du cristal : le quartz fraise dor\u00e9 de haute qualit\u00e9 est tr\u00e8s transparent et ne pr\u00e9sente pas de substances ou de fissures apparentes semblables \u00e0 du coton.<\/p>\n<p>2.Inclusion Distribution : Plus les \"graines de fraises\" sont r\u00e9parties uniform\u00e9ment et dens\u00e9ment, et plus l'effet de lumi\u00e8re \u00e9toil\u00e9e est \u00e9vident \u00e0 la lumi\u00e8re, meilleure est la qualit\u00e9.<\/p>\n<p>3. la saturation des couleurs : Une pi\u00e8ce riche en couleurs, sans impuret\u00e9s, avec une transition naturelle entre l'or et le rouge, a une plus grande valeur pour la collection et le port.<\/p>\n<p>Garantie apr\u00e8s-vente<br \/>\nL'assistance apr\u00e8s-vente est une garantie importante pour votre achat. Nous offrons un service de retour et d'\u00e9change de 7 jours sans raison (\u00e0 condition que le produit reste dans son \u00e9tat d'origine).<\/p>\n<p>Un certificat d'identification professionnelle est \u00e9galement fourni pour garantir qu'il s'agit d'un cristal naturel. En cas de dommages non caus\u00e9s par l'homme lors du port, nous offrons une r\u00e9paration gratuite ou une politique d'\u00e9change pour les anciens articles, afin que vous puissiez faire vos achats en toute tranquillit\u00e9.<\/p>\n<p>Service de personnalisation unique<br \/>\nLe service de personnalisation personnalis\u00e9 rend le quartz \u00e0 la fraise d'or encore plus significatif.<\/p>\n<p>Vous pouvez choisir la forme du cristal en fonction de vos pr\u00e9f\u00e9rences personnelles, des pendentifs de forme libre aux bagues \u00e0 facettes, pour r\u00e9pondre \u00e0 diff\u00e9rents besoins de port. Vous pouvez \u00e9galement l'associer \u00e0 d'autres pierres pr\u00e9cieuses pour cr\u00e9er des bijoux exclusifs.<\/p>\n<p>Que ce soit pour un usage personnel ou pour un cadeau, vous pouvez cr\u00e9er un cadeau unique, faisant de chaque quartz fraise dor\u00e9 un pr\u00e9cieux support d'histoires personnelles.<\/p>","protected":false},"excerpt":{"rendered":"<p>Golden strawberry quartz stands out as a &#8220;starry messenger&#8221; in the crystal world due to its unique colors. Its core hues are a blend of rich golden yellow and orange &#8211; red. The inclusions of hematite or goethite inside the crystal resemble scattered strawberry seeds or tiny starlights under light refraction. Ranging from the gentle [&hellip;]<\/p>","protected":false},"featured_media":1618,"comment_status":"open","ping_status":"closed","template":"","meta":[],"product_brand":[],"product_cat":[42],"product_tag":[],"class_list":{"0":"post-1615","1":"product","2":"type-product","3":"status-publish","4":"has-post-thumbnail","6":"product_cat-pure-color-crystal","8":"first","9":"instock","10":"featured","11":"shipping-taxable","12":"purchasable","13":"product-type-simple"},"_links":{"self":[{"href":"https:\/\/wljk3.com\/fr\/wp-json\/wp\/v2\/product\/1615","targetHints":{"allow":["GET"]}}],"collection":[{"href":"https:\/\/wljk3.com\/fr\/wp-json\/wp\/v2\/product"}],"about":[{"href":"https:\/\/wljk3.com\/fr\/wp-json\/wp\/v2\/types\/product"}],"replies":[{"embeddable":true,"href":"https:\/\/wljk3.com\/fr\/wp-json\/wp\/v2\/comments?post=1615"}],"wp:featuredmedia":[{"embeddable":true,"href":"https:\/\/wljk3.com\/fr\/wp-json\/wp\/v2\/media\/1618"}],"wp:attachment":[{"href":"https:\/\/wljk3.com\/fr\/wp-json\/wp\/v2\/media?parent=1615"}],"wp:term":[{"taxonomy":"product_brand","embeddable":true,"href":"https:\/\/wljk3.com\/fr\/wp-json\/wp\/v2\/product_brand?post=1615"},{"taxonomy":"product_cat","embeddable":true,"href":"https:\/\/wljk3.com\/fr\/wp-json\/wp\/v2\/product_cat?post=1615"},{"taxonomy":"product_tag","embeddable":true,"href":"https:\/\/wljk3.com\/fr\/wp-json\/wp\/v2\/product_tag?post=1615"}],"curies":[{"name":"wp","href":"https:\/\/api.w.org\/{rel}","templated":true}]}}