{"id":1643,"date":"2025-09-09T12:35:10","date_gmt":"2025-09-09T12:35:10","guid":{"rendered":"https:\/\/wljk3.com\/?post_type=product&#038;p=1643"},"modified":"2025-09-15T03:51:09","modified_gmt":"2025-09-15T03:51:09","slug":"natural-yellow-tigers-eye-bracelet-for-men-and-women-high-end-tigers-eye-wooden-crystal-bead-bracelet-gift","status":"publish","type":"product","link":"https:\/\/wljk3.com\/fr\/produit\/natural-yellow-tigers-eye-bracelet-for-men-and-women-high-end-tigers-eye-wooden-crystal-bead-bracelet-gift\/","title":{"rendered":"Bracelet en Oeil de Tigre jaune naturel pour hommes et femmes Bracelet en Oeil de Tigre haut de gamme avec perles de cristal en bois Cadeau"},"content":{"rendered":"<p>The color of natural yellow tiger&#8217;s eye crystal is highly distinctive. Its main color is varying shades of golden yellow, and some crystals have a warm orange glow similar to beeswax.<\/p>\n<p>When illuminated by light, it shows a unique &#8220;cat&#8217;s eye effect&#8221;\u2014a lively light band that moves with the change of viewing angle, as sharp and gentle as a tiger&#8217;s eye, as if storing the energy of sunlight.<\/p>\n<p>Fonctions et avantages<\/p>\n<p>It&#8217;s regarded as an &#8220;energy stabilizer&#8221;. On one hand, its warm energy can soothe anxiety and help users stay calm under high pressure, especially suitable for people with sensitive emotions or those often in tense environments. On the other hand, in traditional beliefs, it symbolizes &#8220;action &#8211; taking ability&#8221;.<\/p>\n<p>It can assist users in clarifying goals, reducing hesitation, and injecting positive energy into life and work. As a natural crystal, it can also gently adjust the surrounding energy field through its physical properties, bringing physical and mental comfort.<\/p>\n<p>Identification de la qualit\u00e9<br \/>\nThere are three key points for quality identification:<\/p>\n<p>1.Cat&#8217;s Eye Effect: The clearer, more continuous, and centered the light band is, the better the quality.<\/p>\n<p>2.Crystal Transparency: Crystals with fewer impurities and no obvious cotton &#8211; like substances or cracks are more precious.<\/p>\n<p>3.Color Uniformity: The overall color should be full without abrupt color patches, and a natural luster should shine through the golden &#8211; yellow base color for it to be top &#8211; grade yellow tiger&#8217;s eye crystal.<\/p>\n<p>Service apr\u00e8s-vente<\/p>\n<p>Nous offrons une protection apr\u00e8s-vente compl\u00e8te. En cas de probl\u00e8mes non caus\u00e9s par l'homme, tels que la fissuration ou la chute des cristaux apr\u00e8s l'achat, vous pouvez b\u00e9n\u00e9ficier d'une r\u00e9paration ou d'un remplacement gratuit pendant une p\u00e9riode d\u00e9termin\u00e9e.<\/p>\n<p>Some brands also provide lifelong maintenance, such as regular cleaning and polishing, to help maintain the crystal&#8217;s transparent luster. Additionally, an identification certificate will be attached to ensure that the product is a natural crystal and prevent low &#8211; quality products from being passed off as good ones.<\/p>\n<p>Personnalisation unique<br \/>\nLa personnalisation individuelle permet de r\u00e9pondre \u00e0 des besoins personnalis\u00e9s. Vous pouvez tout personnaliser, de l'assortiment des mat\u00e9riaux au style de conception.<\/p>\n<p>Vous pouvez choisir de combiner le cristal avec de l'or ou de l'argent pour cr\u00e9er des bagues ou des pendentifs uniques. Vous pouvez \u00e9galement personnaliser les motifs de gravure en fonction de vos histoires personnelles et sp\u00e9cifier la taille et l'intensit\u00e9 de la couleur du cristal.<\/p>\n<p>This way, each crystal jewelry piece becomes a one &#8211; of &#8211; a &#8211; kind exclusive collection, which is very meaningful whether for personal use or as a gift.<\/p>","protected":false},"excerpt":{"rendered":"<p>The color of natural yellow tiger&#8217;s eye crystal is highly distinctive. Its main color is varying shades of golden yellow, and some crystals have a warm orange glow similar to beeswax. When illuminated by light, it shows a unique &#8220;cat&#8217;s eye effect&#8221;\u2014a lively light band that moves with the change of viewing angle, as sharp [&hellip;]<\/p>","protected":false},"featured_media":1646,"comment_status":"open","ping_status":"closed","template":"","meta":[],"product_brand":[],"product_cat":[42],"product_tag":[],"class_list":{"0":"post-1643","1":"product","2":"type-product","3":"status-publish","4":"has-post-thumbnail","6":"product_cat-pure-color-crystal","8":"first","9":"instock","10":"shipping-taxable","11":"purchasable","12":"product-type-simple"},"_links":{"self":[{"href":"https:\/\/wljk3.com\/fr\/wp-json\/wp\/v2\/product\/1643","targetHints":{"allow":["GET"]}}],"collection":[{"href":"https:\/\/wljk3.com\/fr\/wp-json\/wp\/v2\/product"}],"about":[{"href":"https:\/\/wljk3.com\/fr\/wp-json\/wp\/v2\/types\/product"}],"replies":[{"embeddable":true,"href":"https:\/\/wljk3.com\/fr\/wp-json\/wp\/v2\/comments?post=1643"}],"wp:featuredmedia":[{"embeddable":true,"href":"https:\/\/wljk3.com\/fr\/wp-json\/wp\/v2\/media\/1646"}],"wp:attachment":[{"href":"https:\/\/wljk3.com\/fr\/wp-json\/wp\/v2\/media?parent=1643"}],"wp:term":[{"taxonomy":"product_brand","embeddable":true,"href":"https:\/\/wljk3.com\/fr\/wp-json\/wp\/v2\/product_brand?post=1643"},{"taxonomy":"product_cat","embeddable":true,"href":"https:\/\/wljk3.com\/fr\/wp-json\/wp\/v2\/product_cat?post=1643"},{"taxonomy":"product_tag","embeddable":true,"href":"https:\/\/wljk3.com\/fr\/wp-json\/wp\/v2\/product_tag?post=1643"}],"curies":[{"name":"wp","href":"https:\/\/api.w.org\/{rel}","templated":true}]}}