{"id":1664,"date":"2025-09-09T12:40:34","date_gmt":"2025-09-09T12:40:34","guid":{"rendered":"https:\/\/wljk3.com\/?post_type=product&#038;p=1664"},"modified":"2025-09-15T03:51:31","modified_gmt":"2025-09-15T03:51:31","slug":"natural-white-crystal-bracelet-for-women-collectors-grade-brazilian-raw-stone-genuine-crystal-bracelet-for-women-couples-gift-2","status":"publish","type":"product","link":"https:\/\/wljk3.com\/fr\/produit\/natural-white-crystal-bracelet-for-women-collectors-grade-brazilian-raw-stone-genuine-crystal-bracelet-for-women-couples-gift-2\/","title":{"rendered":"Bracelet de cristal blanc naturel pour femme Pierre brute br\u00e9silienne de qualit\u00e9 collectionneur Bracelet de cristal v\u00e9ritable pour femme Cadeau de couple"},"content":{"rendered":"<p>Le cristal blanc est centr\u00e9 sur le th\u00e8me de la \"puret\u00e9\". Sa couleur n'est pas simplement blanche, mais sa texture est claire et semblable \u00e0 celle de la glace. Les cristaux de haute qualit\u00e9 sont clairs comme du cristal, sans aucune impuret\u00e9, comme un clair de lune solidifi\u00e9. Certains d'entre eux peuvent avoir un reflet doux et laiteux d\u00fb \u00e0 de minuscules inclusions. Lorsqu'ils sont \u00e9clair\u00e9s, ils peuvent r\u00e9fracter un \u00e9clat d\u00e9licat, ce qui donne une impression de fra\u00eecheur et de tranquillit\u00e9.<\/p>\n<p>Fonctions et avantages<\/p>\n<p>Elle est largement reconnue comme une \"pierre purificatrice d'\u00e9nergie\".<br \/>\nR\u00e9gulation \u00e9motionnelle : Son \u00e9nergie douce aide \u00e0 soulager l'anxi\u00e9t\u00e9 et l'irritabilit\u00e9, ce qui convient particuli\u00e8rement aux personnes sous pression et sujettes \u00e0 l'anxi\u00e9t\u00e9. Le porter ou le garder \u00e0 proximit\u00e9 peut apporter un sentiment de confort psychologique et aider \u00e0 calmer les pens\u00e9es chaotiques.<\/p>\n<p>Purification de l'espace : De nombreuses personnes le placent dans leur maison ou leur bureau, pensant qu'il peut dissiper les ondes n\u00e9gatives et rendre l'environnement plus propre et plus organis\u00e9.<\/p>\n<p>Am\u00e9lioration de la concentration : En raison de sa nature pure, il est souvent associ\u00e9 \u00e0 la \"concentration\". Les \u00e9tudiants ou les personnes qui doivent se concentrer sur leur travail peuvent le porter pour r\u00e9duire les distractions ext\u00e9rieures et am\u00e9liorer leur concentration.<\/p>\n<p>\u00c9valuation de la qualit\u00e9<\/p>\n<p>Trois aspects essentiels permettent de juger de sa qualit\u00e9 :<\/p>\n<p>1. la transparence : Les cristaux blancs de haute qualit\u00e9 sont totalement transparents et ne pr\u00e9sentent pas d'inclusions, de fissures ou de taches noires \u00e9videntes ressemblant \u00e0 du coton. Moins il y a d'impuret\u00e9s, plus la qualit\u00e9 est \u00e9lev\u00e9e.<\/p>\n<p>2. l'art de la coupe : Qu'il s'agisse de perles ou de sculptures, la surface doit \u00eatre lisse et plate, sans bavures sur les bords. Le lustre peut \u00eatre mieux mis en valeur gr\u00e2ce \u00e0 une bonne d\u00e9coupe.<\/p>\n<p>3. le poids : Pour des cristaux de m\u00eame volume, ceux qui ont une densit\u00e9 plus \u00e9lev\u00e9e et un toucher plus lourd ont g\u00e9n\u00e9ralement une texture plus dense et une meilleure qualit\u00e9.<\/p>\n<p>Entretien quotidien<\/p>\n<p>Il suffit de l'essuyer avec un chiffon doux pour qu'il conserve sa texture claire, et il peut accompagner son porteur pendant longtemps.<\/p>\n<p>1. service apr\u00e8s-vente<br \/>\nNous offrons une protection apr\u00e8s-vente compl\u00e8te :<\/p>\n<p>2) En cas de probl\u00e8mes tels que la fissuration ou le d\u00e9tachement de cristaux non caus\u00e9s par l'homme apr\u00e8s l'achat, vous pouvez b\u00e9n\u00e9ficier d'une r\u00e9paration ou d'un remplacement gratuit pendant la p\u00e9riode sp\u00e9cifi\u00e9e.<\/p>\n<p>3) Nous assurons l'entretien \u00e0 vie du cristal blanc, par exemple en le nettoyant et en le polissant r\u00e9guli\u00e8rement, afin d'en pr\u00e9server l'\u00e9clat.<\/p>\n<p>4. nous joignons \u00e9galement un certificat d'identification afin de garantir que le produit est du cristal blanc naturel et d'\u00e9viter que des produits de qualit\u00e9 inf\u00e9rieure ne se fassent passer pour des produits de qualit\u00e9.<\/p>\n<p>Personnalisation individuelle<\/p>\n<p>Il r\u00e9pond \u00e0 des besoins personnalis\u00e9s, permettant une personnalisation en termes de combinaison de mat\u00e9riaux et de conception :<\/p>\n<p>Vous pouvez choisir de combiner le cristal blanc, l'am\u00e9thyste et le quartz rose avec de l'or K ou de l'argent pour cr\u00e9er des bagues ou des pendentifs uniques.<\/p>\n<p>Vous pouvez \u00e9galement personnaliser les motifs de gravure en fonction de vos histoires personnelles, sp\u00e9cifier la taille du cristal et l'intensit\u00e9 de la couleur, faisant de chaque accessoire en cristal une collection exclusive et unique. Cet accessoire est tr\u00e8s significatif, tant pour un usage personnel que pour un cadeau.<\/p>","protected":false},"excerpt":{"rendered":"<p>White crystal is centered around the trait of &#8220;purity&#8221;. Its color isn&#8217;t just plain white; instead, it has a clear, ice-like texture. High-quality crystals are crystal clear without any impurities, just like solidified moonlight. Some of them may have a soft, milky sheen due to tiny inclusions. When lit up, they can refract a delicate [&hellip;]<\/p>","protected":false},"featured_media":1670,"comment_status":"open","ping_status":"closed","template":"","meta":[],"product_brand":[],"product_cat":[41,42],"product_tag":[],"class_list":{"0":"post-1664","1":"product","2":"type-product","3":"status-publish","4":"has-post-thumbnail","6":"product_cat-accessory-crystals","7":"product_cat-pure-color-crystal","9":"first","10":"instock","11":"shipping-taxable","12":"purchasable","13":"product-type-simple"},"_links":{"self":[{"href":"https:\/\/wljk3.com\/fr\/wp-json\/wp\/v2\/product\/1664","targetHints":{"allow":["GET"]}}],"collection":[{"href":"https:\/\/wljk3.com\/fr\/wp-json\/wp\/v2\/product"}],"about":[{"href":"https:\/\/wljk3.com\/fr\/wp-json\/wp\/v2\/types\/product"}],"replies":[{"embeddable":true,"href":"https:\/\/wljk3.com\/fr\/wp-json\/wp\/v2\/comments?post=1664"}],"wp:featuredmedia":[{"embeddable":true,"href":"https:\/\/wljk3.com\/fr\/wp-json\/wp\/v2\/media\/1670"}],"wp:attachment":[{"href":"https:\/\/wljk3.com\/fr\/wp-json\/wp\/v2\/media?parent=1664"}],"wp:term":[{"taxonomy":"product_brand","embeddable":true,"href":"https:\/\/wljk3.com\/fr\/wp-json\/wp\/v2\/product_brand?post=1664"},{"taxonomy":"product_cat","embeddable":true,"href":"https:\/\/wljk3.com\/fr\/wp-json\/wp\/v2\/product_cat?post=1664"},{"taxonomy":"product_tag","embeddable":true,"href":"https:\/\/wljk3.com\/fr\/wp-json\/wp\/v2\/product_tag?post=1664"}],"curies":[{"name":"wp","href":"https:\/\/api.w.org\/{rel}","templated":true}]}}