{"id":1692,"date":"2025-09-09T12:45:20","date_gmt":"2025-09-09T12:45:20","guid":{"rendered":"https:\/\/wljk3.com\/?post_type=product&#038;p=1692"},"modified":"2025-09-15T03:52:55","modified_gmt":"2025-09-15T03:52:55","slug":"personal-guardian-series-pi-xiu-natural-yellow-quartz-yellow-tower-quartz-crystal-bracelet","status":"publish","type":"product","link":"https:\/\/wljk3.com\/fr\/produit\/personal-guardian-series-pi-xiu-natural-yellow-quartz-yellow-tower-quartz-crystal-bracelet\/","title":{"rendered":"Personal Guardian Series Pi Xiu Bracelet en cristal de quartz jaune de la Tour de cristal jaune"},"content":{"rendered":"<p>Le sentiment de richesse associ\u00e9 au cristal jaune provient d'abord de sa couleur unique. Les meilleurs cristaux jaunes ont une teinte riche et m\u00eame dor\u00e9e - jaune ou orange - jaune, tout comme la lumi\u00e8re du soleil en fusion ou la cire d'abeille m\u00fbre.<\/p>\n<p>Ceux qui sont transparents, sans m\u00e9lange de couleurs, sont encore plus luxueux. Les cristaux jaunes clairs ou ceux qui pr\u00e9sentent des taches blanches sont un peu inf\u00e9rieurs. Les cristaux jaunes de haute qualit\u00e9 pr\u00e9sentent souvent des transitions naturelles entre les couleurs et les bandes, qui sont vivantes plut\u00f4t que rigides.<\/p>\n<p>Fonctions et avantages<br \/>\nDans la culture traditionnelle, le cristal jaune est consid\u00e9r\u00e9 comme un \"cristal de richesse\" et un symbole d'attraction de la richesse et de la bonne fortune. Il est souvent utilis\u00e9 pour augmenter les revenus r\u00e9guliers et convient particuli\u00e8rement aux entrepreneurs et aux hommes d'affaires,<\/p>\n<p>ou ceux qui cherchent \u00e0 progresser dans leur carri\u00e8re. Il les aide \u00e0 clarifier leurs pens\u00e9es et \u00e0 renforcer leur capacit\u00e9 \u00e0 prendre des d\u00e9cisions. Du point de vue de la gu\u00e9rison moderne par les cristaux, on pense qu'il apaise l'anxi\u00e9t\u00e9, apporte une \u00e9nergie chaude et positive, soulage le stress du travail et de la vie, et maintient les gens dans un \u00e9tat d'esprit paisible.<\/p>\n<p>En m\u00eame temps, sa couleur chaude est tr\u00e8s d\u00e9corative. En bracelet, en pendentif ou en objet de d\u00e9coration, il apporte une touche d'\u00e9l\u00e9gance et de noblesse \u00e0 une tenue ou \u00e0 une d\u00e9coration d'int\u00e9rieur, alliant praticit\u00e9 et esth\u00e9tisme.<\/p>\n<p>\u00c9valuation de la qualit\u00e9<br \/>\nTrois points essentiels permettent de juger de la qualit\u00e9 du cristal jaune :<\/p>\n<p>1) Clart\u00e9 : Les cristaux ne pr\u00e9sentant pas de coton \u00e9vident - comme des inclusions, des fissures de glace ou d'autres impuret\u00e9s \u00e0 l'int\u00e9rieur - et de bonnes propri\u00e9t\u00e9s de transmission de la lumi\u00e8re sont de haute qualit\u00e9.<\/p>\n<p>2. la taille (pour la bijouterie) : Pour les bijoux, il est pr\u00e9f\u00e9rable d'opter pour une taille avec des facettes plates et sym\u00e9triques qui peuvent r\u00e9fracter la lumi\u00e8re au maximum et mettre en valeur l'\u00e9clat du cristal.<\/p>\n<p>3.le poids : Parmi les cristaux de m\u00eame qualit\u00e9, plus le cristal est gros, plus il est rare et plus sa valeur est \u00e9lev\u00e9e. Pour un usage quotidien, un bracelet de 5 \u00e0 10 millim\u00e8tres ou un pendentif de 3 \u00e0 5 carats peut montrer un sens de la texture et est facile \u00e0 assortir.<\/p>\n<p>Service apr\u00e8s-vente<br \/>\nNous offrons une protection apr\u00e8s-vente compl\u00e8te :<\/p>\n<p>En cas de probl\u00e8mes tels que la fissuration ou le d\u00e9tachement de cristaux d'origine non humaine apr\u00e8s l'achat, vous pouvez b\u00e9n\u00e9ficier d'une r\u00e9paration ou d'un remplacement gratuit pendant la p\u00e9riode sp\u00e9cifi\u00e9e.<\/p>\n<p>Nous assurons \u00e9galement un entretien \u00e0 vie, tel qu'un nettoyage et un polissage r\u00e9guliers, afin de pr\u00e9server l'\u00e9clat transparent du cristal jaune.<\/p>\n<p>Nous joindrons un certificat d'identification pour garantir que le produit est un cristal jaune naturel et \u00e9viter que des produits de qualit\u00e9 inf\u00e9rieure ne se fassent passer pour des produits de qualit\u00e9.<\/p>\n<p>Personnalisation unique<br \/>\nLa personnalisation \"une \u00e0 une\" r\u00e9pond \u00e0 des besoins personnalis\u00e9s, en permettant la personnalisation en termes de combinaison de mat\u00e9riaux et de conception :<\/p>\n<p>Vous pouvez choisir de combiner le cristal jaune avec de l'or K ou de l'argent pour cr\u00e9er des bagues ou des pendentifs uniques.<\/p>\n<p>Vous pouvez \u00e9galement personnaliser les motifs de sculpture en fonction de vos histoires personnelles et sp\u00e9cifier la taille du cristal et l'intensit\u00e9 de la couleur.<\/p>\n<p>Ainsi, chaque accessoire en cristal devient une collection exclusive, unique en son genre, qui prend tout son sens aussi bien pour un usage personnel que pour un cadeau.<\/p>","protected":false},"excerpt":{"rendered":"<p>The sense of wealth associated with yellow crystal first comes from its unique color. The best yellow crystals have a rich and even golden &#8211; yellow or orange &#8211; yellow hue, just like molten sunlight or ripe beeswax. Those that are transparent without any mixed colors look even more luxurious. Light &#8211; yellow ones or [&hellip;]<\/p>","protected":false},"featured_media":1698,"comment_status":"open","ping_status":"closed","template":"","meta":[],"product_brand":[],"product_cat":[41,42],"product_tag":[],"class_list":{"0":"post-1692","1":"product","2":"type-product","3":"status-publish","4":"has-post-thumbnail","6":"product_cat-accessory-crystals","7":"product_cat-pure-color-crystal","9":"first","10":"instock","11":"shipping-taxable","12":"purchasable","13":"product-type-simple"},"_links":{"self":[{"href":"https:\/\/wljk3.com\/fr\/wp-json\/wp\/v2\/product\/1692","targetHints":{"allow":["GET"]}}],"collection":[{"href":"https:\/\/wljk3.com\/fr\/wp-json\/wp\/v2\/product"}],"about":[{"href":"https:\/\/wljk3.com\/fr\/wp-json\/wp\/v2\/types\/product"}],"replies":[{"embeddable":true,"href":"https:\/\/wljk3.com\/fr\/wp-json\/wp\/v2\/comments?post=1692"}],"wp:featuredmedia":[{"embeddable":true,"href":"https:\/\/wljk3.com\/fr\/wp-json\/wp\/v2\/media\/1698"}],"wp:attachment":[{"href":"https:\/\/wljk3.com\/fr\/wp-json\/wp\/v2\/media?parent=1692"}],"wp:term":[{"taxonomy":"product_brand","embeddable":true,"href":"https:\/\/wljk3.com\/fr\/wp-json\/wp\/v2\/product_brand?post=1692"},{"taxonomy":"product_cat","embeddable":true,"href":"https:\/\/wljk3.com\/fr\/wp-json\/wp\/v2\/product_cat?post=1692"},{"taxonomy":"product_tag","embeddable":true,"href":"https:\/\/wljk3.com\/fr\/wp-json\/wp\/v2\/product_tag?post=1692"}],"curies":[{"name":"wp","href":"https:\/\/api.w.org\/{rel}","templated":true}]}}