{"id":1699,"date":"2025-09-09T12:46:50","date_gmt":"2025-09-09T12:46:50","guid":{"rendered":"https:\/\/wljk3.com\/?post_type=product&#038;p=1699"},"modified":"2025-09-15T03:53:09","modified_gmt":"2025-09-15T03:53:09","slug":"golden-tigers-eye-yellow-topaz-crystal-bracelet-for-women-attract-wealth-premium-original-natural-crystal-bracelet-for-women-elevated-luxury-for-her","status":"publish","type":"product","link":"https:\/\/wljk3.com\/fr\/produit\/golden-tigers-eye-yellow-topaz-crystal-bracelet-for-women-attract-wealth-premium-original-natural-crystal-bracelet-for-women-elevated-luxury-for-her\/","title":{"rendered":"Bracelet de cristal Topaze jaune \u0153il de tigre pour femme - Attirer la richesse Bracelet de cristal naturel original de premi\u00e8re qualit\u00e9 pour femme - Luxe \u00e9lev\u00e9 pour elle"},"content":{"rendered":"<p>Les couleurs principales du cristal \u0153il de tigre dor\u00e9 sont le jaune dor\u00e9 et l'ambre. \u00c0 l'int\u00e9rieur du cristal, en raison de la disposition directionnelle des fibres min\u00e9rales d'amiante, lorsque l'on tourne le cristal, un \u00e9clat m\u00e9tallique vif comme une pupille de tigre appara\u00eet, commun\u00e9ment appel\u00e9 \"effet de chatoyance\" ou \"effet d'\u0153il de chat\".<\/p>\n<p>Pour les pierres de haute qualit\u00e9, l'\u00e9clat est continu, sans m\u00e9lange de couleurs, comme si la lumi\u00e8re du soleil \u00e9tait enferm\u00e9e dans la pierre.<\/p>\n<p>Fonctions et avantages<br \/>\nIl est consid\u00e9r\u00e9 comme un \"stabilisateur d'\u00e9nergie\". D'une part, il aide \u00e0 soulager l'anxi\u00e9t\u00e9 et \u00e0 dissiper les \u00e9motions n\u00e9gatives, ce qui convient particuli\u00e8rement aux personnes soumises \u00e0 une forte pression et \u00e0 celles qui sont facilement ind\u00e9cises, en les aidant \u00e0 prendre confiance en elles au moment de prendre des d\u00e9cisions.<\/p>\n<p>D'autre part, il correspond au chakra du plexus solaire dans le corps humain. Selon les croyances traditionnelles, il peut favoriser la motivation et r\u00e9duire la procrastination, facilitant ainsi la mise en \u0153uvre des id\u00e9es.<\/p>\n<p>De plus, son \u00e9nergie est douce et non irritante. Vous n'avez pas \u00e0 vous inqui\u00e9ter d'une \"surcharge d'\u00e9nergie\" lorsque vous le portez quotidiennement, et il convient donc aux compagnons de contact \u00e9troit \u00e0 long terme.<\/p>\n<p>\u00c9valuation de la qualit\u00e9<br \/>\nTrois points essentiels permettent de juger de la qualit\u00e9 du cristal d'\u0153il de tigre dor\u00e9 :<\/p>\n<p>1. l'\u00e9clat : Plus l'effet de chatoiement est clair et plus la bande brillante est droite lorsqu'on la tourne, meilleure est la qualit\u00e9.<\/p>\n<p>2. la clart\u00e9 : Moins il y a d'inclusions et de fissures dans le cristal, plus l'impression de transparence est forte et plus la valeur du cristal est \u00e9lev\u00e9e.<\/p>\n<p>3) Couleur : un jaune dor\u00e9 profond et uniforme est pr\u00e9f\u00e9rable \u00e0 ceux qui sont plus clairs ou m\u00e9lang\u00e9s avec du gris ou du brun. S'il pr\u00e9sente des couleurs associ\u00e9es rares comme \"\u0153il de tigre bleu\" ou \"\u0153il de tigre rouge\", il est encore plus rare.<\/p>\n<p>Pour l'entretien quotidien, il suffit de l'essuyer avec un chiffon doux et d'\u00e9viter tout contact avec les acides forts et les alcalis pour conserver longtemps son \u00e9clat m\u00e9tallique.<\/p>\n<p>Service apr\u00e8s-vente<br \/>\nNous offrons une protection apr\u00e8s-vente compl\u00e8te :<\/p>\n<p>En cas de probl\u00e8mes tels que la fissuration ou le d\u00e9tachement de cristaux d'origine non humaine apr\u00e8s l'achat, vous pouvez b\u00e9n\u00e9ficier d'une r\u00e9paration ou d'un remplacement gratuit pendant la p\u00e9riode sp\u00e9cifi\u00e9e.<\/p>\n<p>Certaines marques proposent \u00e9galement un entretien \u00e0 vie, tel qu'un nettoyage et un polissage r\u00e9guliers, afin de pr\u00e9server l'\u00e9clat transparent du cristal.<\/p>\n<p>Nous joindrons un certificat d'identification pour garantir que le produit est un cristal naturel et \u00e9viter que des produits de qualit\u00e9 inf\u00e9rieure ne se fassent passer pour des produits de qualit\u00e9.<\/p>\n<p>Personnalisation unique<br \/>\nLa personnalisation \"une \u00e0 une\" r\u00e9pond \u00e0 des besoins personnalis\u00e9s, en permettant la personnalisation en termes de combinaison de mat\u00e9riaux et de conception :<\/p>\n<p>Vous pouvez choisir de combiner le cristal avec de l'or ou de l'argent pour cr\u00e9er des bagues ou des pendentifs uniques.<\/p>\n<p>Vous pouvez \u00e9galement personnaliser les motifs de sculpture en fonction de vos histoires personnelles et sp\u00e9cifier la taille du cristal et l'intensit\u00e9 de la couleur.<\/p>\n<p>Ainsi, chaque accessoire en cristal devient une collection exclusive, unique en son genre, qui prend tout son sens aussi bien pour un usage personnel que pour un cadeau.<\/p>","protected":false},"excerpt":{"rendered":"<p>The main colors of golden tiger&#8217;s eye crystal are rich golden &#8211; yellow and amber. Inside the crystal, due to the directional arrangement of asbestos mineral fibers, when rotated, a sharp metallic luster like a tiger&#8217;s pupil appears, commonly known as the &#8220;chatoyancy effect&#8221; or &#8220;cat&#8217;s &#8211; eye effect&#8221;. For high &#8211; quality ones, the [&hellip;]<\/p>","protected":false},"featured_media":1706,"comment_status":"open","ping_status":"closed","template":"","meta":[],"product_brand":[],"product_cat":[41,42],"product_tag":[],"class_list":{"0":"post-1699","1":"product","2":"type-product","3":"status-publish","4":"has-post-thumbnail","6":"product_cat-accessory-crystals","7":"product_cat-pure-color-crystal","9":"first","10":"instock","11":"shipping-taxable","12":"purchasable","13":"product-type-simple"},"_links":{"self":[{"href":"https:\/\/wljk3.com\/fr\/wp-json\/wp\/v2\/product\/1699","targetHints":{"allow":["GET"]}}],"collection":[{"href":"https:\/\/wljk3.com\/fr\/wp-json\/wp\/v2\/product"}],"about":[{"href":"https:\/\/wljk3.com\/fr\/wp-json\/wp\/v2\/types\/product"}],"replies":[{"embeddable":true,"href":"https:\/\/wljk3.com\/fr\/wp-json\/wp\/v2\/comments?post=1699"}],"wp:featuredmedia":[{"embeddable":true,"href":"https:\/\/wljk3.com\/fr\/wp-json\/wp\/v2\/media\/1706"}],"wp:attachment":[{"href":"https:\/\/wljk3.com\/fr\/wp-json\/wp\/v2\/media?parent=1699"}],"wp:term":[{"taxonomy":"product_brand","embeddable":true,"href":"https:\/\/wljk3.com\/fr\/wp-json\/wp\/v2\/product_brand?post=1699"},{"taxonomy":"product_cat","embeddable":true,"href":"https:\/\/wljk3.com\/fr\/wp-json\/wp\/v2\/product_cat?post=1699"},{"taxonomy":"product_tag","embeddable":true,"href":"https:\/\/wljk3.com\/fr\/wp-json\/wp\/v2\/product_tag?post=1699"}],"curies":[{"name":"wp","href":"https:\/\/api.w.org\/{rel}","templated":true}]}}