{"id":1718,"date":"2025-09-09T12:49:01","date_gmt":"2025-09-09T12:49:01","guid":{"rendered":"https:\/\/wljk3.com\/?post_type=product&#038;p=1718"},"modified":"2025-09-15T03:53:28","modified_gmt":"2025-09-15T03:53:28","slug":"all-thoughts-dissolve-into-emptiness-angel-blessing-series-natural-crystal-bracelet-aquamarine-snowflake-phantom-bracelet","status":"publish","type":"product","link":"https:\/\/wljk3.com\/fr\/produit\/all-thoughts-dissolve-into-emptiness-angel-blessing-series-natural-crystal-bracelet-aquamarine-snowflake-phantom-bracelet\/","title":{"rendered":"\"Toutes les pens\u00e9es se dissolvent dans le vide\" Angel Blessing Series Bracelet de cristal naturel Aigue-marine Flocon de neige Bracelet fant\u00f4me"},"content":{"rendered":"<p>Le cristal Wannian Sky Aquamarine Snowflake Crystal a une couleur tr\u00e8s reconnaissable. Sa couleur principale est un \"bleu ciel\" clair, passant naturellement du bleu clair des nuages \u00e0 celui d'un ciel limpide.<\/p>\n<p>\u00c0 l'int\u00e9rieur du cristal, les inclusions en forme de flocons de neige sont comme la premi\u00e8re neige fine de l'hiver. Sous l'effet de la r\u00e9fraction de la lumi\u00e8re, elles brillent de minuscules reflets argent\u00e9s, rendant la couleur d'ensemble \u00e0 la fois claire et stratifi\u00e9e, comme si un ciel miniature avec la premi\u00e8re neige avait \u00e9t\u00e9 gel\u00e9 \u00e0 l'int\u00e9rieur.<\/p>\n<p>Fonctions et avantages<\/p>\n<p>Il combine les caract\u00e9ristiques de l'aigue-marine et du cristal flocon de neige. L'\u00e9nergie de l'aigue-marine aide \u00e0 calmer l'anxi\u00e9t\u00e9, en particulier chez les personnes soumises \u00e0 une forte pression. Elle peut soulager l'agitation et calmer l'esprit<\/p>\n<p>La propri\u00e9t\u00e9 \"purificatrice\" du cristal de flocon de neige aide \u00e0 trier les pens\u00e9es confuses, ce qui permet aux gens de rester lucides et de prendre des d\u00e9cisions \u00e9clair\u00e9es dans une vie tr\u00e9pidante.<\/p>\n<p>Qu'il soit port\u00e9 quotidiennement ou plac\u00e9 dans un bureau ou une chambre \u00e0 coucher, il peut non seulement soulager la fatigue oculaire gr\u00e2ce \u00e0 sa fra\u00eecheur visuelle, mais aussi apporter un sentiment de tranquillit\u00e9 sur le plan psychologique.<\/p>\n<p>Cela aide les utilisateurs \u00e0 r\u00e9duire les conflits int\u00e9rieurs et \u00e0 se concentrer sur le pr\u00e9sent.<\/p>\n<p>Identification de la qualit\u00e9<br \/>\nPour identifier sa qualit\u00e9, il convient de pr\u00eater attention \u00e0 trois aspects :<\/p>\n<p>1) Transparence du cristal : Les cristaux de haute qualit\u00e9 ne doivent pas pr\u00e9senter d'inclusions ou de fissures \u00e9videntes de type coton, mais uniquement des inclusions naturelles de type flocon de neige.<\/p>\n<p>2. uniformit\u00e9 des couleurs : La couleur bleu ciel doit \u00eatre uniform\u00e9ment r\u00e9partie sans assombrissement local ni taches de couleur.<\/p>\n<p>3) Inclusions sous forme de flocons de neige : Elles doivent avoir une forme claire et une r\u00e9partition naturelle, et ne pas \u00eatre d\u00e9lib\u00e9r\u00e9ment empil\u00e9es. L'ensemble du cristal doit donner une impression de propret\u00e9 et de vivacit\u00e9 plut\u00f4t que de montrer des signes de traitement artificiel trouble ou rigide.<\/p>\n<p>Service apr\u00e8s-vente<br \/>\nNous offrons une protection apr\u00e8s-vente compl\u00e8te :<\/p>\n<p>En cas de probl\u00e8mes tels que la fissuration ou le d\u00e9tachement de cristaux d'origine non humaine apr\u00e8s l'achat, vous pouvez b\u00e9n\u00e9ficier d'une r\u00e9paration ou d'un remplacement gratuit pendant la p\u00e9riode sp\u00e9cifi\u00e9e.<\/p>\n<p>Certaines marques proposent \u00e9galement un entretien \u00e0 vie, tel qu'un nettoyage et un polissage r\u00e9guliers, afin de pr\u00e9server l'\u00e9clat transparent du cristal.<\/p>\n<p>Nous joindrons un certificat d'identification pour garantir que le produit est un cristal naturel et \u00e9viter que des produits de qualit\u00e9 inf\u00e9rieure ne se fassent passer pour des produits de qualit\u00e9.<\/p>\n<p>Personnalisation unique<br \/>\nLa personnalisation \"une \u00e0 une\" r\u00e9pond \u00e0 des besoins personnalis\u00e9s, en permettant la personnalisation en termes de combinaison de mat\u00e9riaux et de conception :<\/p>\n<p>Vous pouvez choisir de combiner le cristal avec de l'or ou de l'argent pour cr\u00e9er des bagues ou des pendentifs uniques.<\/p>\n<p>Vous pouvez \u00e9galement personnaliser les motifs de sculpture en fonction de vos histoires personnelles et sp\u00e9cifier la taille du cristal et l'intensit\u00e9 de la couleur.<\/p>\n<p>Ainsi, chaque accessoire en cristal devient une collection exclusive, unique en son genre, qui prend tout son sens aussi bien pour un usage personnel que pour un cadeau.<\/p>","protected":false},"excerpt":{"rendered":"<p>The Wannian Sky Aquamarine Snowflake Crystal has a highly recognizable color. Its main color is a clear &#8220;sky blue&#8221;, transitioning naturally from the light blue of wispy clouds to the bright blue of a clear sky. Inside the crystal, snowflake &#8211; shaped inclusions are like the first fine snow of winter. Under the refraction of [&hellip;]<\/p>","protected":false},"featured_media":1729,"comment_status":"open","ping_status":"closed","template":"","meta":[],"product_brand":[],"product_cat":[41,42],"product_tag":[],"class_list":{"0":"post-1718","1":"product","2":"type-product","3":"status-publish","4":"has-post-thumbnail","6":"product_cat-accessory-crystals","7":"product_cat-pure-color-crystal","9":"first","10":"instock","11":"featured","12":"shipping-taxable","13":"purchasable","14":"product-type-simple"},"_links":{"self":[{"href":"https:\/\/wljk3.com\/fr\/wp-json\/wp\/v2\/product\/1718","targetHints":{"allow":["GET"]}}],"collection":[{"href":"https:\/\/wljk3.com\/fr\/wp-json\/wp\/v2\/product"}],"about":[{"href":"https:\/\/wljk3.com\/fr\/wp-json\/wp\/v2\/types\/product"}],"replies":[{"embeddable":true,"href":"https:\/\/wljk3.com\/fr\/wp-json\/wp\/v2\/comments?post=1718"}],"wp:featuredmedia":[{"embeddable":true,"href":"https:\/\/wljk3.com\/fr\/wp-json\/wp\/v2\/media\/1729"}],"wp:attachment":[{"href":"https:\/\/wljk3.com\/fr\/wp-json\/wp\/v2\/media?parent=1718"}],"wp:term":[{"taxonomy":"product_brand","embeddable":true,"href":"https:\/\/wljk3.com\/fr\/wp-json\/wp\/v2\/product_brand?post=1718"},{"taxonomy":"product_cat","embeddable":true,"href":"https:\/\/wljk3.com\/fr\/wp-json\/wp\/v2\/product_cat?post=1718"},{"taxonomy":"product_tag","embeddable":true,"href":"https:\/\/wljk3.com\/fr\/wp-json\/wp\/v2\/product_tag?post=1718"}],"curies":[{"name":"wp","href":"https:\/\/api.w.org\/{rel}","templated":true}]}}