{"id":1730,"date":"2025-09-09T12:50:03","date_gmt":"2025-09-09T12:50:03","guid":{"rendered":"https:\/\/wljk3.com\/?post_type=product&#038;p=1730"},"modified":"2025-09-15T03:53:33","modified_gmt":"2025-09-15T03:53:33","slug":"divine-grace-moonlike-beauty-a-heart-melting-sight-personal-guardian-series-natural-crystal-bracelet-snowflake-phantom-bracelet","status":"publish","type":"product","link":"https:\/\/wljk3.com\/fr\/produit\/divine-grace-moonlike-beauty-a-heart-melting-sight-personal-guardian-series-natural-crystal-bracelet-snowflake-phantom-bracelet\/","title":{"rendered":"\"Gr\u00e2ce divine, beaut\u00e9 lunaire : Une vue qui fait fondre le c\u0153ur\" Personal Guardian Series Natural Crystal Bracelet Snowflake Phantom Bracelet"},"content":{"rendered":"<p>Le quartz rose, d'une beaut\u00e9 f\u00e9erique, est le \"doux repr\u00e9sentant\" des cristaux avec ses couleurs uniques. Sa couleur ne se limite pas \u00e0 une seule nuance de rose.<\/p>\n<p>Au lieu de cela, il pr\u00e9sente un d\u00e9grad\u00e9 allant du rose clair fleur de cerisier au rose p\u00eache. Certains cristaux de haute qualit\u00e9 ont m\u00eame un l\u00e9ger reflet nacr\u00e9 semblable \u00e0 un clair de lune, comme si des fleurs de cerisier printani\u00e8res \u00e9taient \u00e9cras\u00e9es \u00e0 l'int\u00e9rieur du cristal.<\/p>\n<p>Lorsqu'on l'observe \u00e0 la lumi\u00e8re naturelle, on peut voir de fines bandes de couleur sans couleurs \u00e9trang\u00e8res \u00e9videntes ni piq\u00fbres min\u00e9rales. L'ensemble du cristal est transparent et doux.<\/p>\n<p>Fonctions et avantages<\/p>\n<p>Elle est largement reconnue comme une \"pierre de gu\u00e9rison \u00e9motionnelle\". Que vous la portiez tous les jours ou que vous la placiez dans votre chambre \u00e0 coucher, elle peut aider \u00e0 apaiser l'anxi\u00e9t\u00e9 et \u00e0 soulager le stress du travail et de la vie,<\/p>\n<p>apaiser progressivement votre esprit. Pour ceux qui souhaitent am\u00e9liorer leurs relations interpersonnelles, il peut renforcer l'affinit\u00e9 et r\u00e9duire les frictions lors de la communication, ce qui convient particuli\u00e8rement aux personnes qui sont souvent confront\u00e9es \u00e0 des situations professionnelles ou sociales.<\/p>\n<p>En m\u00eame temps, sa douce \u00e9nergie est cens\u00e9e nourrir le c\u0153ur, aider les utilisateurs \u00e0 faire face \u00e0 la vie de mani\u00e8re plus positive et renforcer l'acceptation de soi et la confiance en soi.<\/p>\n<p>\u00c9valuation de la qualit\u00e9<br \/>\nLes f\u00e9es de haute qualit\u00e9, comme le quartz rose beauty, doivent r\u00e9pondre \u00e0 trois crit\u00e8res essentiels :<\/p>\n<p>1. la transparence : Moins il y a d'inclusions et de fissures dans le cristal, plus la qualit\u00e9 est \u00e9lev\u00e9e. Les cristaux sans aucune impuret\u00e9 sont particuli\u00e8rement pr\u00e9cieux.<\/p>\n<p>2. uniformit\u00e9 des couleurs : Le ton g\u00e9n\u00e9ral de la couleur doit \u00eatre uniforme, sans diff\u00e9rences \u00e9videntes entre les blocs de couleur, et la saturation du rose doit \u00eatre naturelle et non criarde, ce qui est le signe d'un produit de qualit\u00e9 sup\u00e9rieure.<\/p>\n<p>3.Int\u00e9grit\u00e9 : Qu'il s'agisse de bijoux ou d'objets d\u00e9coratifs, les bords doivent \u00eatre exempts d'\u00e9clats et la forme doit \u00eatre r\u00e9guli\u00e8re. Cela permet de pr\u00e9server au maximum la beaut\u00e9 et l'\u00e9nergie naturelles du cristal.<\/p>\n<p>Ce quartz rose n'a pas seulement une valeur ornementale, il exerce aussi mieux ses effets curatifs.<\/p>\n<p>Service apr\u00e8s-vente<br \/>\nNous offrons une protection apr\u00e8s-vente compl\u00e8te :<\/p>\n<p>En cas de probl\u00e8mes tels que la fissuration ou le d\u00e9tachement de cristaux d'origine non humaine apr\u00e8s l'achat, vous pouvez b\u00e9n\u00e9ficier d'une r\u00e9paration ou d'un remplacement gratuit pendant la p\u00e9riode sp\u00e9cifi\u00e9e.<\/p>\n<p>Certaines marques proposent \u00e9galement un entretien \u00e0 vie, tel qu'un nettoyage et un polissage r\u00e9guliers, afin de pr\u00e9server l'\u00e9clat transparent du cristal.<\/p>\n<p>Nous joindrons un certificat d'identification pour garantir que le produit est un cristal naturel et \u00e9viter que des produits de qualit\u00e9 inf\u00e9rieure ne se fassent passer pour des produits de qualit\u00e9.<\/p>\n<p>Personnalisation unique<br \/>\nLa personnalisation \"une \u00e0 une\" r\u00e9pond \u00e0 des besoins personnalis\u00e9s, en permettant la personnalisation en termes de combinaison de mat\u00e9riaux et de conception :<\/p>\n<p>Vous pouvez choisir de combiner le cristal avec de l'or ou de l'argent pour cr\u00e9er des bagues ou des pendentifs uniques.<\/p>\n<p>Vous pouvez \u00e9galement personnaliser les motifs de sculpture en fonction de vos histoires personnelles et sp\u00e9cifier la taille du cristal et l'intensit\u00e9 de la couleur.<\/p>\n<p>Ainsi, chaque accessoire en cristal devient une collection exclusive, unique en son genre, qui prend tout son sens aussi bien pour un usage personnel que pour un cadeau.<\/p>","protected":false},"excerpt":{"rendered":"<p>The fairy &#8211; like beauty rose quartz stands out as the &#8220;gentle representative&#8221; among crystals with its unique colors. Its color isn&#8217;t just a single shade of pink. Instead, it has a gradient transition from light cherry &#8211; blossom pink to peach pink. Some high &#8211; quality crystals even have a faint moonlight &#8211; like [&hellip;]<\/p>","protected":false},"featured_media":1732,"comment_status":"open","ping_status":"closed","template":"","meta":[],"product_brand":[],"product_cat":[41,42],"product_tag":[],"class_list":{"0":"post-1730","1":"product","2":"type-product","3":"status-publish","4":"has-post-thumbnail","6":"product_cat-accessory-crystals","7":"product_cat-pure-color-crystal","9":"first","10":"instock","11":"featured","12":"shipping-taxable","13":"purchasable","14":"product-type-simple"},"_links":{"self":[{"href":"https:\/\/wljk3.com\/fr\/wp-json\/wp\/v2\/product\/1730","targetHints":{"allow":["GET"]}}],"collection":[{"href":"https:\/\/wljk3.com\/fr\/wp-json\/wp\/v2\/product"}],"about":[{"href":"https:\/\/wljk3.com\/fr\/wp-json\/wp\/v2\/types\/product"}],"replies":[{"embeddable":true,"href":"https:\/\/wljk3.com\/fr\/wp-json\/wp\/v2\/comments?post=1730"}],"wp:featuredmedia":[{"embeddable":true,"href":"https:\/\/wljk3.com\/fr\/wp-json\/wp\/v2\/media\/1732"}],"wp:attachment":[{"href":"https:\/\/wljk3.com\/fr\/wp-json\/wp\/v2\/media?parent=1730"}],"wp:term":[{"taxonomy":"product_brand","embeddable":true,"href":"https:\/\/wljk3.com\/fr\/wp-json\/wp\/v2\/product_brand?post=1730"},{"taxonomy":"product_cat","embeddable":true,"href":"https:\/\/wljk3.com\/fr\/wp-json\/wp\/v2\/product_cat?post=1730"},{"taxonomy":"product_tag","embeddable":true,"href":"https:\/\/wljk3.com\/fr\/wp-json\/wp\/v2\/product_tag?post=1730"}],"curies":[{"name":"wp","href":"https:\/\/api.w.org\/{rel}","templated":true}]}}