{"id":1737,"date":"2025-09-09T12:51:03","date_gmt":"2025-09-09T12:51:03","guid":{"rendered":"https:\/\/wljk3.com\/?post_type=product&#038;p=1737"},"modified":"2025-09-15T03:53:38","modified_gmt":"2025-09-15T03:53:38","slug":"%e3%80%90attract-love-luck%e3%80%91original-natural-white-crystal-bracelet-vintage-mine-rose-quartz-bracelet-womens-large-bead-pink-crystal","status":"publish","type":"product","link":"https:\/\/wljk3.com\/fr\/produit\/%e3%80%90attract-love-luck%e3%80%91original-natural-white-crystal-bracelet-vintage-mine-rose-quartz-bracelet-womens-large-bead-pink-crystal\/","title":{"rendered":"\u3010Attract Love Luck\u3011Original Natural White Crystal Bracelet Vintage Mine Rose Quartz Bracelet Femme Large Bead Pink Crystal"},"content":{"rendered":"<p>Le cristal rose, \u00e9galement appel\u00e9 pierre de rose, a une couleur rose douce et charmante. Il ressemble aux fleurs de cerisier qui s'\u00e9panouissent au printemps ou au l\u00e9ger rougissement du visage d'une jeune fille, ce qui rend les gens heureux d\u00e8s le premier regard.<\/p>\n<p>Cette charmante couleur rose provient de l'oligo-\u00e9l\u00e9ment titane qu'il contient, et sa couleur unique le distingue des autres cristaux.<\/p>\n<p>Dans les croyances populaires, le cristal rose est consid\u00e9r\u00e9 comme la \"pierre de l'amour\", qui a la capacit\u00e9 d'attirer l'amour. Il peut aider les c\u00e9libataires \u00e0 devenir plus populaires aupr\u00e8s du sexe oppos\u00e9 et \u00e0 attirer le partenaire id\u00e9al.<\/p>\n<p>Lorsque vous portez des bijoux en cristal rose et que vous sortez, vous avez l'impression d'\u00eatre entour\u00e9e d'un sentiment de douceur et vous avez plus de chances d'attirer le regard des autres.<\/p>\n<p>Pour les couples amoureux, le cristal rose peut maintenir la stabilit\u00e9 de la relation, en favorisant une entente plus harmonieuse et plus douce, en r\u00e9duisant les disputes et les conflits, et en augmentant la compr\u00e9hension et la tol\u00e9rance l'un envers l'autre.<\/p>\n<p>En plus d'aider les relations, le cristal rose est \u00e9galement bon pour la sant\u00e9 physique et mentale. Il est li\u00e9 au chakra du c\u0153ur dans le corps humain et peut aider \u00e0 soulager les sentiments de tension et d'anxi\u00e9t\u00e9.<\/p>\n<p>Lorsque vous \u00eates sous pression, touchez doucement le cristal rose et votre c\u0153ur se calmera progressivement. Porter ce cristal pendant une longue p\u00e9riode permet \u00e9galement d'ajuster les fonctions cardiaques et pulmonaires et d'am\u00e9liorer la qualit\u00e9 du sommeil, ce qui vous permet de rester plein d'\u00e9nergie chaque jour.<\/p>\n<p>En ce qui concerne la qualit\u00e9, les cristaux roses de haute qualit\u00e9 ont des cristaux clairs avec peu d'impuret\u00e9s comme des fissures de glace et des mati\u00e8res ressemblant \u00e0 du coton \u00e0 l'int\u00e9rieur. La couleur est riche et uniforme,<\/p>\n<p>Les cristaux roses de Madagascar, par exemple, ont une couleur profonde et pure. Par exemple, les cristaux roses de haute qualit\u00e9 de Madagascar ont une couleur profonde et pure, et les cristaux ont souvent des motifs naturels semblables \u00e0 des nuages, ce qui est tr\u00e8s pr\u00e9cieux pour la collection.<\/p>\n<p>En revanche, les cristaux roses de mauvaise qualit\u00e9 ont g\u00e9n\u00e9ralement une couleur terne et contiennent beaucoup d'impuret\u00e9s, ce qui affecte leur apparence et leur \u00e9nergie.<\/p>\n<p>Si vous esp\u00e9rez \u00e9galement que l'amour viendra et que vous souhaitez am\u00e9liorer vos relations, pourquoi ne pas choisir un cristal rose qui vous pla\u00eet ? Laissez sa douce \u00e9nergie ajouter une touche de romantisme \u00e0 votre vie.<\/p>\n<p>Service apr\u00e8s-vente<br \/>\nNous offrons une excellente protection apr\u00e8s-vente. En cas de probl\u00e8mes tels que des cristaux non fabriqu\u00e9s par l'homme qui se fissurent ou tombent apr\u00e8s l'achat, vous pouvez obtenir une r\u00e9paration ou un remplacement gratuit dans un d\u00e9lai d\u00e9termin\u00e9.<\/p>\n<p>Certaines marques proposent \u00e9galement un entretien \u00e0 vie, tel qu'un nettoyage et un polissage r\u00e9guliers, afin de pr\u00e9server la clart\u00e9 et la brillance du cristal.<\/p>\n<p>De plus, nous vous remettrons un certificat d'identification afin de garantir que le produit est un cristal naturel et d'\u00e9viter que de mauvais produits ne se fassent passer pour de bons.<\/p>\n<p>Personnalisation unique<br \/>\nLa personnalisation individuelle r\u00e9pond \u00e0 vos besoins sp\u00e9cifiques. Vous pouvez tout personnaliser, du mat\u00e9riau<\/p>\n<p>pour s'harmoniser avec le style du design. Vous pouvez choisir de combiner le cristal avec de l'or ou de l'argent pour cr\u00e9er des bagues ou des pendentifs uniques.<\/p>\n<p>Vous pouvez \u00e9galement personnaliser les motifs de sculpture en fonction de vos histoires personnelles et sp\u00e9cifier la taille.<\/p>","protected":false},"excerpt":{"rendered":"<p>Pink crystal, also called rose stone, has a soft and lovely pink color. It looks just like the cherry blossoms blooming in spring or the faint blush on a young girl&#8217;s face, making people feel happy at first sight. This charming pink color comes from the trace element titanium inside it, and its unique color [&hellip;]<\/p>","protected":false},"featured_media":1739,"comment_status":"open","ping_status":"closed","template":"","meta":[],"product_brand":[],"product_cat":[41,42],"product_tag":[],"class_list":{"0":"post-1737","1":"product","2":"type-product","3":"status-publish","4":"has-post-thumbnail","6":"product_cat-accessory-crystals","7":"product_cat-pure-color-crystal","9":"first","10":"instock","11":"featured","12":"shipping-taxable","13":"purchasable","14":"product-type-simple"},"_links":{"self":[{"href":"https:\/\/wljk3.com\/fr\/wp-json\/wp\/v2\/product\/1737","targetHints":{"allow":["GET"]}}],"collection":[{"href":"https:\/\/wljk3.com\/fr\/wp-json\/wp\/v2\/product"}],"about":[{"href":"https:\/\/wljk3.com\/fr\/wp-json\/wp\/v2\/types\/product"}],"replies":[{"embeddable":true,"href":"https:\/\/wljk3.com\/fr\/wp-json\/wp\/v2\/comments?post=1737"}],"wp:featuredmedia":[{"embeddable":true,"href":"https:\/\/wljk3.com\/fr\/wp-json\/wp\/v2\/media\/1739"}],"wp:attachment":[{"href":"https:\/\/wljk3.com\/fr\/wp-json\/wp\/v2\/media?parent=1737"}],"wp:term":[{"taxonomy":"product_brand","embeddable":true,"href":"https:\/\/wljk3.com\/fr\/wp-json\/wp\/v2\/product_brand?post=1737"},{"taxonomy":"product_cat","embeddable":true,"href":"https:\/\/wljk3.com\/fr\/wp-json\/wp\/v2\/product_cat?post=1737"},{"taxonomy":"product_tag","embeddable":true,"href":"https:\/\/wljk3.com\/fr\/wp-json\/wp\/v2\/product_tag?post=1737"}],"curies":[{"name":"wp","href":"https:\/\/api.w.org\/{rel}","templated":true}]}}